{"id":2753,"date":"2024-08-07T21:30:59","date_gmt":"2024-08-07T21:30:59","guid":{"rendered":"https:\/\/www.guardiandampremoval.com\/?page_id=2753"},"modified":"2025-03-10T13:22:07","modified_gmt":"2025-03-10T13:22:07","slug":"faq","status":"publish","type":"page","link":"https:\/\/www.guardiandampremoval.com\/de\/faq\/","title":{"rendered":"FAQ"},"content":{"rendered":"<section class=\"l-section wpb_row height_medium\"><div class=\"l-section-h i-cf\"><div class=\"g-cols vc_row via_grid cols_1 laptops-cols_inherit tablets-cols_inherit mobiles-cols_1 valign_top type_default stacking_default\"><div class=\"wpb_column vc_column_container\"><div class=\"vc_column-inner\"><div class=\"wpb_text_column\"><div class=\"wpb_wrapper\"><h2 style=\"text-align: center;\">FAQ<\/h2>\n<\/div><\/div><div class=\"w-separator size_medium\"><\/div><div class=\"g-cols wpb_row via_grid cols_2 laptops-cols_inherit tablets-cols_inherit mobiles-cols_1 valign_top type_default stacking_default\" style=\"--columns-gap:3rem;\"><div class=\"wpb_column vc_column_container\"><div class=\"vc_column-inner\"><div class=\"wpb_text_column\"><div class=\"wpb_wrapper\"><h5>\u00dcber das Ger\u00e4t<\/h5>\n<\/div><\/div><div class=\"w-separator size_small\"><\/div><div class=\"w-tabs style_default switch_click accordion has_scrolling\" style=\"--sections-title-size:inherit\"><div class=\"w-tabs-sections titles-align_none icon_chevron cpos_right\"><div class=\"w-tabs-section\" id=\"ada4\" itemscope itemprop=\"mainEntity\" itemtype=\"https:\/\/schema.org\/Question\"><button class=\"w-tabs-section-header\" aria-controls=\"content-ada4\" aria-expanded=\"false\"><div class=\"w-tabs-section-title\" itemprop=\"name\">Funktioniert es auf allen Arten von W\u00e4nden (Untergr\u00fcnden)?<\/div><div class=\"w-tabs-section-control\"><\/div><\/button><div  class=\"w-tabs-section-content\" id=\"content-ada4\" itemscope itemprop=\"acceptedAnswer\" itemtype=\"https:\/\/schema.org\/Answer\"><div class=\"w-tabs-section-content-h i-cf\" itemprop=\"text\"><div class=\"wpb_text_column\"><div class=\"wpb_wrapper\"><p>Ja, der GUARDIAN Damp Removal arbeitet effektiv durch fast alle Baumaterialien (Gipskarton, Sandstein, Ziegel, Stein, Beton, etc.). Das einzige Material, das ein Problem darstellt, ist Metall - z. B. Metallw\u00e4nde, zahlreiche Metallregale, die W\u00e4nde von K\u00fchlschr\u00e4nken oder Stahlbetonw\u00e4nde mit umfangreichen Metallgeweben. Metallkonstruktionen erzeugen einen Faradayschen K\u00e4fig, der das Signal schw\u00e4cht oder sogar blockiert. Dieses Problem kann durch die Installation zus\u00e4tzlicher Ger\u00e4te in diesem Bereich gel\u00f6st werden - eines auf jeder Seite des Metallhindernisses.<\/p>\n<\/div><\/div><\/div><\/div><\/div><div class=\"w-tabs-section\" id=\"u0c5\" itemscope itemprop=\"mainEntity\" itemtype=\"https:\/\/schema.org\/Question\"><button class=\"w-tabs-section-header\" aria-controls=\"content-u0c5\" aria-expanded=\"false\"><div class=\"w-tabs-section-title\" itemprop=\"name\">Sollten Sie f\u00fcr einen gr\u00f6\u00dferen Bereich au\u00dferhalb der Reichweite des Ger\u00e4ts einfach ein weiteres Ger\u00e4t hinzuf\u00fcgen, um den gesamten Raum abzudecken?<\/div><div class=\"w-tabs-section-control\"><\/div><\/button><div  class=\"w-tabs-section-content\" id=\"content-u0c5\" itemscope itemprop=\"acceptedAnswer\" itemtype=\"https:\/\/schema.org\/Answer\"><div class=\"w-tabs-section-content-h i-cf\" itemprop=\"text\"><div class=\"wpb_text_column\"><div class=\"wpb_wrapper\"><p>Ja, wenn der Bereich gr\u00f6\u00dfer ist als der Arbeitsbereich des Ger\u00e4ts, sollten Sie zus\u00e4tzliche Ger\u00e4te installieren. Bei gr\u00f6\u00dferen Fl\u00e4chen ist es ratsam, mehrere Ger\u00e4te mit k\u00fcrzeren Reichweiten zu verwenden, anstatt ein Ger\u00e4t mit einer gr\u00f6\u00dferen Reichweite. Die Signale von GUARDIAN Damp Removal werden schw\u00e4cher, wenn sie mehrere W\u00e4nde durchdringen, daher ist es empfehlenswert, mehrere Ger\u00e4te zu installieren. Die Verwendung mehrerer Ger\u00e4te schafft ein synergetisches Netzwerk von Signalen.<\/p>\n<\/div><\/div><\/div><\/div><\/div><div class=\"w-tabs-section\" id=\"d391\" itemscope itemprop=\"mainEntity\" itemtype=\"https:\/\/schema.org\/Question\"><button class=\"w-tabs-section-header\" aria-controls=\"content-d391\" aria-expanded=\"false\"><div class=\"w-tabs-section-title\" itemprop=\"name\">Gibt es eine Kosten-Nutzen-Analyse?<\/div><div class=\"w-tabs-section-control\"><\/div><\/button><div  class=\"w-tabs-section-content\" id=\"content-d391\" itemscope itemprop=\"acceptedAnswer\" itemtype=\"https:\/\/schema.org\/Answer\"><div class=\"w-tabs-section-content-h i-cf\" itemprop=\"text\"><div class=\"wpb_text_column\"><div class=\"wpb_wrapper\"><p>Es gibt zwei M\u00f6glichkeiten, Feuchtigkeit in Geb\u00e4uden zu bek\u00e4mpfen: Bauarbeiten, bei denen die W\u00e4nde angebohrt und aufgeschnitten werden, und die Sanierung mit einem GUARDIAN-Feuchtigkeitssanierungsger\u00e4t. Die Kosten f\u00fcr bauliche Ma\u00dfnahmen sind erheblich h\u00f6her, sie stellen einen gro\u00dfen Eingriff in die Bausubstanz dar und sind keine dauerhafte L\u00f6sung. Beh\u00f6rden, die sich mit dem Schutz des kulturellen Erbes und der Erhaltung historischer Geb\u00e4ude befassen, empfehlen diese Methoden nicht, und in einigen F\u00e4llen sind sie sogar verboten.<\/p>\n<\/div><\/div><\/div><\/div><\/div><div class=\"w-tabs-section\" id=\"w61e\" itemscope itemprop=\"mainEntity\" itemtype=\"https:\/\/schema.org\/Question\"><button class=\"w-tabs-section-header\" aria-controls=\"content-w61e\" aria-expanded=\"false\"><div class=\"w-tabs-section-title\" itemprop=\"name\">Hat sie einen Einfluss auf die menschliche Gesundheit?<\/div><div class=\"w-tabs-section-control\"><\/div><\/button><div  class=\"w-tabs-section-content\" id=\"content-w61e\" itemscope itemprop=\"acceptedAnswer\" itemtype=\"https:\/\/schema.org\/Answer\"><div class=\"w-tabs-section-content-h i-cf\" itemprop=\"text\"><div class=\"wpb_text_column\"><div class=\"wpb_wrapper\"><p>Nein, das GUARDIAN-Feuchtigkeitsentfernungsger\u00e4t verbraucht weniger als 1 W Strom. Ein solches Ger\u00e4t mit geringem Stromverbrauch kann keine Auswirkungen auf Menschen, Tiere oder Pflanzen haben. Das Ger\u00e4t wurde von einer benannten Stelle der EG getestet, die dies best\u00e4tigt hat. Allerdings zieht aufsteigende Feuchtigkeit, abgesehen von ihrem unangenehmen Geruch, Bakterien und Pilze in den Raum und erh\u00f6ht die Luftfeuchtigkeit. Langfristige Exposition gegen\u00fcber solchen Bedingungen kann das Immunsystem schw\u00e4chen und zu allergischen Reaktionen, Asthma und anderen Gesundheitsproblemen f\u00fchren. Kinder und \u00e4ltere Menschen sind besonders gef\u00e4hrdet.<\/p>\n<\/div><\/div><\/div><\/div><\/div><div class=\"w-tabs-section\" id=\"p8b9\" itemscope itemprop=\"mainEntity\" itemtype=\"https:\/\/schema.org\/Question\"><button class=\"w-tabs-section-header\" aria-controls=\"content-p8b9\" aria-expanded=\"false\"><div class=\"w-tabs-section-title\" itemprop=\"name\">Warum braucht es eine geerdete Steckdose?<\/div><div class=\"w-tabs-section-control\"><\/div><\/button><div  class=\"w-tabs-section-content\" id=\"content-p8b9\" itemscope itemprop=\"acceptedAnswer\" itemtype=\"https:\/\/schema.org\/Answer\"><div class=\"w-tabs-section-content-h i-cf\" itemprop=\"text\"><div class=\"wpb_text_column\"><div class=\"wpb_wrapper\"><p>Die GUARDIAN-Feuchtigkeitssanierung bek\u00e4mpft die Ursache der aus dem Boden in die W\u00e4nde aufsteigenden Feuchtigkeit. Dies ist auf den Unterschied im elektrischen Potential zwischen den Wasserpartikeln und der Wand zur\u00fcckzuf\u00fchren. Durch den Anschluss des Erdungsdrahtes hat das Ger\u00e4t ein Erdungspotential und sendet drahtlos ein Signal in die W\u00e4nde. Die Erdung \u00fcber ein Erdungsband oder eine Erdungssonde (Stab) ist seit \u00fcber 30 Jahren Standard in der Elektroindustrie.<\/p>\n<\/div><\/div><\/div><\/div><\/div><div class=\"w-tabs-section\" id=\"ib41\" itemscope itemprop=\"mainEntity\" itemtype=\"https:\/\/schema.org\/Question\"><button class=\"w-tabs-section-header\" aria-controls=\"content-ib41\" aria-expanded=\"false\"><div class=\"w-tabs-section-title\" itemprop=\"name\">Wo sammelt das Ger\u00e4t das Wasser? Wie gro\u00df ist das Reservoir?<\/div><div class=\"w-tabs-section-control\"><\/div><\/button><div  class=\"w-tabs-section-content\" id=\"content-ib41\" itemscope itemprop=\"acceptedAnswer\" itemtype=\"https:\/\/schema.org\/Answer\"><div class=\"w-tabs-section-content-h i-cf\" itemprop=\"text\"><div class=\"wpb_text_column\"><div class=\"wpb_wrapper\"><p>Der GUARDIAN Damp Removal sammelt kein Wasser. Er ist kein herk\u00f6mmlicher Luftentfeuchter, der der Luft Wasser entzieht. Stattdessen verhindert der GUARDIAN Damp Removal, dass Wasser aus dem Boden in die W\u00e4nde aufsteigt. Vorhandenes Wasser in den W\u00e4nden kehrt auf demselben Weg in den Boden zur\u00fcck, auf dem es urspr\u00fcnglich aufgestiegen ist - durch die Mikrokapillarporen der Baumaterialien.<\/p>\n<\/div><\/div><\/div><\/div><\/div><div class=\"w-tabs-section\" id=\"ndcb\" itemscope itemprop=\"mainEntity\" itemtype=\"https:\/\/schema.org\/Question\"><button class=\"w-tabs-section-header\" aria-controls=\"content-ndcb\" aria-expanded=\"false\"><div class=\"w-tabs-section-title\" itemprop=\"name\">Wie viel Strom verbraucht er?<\/div><div class=\"w-tabs-section-control\"><\/div><\/button><div  class=\"w-tabs-section-content\" id=\"content-ndcb\" itemscope itemprop=\"acceptedAnswer\" itemtype=\"https:\/\/schema.org\/Answer\"><div class=\"w-tabs-section-content-h i-cf\" itemprop=\"text\"><div class=\"wpb_text_column\"><div class=\"wpb_wrapper\"><p>Die Leistung dieses Ger\u00e4ts betr\u00e4gt weniger als 1 W. Zum Vergleich: Die LED-Gl\u00fchbirne mit der geringsten Leistung hat 3 W. Der GUARDIAN Feuchtigkeitsentferner verbraucht also etwa ein Drittel dieser Leistung und verbraucht etwa 1-2 \u20ac ($1-2) pro Jahr.<\/p>\n<\/div><\/div><\/div><\/div><\/div><div class=\"w-tabs-section\" id=\"jfe4\" itemscope itemprop=\"mainEntity\" itemtype=\"https:\/\/schema.org\/Question\"><button class=\"w-tabs-section-header\" aria-controls=\"content-jfe4\" aria-expanded=\"false\"><div class=\"w-tabs-section-title\" itemprop=\"name\">Was ist die optimale Einbauposition f\u00fcr das Ger\u00e4t?<\/div><div class=\"w-tabs-section-control\"><\/div><\/button><div  class=\"w-tabs-section-content\" id=\"content-jfe4\" itemscope itemprop=\"acceptedAnswer\" itemtype=\"https:\/\/schema.org\/Answer\"><div class=\"w-tabs-section-content-h i-cf\" itemprop=\"text\"><div class=\"wpb_text_column\"><div class=\"wpb_wrapper\"><p>Das Funktionsprinzip des GUARDIAN Damp Removal kann mit der Funktionsweise eines Wi-Fi-Routers verglichen werden. So wie ein Router innerhalb seiner Reichweite drahtlosen Internetzugang bietet, arbeitet der GUARDIAN innerhalb seines Radius, um den Potenzialunterschied zwischen den W\u00e4nden und den Wasserpartikeln aus dem Boden zu beseitigen und so das Aufsteigen von Feuchtigkeit zu verhindern. Das Signal durchdringt alle Baumaterialien innerhalb seiner Reichweite, mit Ausnahme von Metallw\u00e4nden, da es einen Faradayschen K\u00e4fig bildet.<\/p>\n<p>Am besten ist es, das Ger\u00e4t in der Mitte des Raumes zu installieren. Es kann auf einen Tisch oder ein Regal aus Holz oder Kunststoff (jedoch nicht aus Metall) gestellt oder mit den beiden mitgelieferten D\u00fcbeln und Schrauben aus der Verpackung an der Wand befestigt werden. Gr\u00f6\u00dfere Einrichtungen ben\u00f6tigen m\u00f6glicherweise zus\u00e4tzliche Ger\u00e4te oder ein Modell mit st\u00e4rkeren Signalen. Bei Geb\u00e4uden mit Innenw\u00e4nden aus Stahlbeton sind m\u00f6glicherweise mehrere Ger\u00e4te erforderlich, um die W\u00e4nde zu umgehen - ein Ger\u00e4t, um den Bereich vor der Wand abzudecken, und ein weiteres, um den Bereich hinter der Wand abzudecken.<\/p>\n<\/div><\/div><\/div><\/div><\/div><div class=\"w-tabs-section\" id=\"k2e7\" itemscope itemprop=\"mainEntity\" itemtype=\"https:\/\/schema.org\/Question\"><button class=\"w-tabs-section-header\" aria-controls=\"content-k2e7\" aria-expanded=\"false\"><div class=\"w-tabs-section-title\" itemprop=\"name\">Welche Alternativen gibt es zum GUARDIAN Feuchtigkeitsentfernungsger\u00e4t?<\/div><div class=\"w-tabs-section-control\"><\/div><\/button><div  class=\"w-tabs-section-content\" id=\"content-k2e7\" itemscope itemprop=\"acceptedAnswer\" itemtype=\"https:\/\/schema.org\/Answer\"><div class=\"w-tabs-section-content-h i-cf\" itemprop=\"text\"><div class=\"wpb_text_column\"><div class=\"wpb_wrapper\"><p>Es gibt zwei M\u00f6glichkeiten, aufsteigende Feuchtigkeit zu bek\u00e4mpfen: die Verwendung eines elektronischen Ger\u00e4ts zur Beseitigung der Ursache f\u00fcr aufsteigende Feuchtigkeit in den W\u00e4nden oder die Anwendung verschiedener Bauverfahren. Alle bekannten Bauverfahren haben aggressive Auswirkungen auf die strukturelle Integrit\u00e4t des Geb\u00e4udes.<\/p>\n<p><strong>Einspritzung<\/strong> - Diese Methode wird normalerweise nur bei Au\u00dfenw\u00e4nden angewandt. Alle 12 cm werden L\u00f6cher gebohrt, in die eine Mischung injiziert wird, die aufsteigende Feuchtigkeit verhindert. Feuchtigkeit oberhalb dieses Niveaus verbleibt in der Wand. Das injizierte Gemisch ist br\u00fcchig und kann durch nat\u00fcrliche Bodenbewegungen brechen, so dass die Feuchtigkeit wieder aufsteigen kann.<\/p>\n<p><strong>Vertikale Versiegelung<\/strong> - Dabei werden vertikale, wasserdichte Barrieren eingebaut, um kapillar aufsteigende Feuchtigkeit an der Oberfl\u00e4che der Wand zu verhindern. Die Feuchtigkeit bleibt jedoch in der Wand eingeschlossen und kann andere Wege zum Entweichen finden.<\/p>\n<p><strong>Schneiden<\/strong> - Dies ist eine \u00e4u\u00dferst aggressive Methode, die f\u00fcr die strukturelle Integrit\u00e4t eines Geb\u00e4udes gef\u00e4hrlich sein kann. Dabei werden Schnitte in die Bauelemente gemacht und Streifen aus wasserdichtem Material eingef\u00fcgt. Die Enden dieser Materialien werden offen gelassen, denn wenn sie mit Putz oder anderen Materialien abgedeckt w\u00fcrden, k\u00e4me es zu einer \u00dcberbr\u00fcckung, so dass Feuchtigkeit die Barriere \u00fcberwinden k\u00f6nnte.<\/p>\n<p><strong>Entw\u00e4sserung<\/strong> - Um das Geb\u00e4ude herum wird ein Graben ausgehoben, und neben dem Fundament wird eine Entw\u00e4sserungsrinne verlegt. Diese Methode kann aufsteigende Kapillarfeuchtigkeit reduzieren, indem sie die Feuchtigkeitsquelle senkt, aber sie kann die aufsteigende Feuchtigkeit nicht vollst\u00e4ndig ableiten oder beseitigen.<\/p>\n<p><strong>Die Kosten f\u00fcr die Bauarbeiten sind wesentlich h\u00f6her als die Kosten f\u00fcr die Sanierung und den Schutz mit dem GUARDIAN Damp Removal Ger\u00e4t.<\/strong><\/p>\n<\/div><\/div><\/div><\/div><\/div><\/div><\/div><\/div><\/div><div class=\"wpb_column vc_column_container\"><div class=\"vc_column-inner\"><div class=\"wpb_text_column\"><div class=\"wpb_wrapper\"><h5>Garantie<\/h5>\n<\/div><\/div><div class=\"w-separator size_small\"><\/div><div class=\"w-tabs style_default switch_click accordion has_scrolling\" style=\"--sections-title-size:inherit\"><div class=\"w-tabs-sections titles-align_none icon_chevron cpos_right\"><div class=\"w-tabs-section\" id=\"pf0e\"><button class=\"w-tabs-section-header\" aria-controls=\"content-pf0e\" aria-expanded=\"false\"><div class=\"w-tabs-section-title\">Wie lang ist die Garantiezeit?<\/div><div class=\"w-tabs-section-control\"><\/div><\/button><div  class=\"w-tabs-section-content\" id=\"content-pf0e\"><div class=\"w-tabs-section-content-h i-cf\"><div class=\"wpb_text_column\"><div class=\"wpb_wrapper\"><p>Die Garantiezeit betr\u00e4gt 10 Jahre, was f\u00fcr elektronische Ger\u00e4te recht lang ist. Wenn die gr\u00fcne Signal-LED nicht mehr blinkt und die rote LED leuchtet, bedeutet dies, dass das Ger\u00e4t nicht richtig funktioniert. W\u00e4hrend der Garantiezeit werden wir das Ger\u00e4t durch ein neues ersetzen. Bitte beachten Sie, dass wir keine Reparaturen f\u00fcr die Ger\u00e4te anbieten.<\/p>\n<\/div><\/div><\/div><\/div><\/div><div class=\"w-tabs-section\" id=\"f141\"><button class=\"w-tabs-section-header\" aria-controls=\"content-f141\" aria-expanded=\"false\"><div class=\"w-tabs-section-title\">Was geschieht nach Ablauf der Garantiezeit?<\/div><div class=\"w-tabs-section-control\"><\/div><\/button><div  class=\"w-tabs-section-content\" id=\"content-f141\"><div class=\"w-tabs-section-content-h i-cf\"><div class=\"wpb_text_column\"><div class=\"wpb_wrapper\"><p>Wenn nach Ablauf der Garantiezeit die gr\u00fcne LED nicht mehr blinkt und die rote LED aufleuchtet, m\u00fcssen Sie ein neues Ger\u00e4t kaufen. Es ist zwar m\u00f6glich, dass das Ger\u00e4t noch ordnungsgem\u00e4\u00df funktioniert, aber die LED-Lampe ausgefallen ist, aber sicher wissen Sie das nur, wenn an den W\u00e4nden erneut Feuchtigkeitssch\u00e4den auftreten.<\/p>\n<\/div><\/div><\/div><\/div><\/div><div class=\"w-tabs-section\" id=\"j2ef\"><button class=\"w-tabs-section-header\" aria-controls=\"content-j2ef\" aria-expanded=\"false\"><div class=\"w-tabs-section-title\">Wie lange ist die Lebensdauer des Produkts?<\/div><div class=\"w-tabs-section-control\"><\/div><\/button><div  class=\"w-tabs-section-content\" id=\"content-j2ef\"><div class=\"w-tabs-section-content-h i-cf\"><div class=\"wpb_text_column\"><div class=\"wpb_wrapper\"><p>Die Garantie gilt f\u00fcr 10 Jahre, aber das Ger\u00e4t funktioniert auch danach noch. Die typische Garantie f\u00fcr Elektroger\u00e4te betr\u00e4gt beispielsweise 2-5 Jahre, aber sie halten oft viel l\u00e4nger. Eine 10-j\u00e4hrige Garantie ist f\u00fcr Elektroger\u00e4te recht umfangreich.<\/p>\n<\/div><\/div><\/div><\/div><\/div><div class=\"w-tabs-section\" id=\"b488\"><button class=\"w-tabs-section-header\" aria-controls=\"content-b488\" aria-expanded=\"false\"><div class=\"w-tabs-section-title\">Wie k\u00f6nnen wir sie bedienen?<\/div><div class=\"w-tabs-section-control\"><\/div><\/button><div  class=\"w-tabs-section-content\" id=\"content-b488\"><div class=\"w-tabs-section-content-h i-cf\"><div class=\"wpb_text_column\"><div class=\"wpb_wrapper\"><p>Es ist unm\u00f6glich, die GUARDIAN Feuchtigkeitsentfernungsger\u00e4te zu warten. Sie sind f\u00fcr den Betrieb in feuchten Umgebungen ausgelegt, und die gesamte Elektronik ist mit Epoxid versiegelt. Einmal versiegelt, kann das Ger\u00e4t nicht mehr ge\u00f6ffnet werden. W\u00e4hrend der 10-j\u00e4hrigen Garantiezeit erh\u00e4lt der Kunde bei einem technischen Defekt des Ger\u00e4ts einen Ersatz. Das Ger\u00e4t ist mit Selbstkontrollmodulen ausgestattet, und wenn es nicht mehr richtig funktioniert, wird der Kunde benachrichtigt.<\/p>\n<\/div><\/div><\/div><\/div><\/div><\/div><\/div><\/div><\/div><\/div><\/div><\/div><\/div><\/div><\/section><section class=\"l-section wpb_row height_small color_primary with_img parallax_ver\"><div class=\"l-section-img\" role=\"img\" aria-label=\"Bild\" data-img-width=\"1024\" data-img-height=\"729\" style=\"background-image: url(https:\/\/www.guardiandampremoval.com\/wp-content\/uploads\/zelenilo.webp);\"><\/div><div class=\"l-section-h i-cf\"><div class=\"g-cols vc_row via_grid cols_1 laptops-cols_inherit tablets-cols_inherit mobiles-cols_1 valign_middle type_default stacking_default\"><div class=\"wpb_column vc_column_container\"><div class=\"vc_column-inner\"><div class=\"w-actionbox color_primary controls_bottom\"><div class=\"w-actionbox-text\"><h3 class=\"w-actionbox-title\">Sch\u00fctzen Sie Ihre Einrichtung und steigern Sie Ihre Lebensqualit\u00e4t!<\/h3><\/div><div class=\"w-actionbox-controls\"><a class=\"w-btn us-btn-style_2\" style=\"font-size:18px\" href=\"https:\/\/www.guardiandampremoval.com\/de\/shop\/\"><span class=\"w-btn-label\">Besuchen Sie unser Gesch\u00e4ft!<\/span><\/a><\/div><\/div><\/div><\/div><\/div><\/div><\/section>","protected":false},"excerpt":{"rendered":"FAQ About device Does it work on all types of walls (substrates)?Yes, the GUARDIAN Damp Removal operates effectively through almost all construction materials (plasterboard, sandstone, brick, stone, concrete, etc.). The only material that poses a problem is metal\u2014such as metal walls, numerous metal shelves, the walls of refrigerators, or reinforced concrete walls with extensive metal...","protected":false},"author":1,"featured_media":0,"parent":0,"menu_order":0,"comment_status":"closed","ping_status":"closed","template":"","meta":{"footnotes":""},"class_list":["post-2753","page","type-page","status-publish","hentry"],"_links":{"self":[{"href":"https:\/\/www.guardiandampremoval.com\/de\/wp-json\/wp\/v2\/pages\/2753","targetHints":{"allow":["GET"]}}],"collection":[{"href":"https:\/\/www.guardiandampremoval.com\/de\/wp-json\/wp\/v2\/pages"}],"about":[{"href":"https:\/\/www.guardiandampremoval.com\/de\/wp-json\/wp\/v2\/types\/page"}],"author":[{"embeddable":true,"href":"https:\/\/www.guardiandampremoval.com\/de\/wp-json\/wp\/v2\/users\/1"}],"replies":[{"embeddable":true,"href":"https:\/\/www.guardiandampremoval.com\/de\/wp-json\/wp\/v2\/comments?post=2753"}],"version-history":[{"count":21,"href":"https:\/\/www.guardiandampremoval.com\/de\/wp-json\/wp\/v2\/pages\/2753\/revisions"}],"predecessor-version":[{"id":3446,"href":"https:\/\/www.guardiandampremoval.com\/de\/wp-json\/wp\/v2\/pages\/2753\/revisions\/3446"}],"wp:attachment":[{"href":"https:\/\/www.guardiandampremoval.com\/de\/wp-json\/wp\/v2\/media?parent=2753"}],"curies":[{"name":"wp","href":"https:\/\/api.w.org\/{rel}","templated":true}]}}