{"id":2412,"date":"2024-07-30T19:40:40","date_gmt":"2024-07-30T19:40:40","guid":{"rendered":"https:\/\/www.guardiandampremoval.com\/?post_type=product&#038;p=2412"},"modified":"2025-03-10T12:26:22","modified_gmt":"2025-03-10T12:26:22","slug":"guardian-damp-removal-pro-15","status":"publish","type":"product","link":"https:\/\/www.guardiandampremoval.com\/de\/product\/guardian-damp-removal-pro-15\/","title":{"rendered":"GUARDIAN damp removal PRO 15"},"content":{"rendered":"<p>Der Arbeitsradius dieses Modells betr\u00e4gt <strong>15 Meter (49 Fu\u00df)<\/strong> vom Installationspunkt unter \u201cidealen Bedingungen\u201d. Mit \u201cidealen Bedingungen\u201d ist gemeint, dass sich die erste Wand in einer Entfernung von 15 Metern befindet. Da das Signal beim Durchqueren mehrerer W\u00e4nde schw\u00e4cher wird, verringert sich die effektive Entfernung. Daher wird t<strong>ie beste Position f\u00fcr die Installation des Ger\u00e4ts ist in der Mitte der Anlage.<\/strong><\/p>\n<p>Dieses Modell geh\u00f6rt zur PRO-Gruppe, die sich durch st\u00e4rkere Signale auszeichnet und in der Regel f\u00fcr gr\u00f6\u00dfere und \u00f6ffentliche Einrichtungen verwendet wird. Der eingebaute Stundenz\u00e4hler zeigt an, wie lange das Ger\u00e4t ordnungsgem\u00e4\u00df funktioniert hat. Wenn ein Fehler auftritt, wird der Stundenz\u00e4hler angehalten. In Einrichtungen mit hohem Publikumsverkehr ist es wichtig zu wissen, ob das Ger\u00e4t ununterbrochen in Betrieb war oder ob es ausgeschaltet wurde.<\/p>\n<p><strong>Gr\u00f6\u00dfere Einrichtungen ben\u00f6tigen mehrere Ger\u00e4te.<\/strong> Wenn das Geb\u00e4ude Innenw\u00e4nde aus Stahlbeton mit Metallgeflecht hat, kann die Signalbandbreite des Ger\u00e4ts beeintr\u00e4chtigt werden, so dass zus\u00e4tzliche Ger\u00e4te zur \u00dcberbr\u00fcckung der Stahlw\u00e4nde erforderlich sind.<\/p>\n<p><strong>Eine Steckdose mit geerdetem Anschluss ist f\u00fcr eine optimale Leistung unerl\u00e4sslich<\/strong> (der Erdungsdraht muss mit Hilfe von Erdungsst\u00e4ben oder -b\u00e4ndern in Kontakt mit dem Boden sein).<\/p>\n<p>Die W\u00e4nde Ihres Hauses werden trocken sein in <strong>6 bis 12 Monate<\/strong> denn das Ger\u00e4t hilft der Feuchtigkeit, durch dieselben Mikrokapillarporen, durch die sie an den W\u00e4nden hochgestiegen ist, wieder in den Boden zu gelangen.<\/p>\n<p><strong>Der unangenehme Geruch von Feuchtigkeit verschwindet viel fr\u00fcher.<\/strong><\/p>","protected":false},"excerpt":{"rendered":"<p>Der Arbeitsradius dieses Modells betr\u00e4gt 15 Meter ab dem Installationspunkt und ist sowohl f\u00fcr Wohn- als auch f\u00fcr Gesch\u00e4ftsgeb\u00e4ude geeignet.<\/p>","protected":false},"featured_media":2564,"template":"","meta":[],"product_brand":[],"product_cat":[28,30],"product_tag":[],"class_list":{"0":"post-2412","1":"product","2":"type-product","3":"status-publish","4":"has-post-thumbnail","6":"product_cat-guardian-damp-removal","7":"product_cat-pro","9":"first","10":"instock","11":"taxable","12":"shipping-taxable","13":"product-type-variable"},"_links":{"self":[{"href":"https:\/\/www.guardiandampremoval.com\/de\/wp-json\/wp\/v2\/product\/2412","targetHints":{"allow":["GET"]}}],"collection":[{"href":"https:\/\/www.guardiandampremoval.com\/de\/wp-json\/wp\/v2\/product"}],"about":[{"href":"https:\/\/www.guardiandampremoval.com\/de\/wp-json\/wp\/v2\/types\/product"}],"wp:featuredmedia":[{"embeddable":true,"href":"https:\/\/www.guardiandampremoval.com\/de\/wp-json\/wp\/v2\/media\/2564"}],"wp:attachment":[{"href":"https:\/\/www.guardiandampremoval.com\/de\/wp-json\/wp\/v2\/media?parent=2412"}],"wp:term":[{"taxonomy":"product_brand","embeddable":true,"href":"https:\/\/www.guardiandampremoval.com\/de\/wp-json\/wp\/v2\/product_brand?post=2412"},{"taxonomy":"product_cat","embeddable":true,"href":"https:\/\/www.guardiandampremoval.com\/de\/wp-json\/wp\/v2\/product_cat?post=2412"},{"taxonomy":"product_tag","embeddable":true,"href":"https:\/\/www.guardiandampremoval.com\/de\/wp-json\/wp\/v2\/product_tag?post=2412"}],"curies":[{"name":"wp","href":"https:\/\/api.w.org\/{rel}","templated":true}]}}