{"id":2603,"date":"2024-08-03T21:44:09","date_gmt":"2024-08-03T21:44:09","guid":{"rendered":"https:\/\/www.guardiandampremoval.com\/?post_type=product&#038;p=2603"},"modified":"2025-03-10T12:26:59","modified_gmt":"2025-03-10T12:26:59","slug":"guardian-damp-removal-pro-25","status":"publish","type":"product","link":"https:\/\/www.guardiandampremoval.com\/de\/product\/guardian-damp-removal-pro-25\/","title":{"rendered":"GUARDIAN damp removal PRO 25"},"content":{"rendered":"<p>Der Arbeitsradius dieses Modells betr\u00e4gt<strong> 25 Meter (82 Fu\u00df)<\/strong> vom Installationspunkt unter \u201cidealen Bedingungen\u201d. Bei \u201cidealen Bedingungen\u201d wird davon ausgegangen, dass sich die erste Wand in einer Entfernung von 25 Metern befindet. Da das Signal beim Durchqueren mehrerer W\u00e4nde schw\u00e4cher wird, verringert sich die effektive Entfernung, so dass t<strong>ie beste Position f\u00fcr die Installation des Ger\u00e4ts ist in der Mitte der Anlage.<\/strong><\/p>\n<p>Dieses Modell ist das st\u00e4rkste in der PRO-Serie und wird am h\u00e4ufigsten f\u00fcr sehr gro\u00dfe und \u00f6ffentliche Einrichtungen verwendet. Der eingebaute Stundenz\u00e4hler zeigt an, wie lange das Ger\u00e4t ordnungsgem\u00e4\u00df funktioniert hat. Wenn ein Fehler auftritt, wird der Stundenz\u00e4hler angehalten. In Einrichtungen mit hoher Personalfluktuation ist es wichtig zu wissen, ob das Ger\u00e4t ununterbrochen in Betrieb war oder ob es jemand ausgeschaltet hat.<\/p>\n<p><strong>Gr\u00f6\u00dfere Einrichtungen ben\u00f6tigen m\u00f6glicherweise mehrere Ger\u00e4te.<\/strong> Wenn das Geb\u00e4ude Innenw\u00e4nde aus Stahlbeton mit Metallgeflecht hat, kann die Wirksamkeit des Ger\u00e4ts reduziert werden, so dass zus\u00e4tzliche Ger\u00e4te zur \u00dcberbr\u00fcckung der Stahlw\u00e4nde installiert werden m\u00fcssen.<\/p>\n<p><strong>Eine Steckdose mit geerdetem Anschluss ist f\u00fcr optimale Ergebnisse unerl\u00e4sslich<\/strong> (der Erdungsdraht muss mit Hilfe von Erdungssonden, -st\u00e4ben oder -b\u00e4ndern in Kontakt mit dem Boden sein).<\/p>\n<p>Die W\u00e4nde Ihres Hauses werden innerhalb von drei Tagen trocken sein. <strong>6 bis 12 Monate<\/strong> Das Ger\u00e4t bewirkt, dass die Feuchtigkeit in den Boden zur\u00fcckkehrt, \u00e4hnlich wie sie in den Mauern aufgestiegen ist - durch die Mikrokapillarporen der Mauern.<\/p>\n<p><strong>Der unangenehme Geruch von Feuchtigkeit wird sich viel schneller verfl\u00fcchtigen.<\/strong><\/p>","protected":false},"excerpt":{"rendered":"<p>Der Arbeitsradius dieses Modells betr\u00e4gt 25 Meter ab dem Installationspunkt und wird haupts\u00e4chlich f\u00fcr gewerbliche Geb\u00e4ude verwendet.<\/p>","protected":false},"featured_media":2564,"template":"","meta":[],"product_brand":[],"product_cat":[28,30],"product_tag":[],"class_list":{"0":"post-2603","1":"product","2":"type-product","3":"status-publish","4":"has-post-thumbnail","6":"product_cat-guardian-damp-removal","7":"product_cat-pro","9":"first","10":"instock","11":"taxable","12":"shipping-taxable","13":"product-type-variable"},"_links":{"self":[{"href":"https:\/\/www.guardiandampremoval.com\/de\/wp-json\/wp\/v2\/product\/2603","targetHints":{"allow":["GET"]}}],"collection":[{"href":"https:\/\/www.guardiandampremoval.com\/de\/wp-json\/wp\/v2\/product"}],"about":[{"href":"https:\/\/www.guardiandampremoval.com\/de\/wp-json\/wp\/v2\/types\/product"}],"wp:featuredmedia":[{"embeddable":true,"href":"https:\/\/www.guardiandampremoval.com\/de\/wp-json\/wp\/v2\/media\/2564"}],"wp:attachment":[{"href":"https:\/\/www.guardiandampremoval.com\/de\/wp-json\/wp\/v2\/media?parent=2603"}],"wp:term":[{"taxonomy":"product_brand","embeddable":true,"href":"https:\/\/www.guardiandampremoval.com\/de\/wp-json\/wp\/v2\/product_brand?post=2603"},{"taxonomy":"product_cat","embeddable":true,"href":"https:\/\/www.guardiandampremoval.com\/de\/wp-json\/wp\/v2\/product_cat?post=2603"},{"taxonomy":"product_tag","embeddable":true,"href":"https:\/\/www.guardiandampremoval.com\/de\/wp-json\/wp\/v2\/product_tag?post=2603"}],"curies":[{"name":"wp","href":"https:\/\/api.w.org\/{rel}","templated":true}]}}