{"id":2753,"date":"2024-08-07T21:30:59","date_gmt":"2024-08-07T21:30:59","guid":{"rendered":"https:\/\/www.guardiandampremoval.com\/?page_id=2753"},"modified":"2025-03-10T13:22:07","modified_gmt":"2025-03-10T13:22:07","slug":"faq","status":"publish","type":"page","link":"https:\/\/www.guardiandampremoval.com\/fr\/faq\/","title":{"rendered":"FAQ"},"content":{"rendered":"<section class=\"l-section wpb_row height_medium\"><div class=\"l-section-h i-cf\"><div class=\"g-cols vc_row via_grid cols_1 laptops-cols_inherit tablets-cols_inherit mobiles-cols_1 valign_top type_default stacking_default\"><div class=\"wpb_column vc_column_container\"><div class=\"vc_column-inner\"><div class=\"wpb_text_column\"><div class=\"wpb_wrapper\"><h2 style=\"text-align: center;\">FAQ<\/h2>\n<\/div><\/div><div class=\"w-separator size_medium\"><\/div><div class=\"g-cols wpb_row via_grid cols_2 laptops-cols_inherit tablets-cols_inherit mobiles-cols_1 valign_top type_default stacking_default\" style=\"--columns-gap:3rem;\"><div class=\"wpb_column vc_column_container\"><div class=\"vc_column-inner\"><div class=\"wpb_text_column\"><div class=\"wpb_wrapper\"><h5>\u00c0 propos de l'appareil<\/h5>\n<\/div><\/div><div class=\"w-separator size_small\"><\/div><div class=\"w-tabs style_default switch_click accordion has_scrolling\" style=\"--sections-title-size:inherit\"><div class=\"w-tabs-sections titles-align_none icon_chevron cpos_right\"><div class=\"w-tabs-section\" id=\"t8f2\" itemscope itemprop=\"mainEntity\" itemtype=\"https:\/\/schema.org\/Question\"><button class=\"w-tabs-section-header\" aria-controls=\"content-t8f2\" aria-expanded=\"false\"><div class=\"w-tabs-section-title\" itemprop=\"name\">Fonctionne-t-il sur tous les types de murs (substrats) ?<\/div><div class=\"w-tabs-section-control\"><\/div><\/button><div  class=\"w-tabs-section-content\" id=\"content-t8f2\" itemscope itemprop=\"acceptedAnswer\" itemtype=\"https:\/\/schema.org\/Answer\"><div class=\"w-tabs-section-content-h i-cf\" itemprop=\"text\"><div class=\"wpb_text_column\"><div class=\"wpb_wrapper\"><p>Oui, le syst\u00e8me d'\u00e9limination de l'humidit\u00e9 GUARDIAN fonctionne efficacement dans presque tous les mat\u00e9riaux de construction (placopl\u00e2tre, gr\u00e8s, brique, pierre, b\u00e9ton, etc.). Le seul mat\u00e9riau qui pose probl\u00e8me est le m\u00e9tal - comme les murs m\u00e9talliques, les nombreuses \u00e9tag\u00e8res m\u00e9talliques, les parois des r\u00e9frig\u00e9rateurs ou les murs en b\u00e9ton arm\u00e9 avec un important treillis m\u00e9tallique. Les constructions m\u00e9talliques cr\u00e9ent un effet de cage de Faraday qui affaiblit ou m\u00eame bloque le signal. Ce probl\u00e8me peut \u00eatre r\u00e9solu en installant des appareils suppl\u00e9mentaires dans la zone, un de chaque c\u00f4t\u00e9 de l'obstacle m\u00e9tallique.<\/p>\n<\/div><\/div><\/div><\/div><\/div><div class=\"w-tabs-section\" id=\"oa9c\" itemscope itemprop=\"mainEntity\" itemtype=\"https:\/\/schema.org\/Question\"><button class=\"w-tabs-section-header\" aria-controls=\"content-oa9c\" aria-expanded=\"false\"><div class=\"w-tabs-section-title\" itemprop=\"name\">Pour une zone plus \u00e9tendue d\u00e9passant la port\u00e9e de l'appareil, il suffit d'ajouter un autre appareil pour couvrir l'ensemble de l'espace.<\/div><div class=\"w-tabs-section-control\"><\/div><\/button><div  class=\"w-tabs-section-content\" id=\"content-oa9c\" itemscope itemprop=\"acceptedAnswer\" itemtype=\"https:\/\/schema.org\/Answer\"><div class=\"w-tabs-section-content-h i-cf\" itemprop=\"text\"><div class=\"wpb_text_column\"><div class=\"wpb_wrapper\"><p>Oui, si la zone est plus grande que la port\u00e9e de l'appareil, vous devez installer des appareils suppl\u00e9mentaires. Pour les grandes surfaces, il est conseill\u00e9 d'utiliser plusieurs appareils ayant une port\u00e9e plus courte plut\u00f4t qu'un seul appareil ayant une port\u00e9e plus grande. Les signaux de d\u00e9shumidification GUARDIAN s'affaiblissent lorsqu'ils traversent plusieurs murs, c'est pourquoi il est recommand\u00e9 d'installer plus d'appareils. L'utilisation de plusieurs appareils cr\u00e9e un r\u00e9seau synergique de signaux.<\/p>\n<\/div><\/div><\/div><\/div><\/div><div class=\"w-tabs-section\" id=\"rc2f\" itemscope itemprop=\"mainEntity\" itemtype=\"https:\/\/schema.org\/Question\"><button class=\"w-tabs-section-header\" aria-controls=\"content-rc2f\" aria-expanded=\"false\"><div class=\"w-tabs-section-title\" itemprop=\"name\">Existe-t-il une analyse co\u00fbt-b\u00e9n\u00e9fice ?<\/div><div class=\"w-tabs-section-control\"><\/div><\/button><div  class=\"w-tabs-section-content\" id=\"content-rc2f\" itemscope itemprop=\"acceptedAnswer\" itemtype=\"https:\/\/schema.org\/Answer\"><div class=\"w-tabs-section-content-h i-cf\" itemprop=\"text\"><div class=\"wpb_text_column\"><div class=\"wpb_wrapper\"><p>Il existe deux fa\u00e7ons de traiter l'humidit\u00e9 dans les b\u00e2timents : les travaux de construction, qui impliquent de percer et de d\u00e9couper les murs, et l'assainissement \u00e0 l'aide d'un appareil de d\u00e9shumidification GUARDIAN. Le co\u00fbt des travaux de construction est consid\u00e9rablement plus \u00e9lev\u00e9, ils sont tr\u00e8s intrusifs pour la structure du b\u00e2timent et ne constituent pas une solution permanente. Les autorit\u00e9s charg\u00e9es de la protection du patrimoine culturel et de la pr\u00e9servation des b\u00e2timents historiques ne recommandent pas ces m\u00e9thodes et, dans certains cas, elles sont m\u00eame interdites.<\/p>\n<\/div><\/div><\/div><\/div><\/div><div class=\"w-tabs-section\" id=\"fdb9\" itemscope itemprop=\"mainEntity\" itemtype=\"https:\/\/schema.org\/Question\"><button class=\"w-tabs-section-header\" aria-controls=\"content-fdb9\" aria-expanded=\"false\"><div class=\"w-tabs-section-title\" itemprop=\"name\">A-t-elle une influence sur la sant\u00e9 humaine ?<\/div><div class=\"w-tabs-section-control\"><\/div><\/button><div  class=\"w-tabs-section-content\" id=\"content-fdb9\" itemscope itemprop=\"acceptedAnswer\" itemtype=\"https:\/\/schema.org\/Answer\"><div class=\"w-tabs-section-content-h i-cf\" itemprop=\"text\"><div class=\"wpb_text_column\"><div class=\"wpb_wrapper\"><p>Non, l'appareil de d\u00e9shumidification GUARDIAN consomme moins de 1W. Un appareil d'une telle puissance ne peut avoir aucun impact sur les personnes, les animaux ou les plantes. L'appareil a \u00e9t\u00e9 test\u00e9 par un organisme notifi\u00e9 de la CE, qui l'a confirm\u00e9. Cependant, l'humidit\u00e9 ascendante, outre son odeur d\u00e9sagr\u00e9able, attire les bact\u00e9ries et les champignons dans l'espace et augmente l'humidit\u00e9 atmosph\u00e9rique. Une exposition prolong\u00e9e \u00e0 de telles conditions peut affaiblir le syst\u00e8me immunitaire et entra\u00eener des r\u00e9actions allergiques, de l'asthme et d'autres probl\u00e8mes de sant\u00e9. Les enfants et les personnes \u00e2g\u00e9es sont particuli\u00e8rement expos\u00e9s.<\/p>\n<\/div><\/div><\/div><\/div><\/div><div class=\"w-tabs-section\" id=\"xf3d\" itemscope itemprop=\"mainEntity\" itemtype=\"https:\/\/schema.org\/Question\"><button class=\"w-tabs-section-header\" aria-controls=\"content-xf3d\" aria-expanded=\"false\"><div class=\"w-tabs-section-title\" itemprop=\"name\">Pourquoi faut-il une prise de terre ?<\/div><div class=\"w-tabs-section-control\"><\/div><\/button><div  class=\"w-tabs-section-content\" id=\"content-xf3d\" itemscope itemprop=\"acceptedAnswer\" itemtype=\"https:\/\/schema.org\/Answer\"><div class=\"w-tabs-section-content-h i-cf\" itemprop=\"text\"><div class=\"wpb_text_column\"><div class=\"wpb_wrapper\"><p>L'\u00e9limination de l'humidit\u00e9 GUARDIAN s'attaque \u00e0 la cause de la remont\u00e9e de l'humidit\u00e9 du sol dans les murs. Cela est d\u00fb \u00e0 la diff\u00e9rence de potentiel \u00e9lectrique entre les particules d'eau et le mur. En connectant le fil de mise \u00e0 la terre, l'appareil a un potentiel de mise \u00e0 la terre et \u00e9met un signal sans fil dans les murs. La mise \u00e0 la terre \u00e0 l'aide d'une bande ou d'une sonde de mise \u00e0 la terre (tige) est une pratique courante dans l'industrie \u00e9lectrique depuis plus de 30 ans.<\/p>\n<\/div><\/div><\/div><\/div><\/div><div class=\"w-tabs-section\" id=\"b0ad\" itemscope itemprop=\"mainEntity\" itemtype=\"https:\/\/schema.org\/Question\"><button class=\"w-tabs-section-header\" aria-controls=\"content-b0ad\" aria-expanded=\"false\"><div class=\"w-tabs-section-title\" itemprop=\"name\">O\u00f9 l'appareil recueille-t-il l'eau ? Quelle est la taille du r\u00e9servoir ?<\/div><div class=\"w-tabs-section-control\"><\/div><\/button><div  class=\"w-tabs-section-content\" id=\"content-b0ad\" itemscope itemprop=\"acceptedAnswer\" itemtype=\"https:\/\/schema.org\/Answer\"><div class=\"w-tabs-section-content-h i-cf\" itemprop=\"text\"><div class=\"wpb_text_column\"><div class=\"wpb_wrapper\"><p>Le GUARDIAN Damp Removal ne recueille pas d'eau. Il ne s'agit pas d'un d\u00e9shumidificateur traditionnel qui extrait l'eau de l'air. Au contraire, le syst\u00e8me GUARDIAN emp\u00eache l'eau de remonter du sol vers les murs, et toute l'eau pr\u00e9sente dans les murs commence \u00e0 retourner au sol de la m\u00eame mani\u00e8re qu'elle est remont\u00e9e \u00e0 l'origine - par les pores microcapillaires des mat\u00e9riaux de construction.<\/p>\n<\/div><\/div><\/div><\/div><\/div><div class=\"w-tabs-section\" id=\"d228\" itemscope itemprop=\"mainEntity\" itemtype=\"https:\/\/schema.org\/Question\"><button class=\"w-tabs-section-header\" aria-controls=\"content-d228\" aria-expanded=\"false\"><div class=\"w-tabs-section-title\" itemprop=\"name\">Quelle est la consommation d'\u00e9lectricit\u00e9 ?<\/div><div class=\"w-tabs-section-control\"><\/div><\/button><div  class=\"w-tabs-section-content\" id=\"content-d228\" itemscope itemprop=\"acceptedAnswer\" itemtype=\"https:\/\/schema.org\/Answer\"><div class=\"w-tabs-section-content-h i-cf\" itemprop=\"text\"><div class=\"wpb_text_column\"><div class=\"wpb_wrapper\"><p>La puissance de cet appareil est inf\u00e9rieure \u00e0 1W. \u00c0 titre de comparaison, l'ampoule LED la moins puissante est de 3 W. Le syst\u00e8me GUARDIAN d'\u00e9limination de l'humidit\u00e9 utilise donc environ un tiers de cette puissance et consomme approximativement 1 \u00e0 2 \u20ac ($1-2) par an.<\/p>\n<\/div><\/div><\/div><\/div><\/div><div class=\"w-tabs-section\" id=\"c3e1\" itemscope itemprop=\"mainEntity\" itemtype=\"https:\/\/schema.org\/Question\"><button class=\"w-tabs-section-header\" aria-controls=\"content-c3e1\" aria-expanded=\"false\"><div class=\"w-tabs-section-title\" itemprop=\"name\">Quelle est la position optimale pour installer le dispositif ?<\/div><div class=\"w-tabs-section-control\"><\/div><\/button><div  class=\"w-tabs-section-content\" id=\"content-c3e1\" itemscope itemprop=\"acceptedAnswer\" itemtype=\"https:\/\/schema.org\/Answer\"><div class=\"w-tabs-section-content-h i-cf\" itemprop=\"text\"><div class=\"wpb_text_column\"><div class=\"wpb_wrapper\"><p>Le principe de fonctionnement du GUARDIAN peut \u00eatre compar\u00e9 \u00e0 celui d'un routeur Wi-Fi. Tout comme un routeur fournit l'Internet sans fil dans son rayon d'action, le GUARDIAN travaille dans son rayon d'action pour \u00e9liminer la diff\u00e9rence de potentiel entre les murs et les particules d'eau du sol, stoppant ainsi la progression de l'humidit\u00e9 ascendante. Le signal traverse tous les mat\u00e9riaux de construction dans son rayon d'action, \u00e0 l'exception des murs m\u00e9talliques, en raison de la formation d'une cage de Faraday.<\/p>\n<p>La meilleure pratique consiste \u00e0 installer l'appareil au centre de la zone. Il peut \u00eatre plac\u00e9 sur une table ou une \u00e9tag\u00e8re en bois ou en plastique (mais pas en m\u00e9tal), ou fix\u00e9 au mur \u00e0 l'aide des deux chevilles et vis fournies dans la bo\u00eete. Les installations plus grandes peuvent n\u00e9cessiter des dispositifs suppl\u00e9mentaires ou un mod\u00e8le avec des signaux plus puissants. Pour les b\u00e2timents dot\u00e9s de murs internes en b\u00e9ton arm\u00e9, il peut \u00eatre n\u00e9cessaire d'installer plus d'appareils pour contourner les murs - un appareil pour couvrir la zone avant le mur et un autre pour couvrir la zone apr\u00e8s le mur.<\/p>\n<\/div><\/div><\/div><\/div><\/div><div class=\"w-tabs-section\" id=\"x63d\" itemscope itemprop=\"mainEntity\" itemtype=\"https:\/\/schema.org\/Question\"><button class=\"w-tabs-section-header\" aria-controls=\"content-x63d\" aria-expanded=\"false\"><div class=\"w-tabs-section-title\" itemprop=\"name\">Quelles sont les alternatives au dispositif GUARDIAN Damp Removal ?<\/div><div class=\"w-tabs-section-control\"><\/div><\/button><div  class=\"w-tabs-section-content\" id=\"content-x63d\" itemscope itemprop=\"acceptedAnswer\" itemtype=\"https:\/\/schema.org\/Answer\"><div class=\"w-tabs-section-content-h i-cf\" itemprop=\"text\"><div class=\"wpb_text_column\"><div class=\"wpb_wrapper\"><p>Il existe deux solutions possibles pour lutter contre les remont\u00e9es d'humidit\u00e9 : utiliser un dispositif \u00e9lectronique pour \u00e9liminer la cause des remont\u00e9es d'humidit\u00e9 dans les murs, ou recourir \u00e0 diverses m\u00e9thodes de construction. Toutes les m\u00e9thodes de construction connues ont un impact agressif sur l'int\u00e9grit\u00e9 structurelle du b\u00e2timent.<\/p>\n<p><strong>Injection<\/strong> - Cette m\u00e9thode n'est g\u00e9n\u00e9ralement appliqu\u00e9e qu'aux murs ext\u00e9rieurs. Des trous sont perc\u00e9s tous les 12 cm, dans lesquels un m\u00e9lange est inject\u00e9 pour emp\u00eacher les remont\u00e9es d'humidit\u00e9. L'humidit\u00e9 au-dessus de ce niveau reste dans le mur. Le m\u00e9lange inject\u00e9 est fragile et peut se briser sous l'effet des mouvements naturels du sol, ce qui peut permettre \u00e0 l'humidit\u00e9 de recommencer \u00e0 monter.<\/p>\n<p><strong>Scellement vertical<\/strong> - Il s'agit d'installer des barri\u00e8res verticales \u00e9tanches pour emp\u00eacher les remont\u00e9es capillaires d'humidit\u00e9 \u00e0 la surface du mur. Cependant, l'humidit\u00e9 reste pi\u00e9g\u00e9e dans le mur et peut trouver d'autres moyens de s'\u00e9chapper.<\/p>\n<p><strong>D\u00e9coupage<\/strong> - Il s'agit d'une m\u00e9thode extr\u00eamement agressive qui peut \u00eatre dangereuse pour l'int\u00e9grit\u00e9 structurelle d'un b\u00e2timent. Elle consiste \u00e0 faire des entailles dans les \u00e9l\u00e9ments de construction et \u00e0 y ins\u00e9rer des bandes de mat\u00e9riaux imperm\u00e9ables. Les extr\u00e9mit\u00e9s de ces mat\u00e9riaux sont laiss\u00e9es apparentes, car si elles \u00e9taient recouvertes de pl\u00e2tre ou d'autres mat\u00e9riaux, des ponts se formeraient, permettant \u00e0 l'humidit\u00e9 de contourner la barri\u00e8re.<\/p>\n<p><strong>Drainage<\/strong> - Une tranch\u00e9e est creus\u00e9e autour du b\u00e2timent et un canal de drainage est install\u00e9 \u00e0 c\u00f4t\u00e9 des fondations. Cette m\u00e9thode permet de r\u00e9duire les remont\u00e9es capillaires en diminuant la source d'humidit\u00e9, mais elle ne permet pas de drainer compl\u00e8tement les remont\u00e9es d'humidit\u00e9 ni d'y rem\u00e9dier.<\/p>\n<p><strong>Le co\u00fbt des travaux de construction est consid\u00e9rablement plus \u00e9lev\u00e9 que le co\u00fbt de l'assainissement et de la protection \u00e0 l'aide de l'appareil de suppression de l'humidit\u00e9 GUARDIAN.<\/strong><\/p>\n<\/div><\/div><\/div><\/div><\/div><\/div><\/div><\/div><\/div><div class=\"wpb_column vc_column_container\"><div class=\"vc_column-inner\"><div class=\"wpb_text_column\"><div class=\"wpb_wrapper\"><h5>Garantie<\/h5>\n<\/div><\/div><div class=\"w-separator size_small\"><\/div><div class=\"w-tabs style_default switch_click accordion has_scrolling\" style=\"--sections-title-size:inherit\"><div class=\"w-tabs-sections titles-align_none icon_chevron cpos_right\"><div class=\"w-tabs-section\" id=\"ude6\"><button class=\"w-tabs-section-header\" aria-controls=\"content-ude6\" aria-expanded=\"false\"><div class=\"w-tabs-section-title\">Quelle est la dur\u00e9e de la p\u00e9riode de garantie ?<\/div><div class=\"w-tabs-section-control\"><\/div><\/button><div  class=\"w-tabs-section-content\" id=\"content-ude6\"><div class=\"w-tabs-section-content-h i-cf\"><div class=\"wpb_text_column\"><div class=\"wpb_wrapper\"><p>La p\u00e9riode de garantie est de 10 ans, ce qui est assez long pour des appareils \u00e9lectroniques. Si le voyant vert cesse de clignoter et que le voyant rouge s'allume, cela signifie que l'appareil ne fonctionne pas correctement. Pendant la p\u00e9riode de garantie, nous remplacerons l'appareil par un nouveau. Veuillez noter que nous ne proposons pas de r\u00e9parations pour les appareils.<\/p>\n<\/div><\/div><\/div><\/div><\/div><div class=\"w-tabs-section\" id=\"tf82\"><button class=\"w-tabs-section-header\" aria-controls=\"content-tf82\" aria-expanded=\"false\"><div class=\"w-tabs-section-title\">Que se passe-t-il apr\u00e8s la fin de la p\u00e9riode de garantie ?<\/div><div class=\"w-tabs-section-control\"><\/div><\/button><div  class=\"w-tabs-section-content\" id=\"content-tf82\"><div class=\"w-tabs-section-content-h i-cf\"><div class=\"wpb_text_column\"><div class=\"wpb_wrapper\"><p>Apr\u00e8s la p\u00e9riode de garantie, si le voyant vert cesse de clignoter et que le voyant rouge s'allume, vous devrez acheter un autre appareil. Il est possible que l'appareil fonctionne encore correctement mais que la lampe LED soit d\u00e9fectueuse, mais vous n'en aurez la certitude que si des dommages dus \u00e0 l'humidit\u00e9 r\u00e9apparaissent sur les murs.<\/p>\n<\/div><\/div><\/div><\/div><\/div><div class=\"w-tabs-section\" id=\"b102\"><button class=\"w-tabs-section-header\" aria-controls=\"content-b102\" aria-expanded=\"false\"><div class=\"w-tabs-section-title\">Quelle est la dur\u00e9e de vie du produit ?<\/div><div class=\"w-tabs-section-control\"><\/div><\/button><div  class=\"w-tabs-section-content\" id=\"content-b102\"><div class=\"w-tabs-section-content-h i-cf\"><div class=\"wpb_text_column\"><div class=\"wpb_wrapper\"><p>La garantie est de 10 ans, mais l'appareil continuera \u00e0 fonctionner au-del\u00e0 de cette p\u00e9riode. Par exemple, la garantie typique des appareils \u00e9lectriques est de 2 \u00e0 5 ans, mais ils durent souvent beaucoup plus longtemps. Une garantie de 10 ans est tr\u00e8s \u00e9tendue pour les appareils \u00e9lectriques.<\/p>\n<\/div><\/div><\/div><\/div><\/div><div class=\"w-tabs-section\" id=\"u28c\"><button class=\"w-tabs-section-header\" aria-controls=\"content-u28c\" aria-expanded=\"false\"><div class=\"w-tabs-section-title\">Comment l'entretenir ?<\/div><div class=\"w-tabs-section-control\"><\/div><\/button><div  class=\"w-tabs-section-content\" id=\"content-u28c\"><div class=\"w-tabs-section-content-h i-cf\"><div class=\"wpb_text_column\"><div class=\"wpb_wrapper\"><p>Il est impossible de r\u00e9parer les appareils d'\u00e9limination de l'humidit\u00e9 GUARDIAN. Ils sont con\u00e7us pour fonctionner dans des environnements humides et tous les composants \u00e9lectroniques sont scell\u00e9s avec de l'\u00e9poxy. Une fois scell\u00e9, l'appareil ne peut pas \u00eatre ouvert. Pendant la p\u00e9riode de garantie de 10 ans, si l'appareil pr\u00e9sente une d\u00e9faillance technique, le client recevra un appareil de remplacement. L'appareil est \u00e9quip\u00e9 de modules d'autocontr\u00f4le, et s'il cesse de fonctionner correctement, le client en est inform\u00e9.<\/p>\n<\/div><\/div><\/div><\/div><\/div><\/div><\/div><\/div><\/div><\/div><\/div><\/div><\/div><\/div><\/section><section class=\"l-section wpb_row height_small color_primary with_img parallax_ver\"><div class=\"l-section-img\" role=\"img\" aria-label=\"Image\" data-img-width=\"1024\" data-img-height=\"729\" style=\"background-image: url(https:\/\/www.guardiandampremoval.com\/wp-content\/uploads\/zelenilo.webp);\"><\/div><div class=\"l-section-h i-cf\"><div class=\"g-cols vc_row via_grid cols_1 laptops-cols_inherit tablets-cols_inherit mobiles-cols_1 valign_middle type_default stacking_default\"><div class=\"wpb_column vc_column_container\"><div class=\"vc_column-inner\"><div class=\"w-actionbox color_primary controls_bottom\"><div class=\"w-actionbox-text\"><h3 class=\"w-actionbox-title\">Prot\u00e9gez vos installations et am\u00e9liorez votre qualit\u00e9 de vie !<\/h3><\/div><div class=\"w-actionbox-controls\"><a class=\"w-btn us-btn-style_2\" style=\"font-size:18px\" href=\"https:\/\/www.guardiandampremoval.com\/fr\/boutique\/\"><span class=\"w-btn-label\">Visitez notre magasin !<\/span><\/a><\/div><\/div><\/div><\/div><\/div><\/div><\/section>","protected":false},"excerpt":{"rendered":"FAQ About device Does it work on all types of walls (substrates)?Yes, the GUARDIAN Damp Removal operates effectively through almost all construction materials (plasterboard, sandstone, brick, stone, concrete, etc.). The only material that poses a problem is metal\u2014such as metal walls, numerous metal shelves, the walls of refrigerators, or reinforced concrete walls with extensive metal...","protected":false},"author":1,"featured_media":0,"parent":0,"menu_order":0,"comment_status":"closed","ping_status":"closed","template":"","meta":{"footnotes":""},"class_list":["post-2753","page","type-page","status-publish","hentry"],"_links":{"self":[{"href":"https:\/\/www.guardiandampremoval.com\/fr\/wp-json\/wp\/v2\/pages\/2753","targetHints":{"allow":["GET"]}}],"collection":[{"href":"https:\/\/www.guardiandampremoval.com\/fr\/wp-json\/wp\/v2\/pages"}],"about":[{"href":"https:\/\/www.guardiandampremoval.com\/fr\/wp-json\/wp\/v2\/types\/page"}],"author":[{"embeddable":true,"href":"https:\/\/www.guardiandampremoval.com\/fr\/wp-json\/wp\/v2\/users\/1"}],"replies":[{"embeddable":true,"href":"https:\/\/www.guardiandampremoval.com\/fr\/wp-json\/wp\/v2\/comments?post=2753"}],"version-history":[{"count":21,"href":"https:\/\/www.guardiandampremoval.com\/fr\/wp-json\/wp\/v2\/pages\/2753\/revisions"}],"predecessor-version":[{"id":3446,"href":"https:\/\/www.guardiandampremoval.com\/fr\/wp-json\/wp\/v2\/pages\/2753\/revisions\/3446"}],"wp:attachment":[{"href":"https:\/\/www.guardiandampremoval.com\/fr\/wp-json\/wp\/v2\/media?parent=2753"}],"curies":[{"name":"wp","href":"https:\/\/api.w.org\/{rel}","templated":true}]}}