{"id":3256,"date":"2025-01-29T17:42:01","date_gmt":"2025-01-29T17:42:01","guid":{"rendered":"https:\/\/www.guardiandampremoval.com\/?page_id=3256"},"modified":"2026-03-04T13:00:09","modified_gmt":"2026-03-04T13:00:09","slug":"les-references","status":"publish","type":"page","link":"https:\/\/www.guardiandampremoval.com\/fr\/references\/","title":{"rendered":"R\u00e9f\u00e9rences"},"content":{"rendered":"<section class=\"l-section wpb_row height_small\"><div class=\"l-section-h i-cf\"><div class=\"g-cols vc_row via_grid cols_1 laptops-cols_inherit tablets-cols_inherit mobiles-cols_1 valign_top type_default stacking_default\"><div class=\"wpb_column vc_column_container\"><div class=\"vc_column-inner\"><div class=\"wpb_text_column\"><div class=\"wpb_wrapper\"><h1 class=\"text-align-center text-size-20 text-size-32-ns text-weight-700 mb10\" style=\"text-align: center;\">References<\/h1>\n<p style=\"text-align: center;\">Among others, they have placed their trust in us:<\/p>\n<\/div><\/div><\/div><\/div><\/div><\/div><\/section><section class=\"l-section wpb_row height_small\"><div class=\"l-section-h i-cf\"><div class=\"g-cols vc_row via_grid cols_1 laptops-cols_inherit tablets-cols_inherit mobiles-cols_1 valign_top type_default stacking_default\"><div class=\"wpb_column vc_column_container\"><div class=\"vc_column-inner\"><div class=\"w-content-carousel items_3\"><div class=\"owl-carousel valign_stretch dotstyle_diamond navstyle_circle arrows-ver-pos_middle arrows-hor-pos_on_sides_inside arrows-disabled_hide owl-responsive-2000 with_dots with_arrows\" style=\"--items-gap:30px;--transition-duration:350ms;--arrows-size:1.5rem;--arrows-gap:10px;\" onclick=\"return {&quot;aria_labels&quot;:{&quot;prev&quot;:&quot;Pr\\u00e9c\\u00e9dent&quot;,&quot;next&quot;:&quot;Suivant&quot;},&quot;autoplayContinual&quot;:false,&quot;autoplayHoverPause&quot;:false,&quot;autoplayTimeout&quot;:3000,&quot;autoWidth&quot;:false,&quot;smartSpeed&quot;:350,&quot;margin&quot;:30,&quot;mouseDrag&quot;:true,&quot;rtl&quot;:false,&quot;slideBy&quot;:&quot;1&quot;,&quot;touchDrag&quot;:true,&quot;slideTransition&quot;:&quot;&quot;,&quot;responsive&quot;:{&quot;0&quot;:{&quot;autoHeight&quot;:true,&quot;autoplay&quot;:true,&quot;autoWidth&quot;:false,&quot;center&quot;:false,&quot;dots&quot;:true,&quot;items&quot;:1,&quot;loop&quot;:true,&quot;nav&quot;:false,&quot;stagePadding&quot;:0,&quot;slideBy&quot;:&quot;1&quot;},&quot;601&quot;:{&quot;autoHeight&quot;:false,&quot;autoplay&quot;:true,&quot;autoWidth&quot;:false,&quot;center&quot;:false,&quot;dots&quot;:true,&quot;items&quot;:3,&quot;loop&quot;:true,&quot;nav&quot;:true,&quot;stagePadding&quot;:0}}}\"><div class=\"w-image align_center\"><div class=\"w-image-h\"><img decoding=\"async\" width=\"246\" height=\"123\" src=\"https:\/\/www.guardiandampremoval.com\/wp-content\/uploads\/rhmk.jpg\" class=\"attachment-large size-large\" alt=\"\" loading=\"eager\" srcset=\"https:\/\/www.guardiandampremoval.com\/wp-content\/uploads\/rhmk.jpg 246w, https:\/\/www.guardiandampremoval.com\/wp-content\/uploads\/rhmk-18x9.jpg 18w, https:\/\/www.guardiandampremoval.com\/wp-content\/uploads\/rhmk-150x75.jpg 150w, https:\/\/www.guardiandampremoval.com\/wp-content\/uploads\/rhmk-200x100.jpg 200w\" sizes=\"(max-width: 246px) 100vw, 246px\" \/><\/div><\/div><div class=\"w-image align_center\"><div class=\"w-image-h\"><img decoding=\"async\" width=\"246\" height=\"123\" src=\"https:\/\/www.guardiandampremoval.com\/wp-content\/uploads\/remisens.jpg\" class=\"attachment-large size-large\" alt=\"\" loading=\"eager\" srcset=\"https:\/\/www.guardiandampremoval.com\/wp-content\/uploads\/remisens.jpg 246w, https:\/\/www.guardiandampremoval.com\/wp-content\/uploads\/remisens-18x9.jpg 18w, https:\/\/www.guardiandampremoval.com\/wp-content\/uploads\/remisens-150x75.jpg 150w, https:\/\/www.guardiandampremoval.com\/wp-content\/uploads\/remisens-200x100.jpg 200w\" sizes=\"(max-width: 246px) 100vw, 246px\" \/><\/div><\/div><div class=\"w-image align_center\"><div class=\"w-image-h\"><img decoding=\"async\" width=\"246\" height=\"123\" src=\"https:\/\/www.guardiandampremoval.com\/wp-content\/uploads\/pliva.jpg\" class=\"attachment-large size-large\" alt=\"\" loading=\"eager\" srcset=\"https:\/\/www.guardiandampremoval.com\/wp-content\/uploads\/pliva.jpg 246w, https:\/\/www.guardiandampremoval.com\/wp-content\/uploads\/pliva-18x9.jpg 18w, https:\/\/www.guardiandampremoval.com\/wp-content\/uploads\/pliva-150x75.jpg 150w, https:\/\/www.guardiandampremoval.com\/wp-content\/uploads\/pliva-200x100.jpg 200w\" sizes=\"(max-width: 246px) 100vw, 246px\" \/><\/div><\/div><div class=\"w-image align_center\"><div class=\"w-image-h\"><img decoding=\"async\" width=\"246\" height=\"123\" src=\"https:\/\/www.guardiandampremoval.com\/wp-content\/uploads\/plava-laguna.jpg\" class=\"attachment-large size-large\" alt=\"\" loading=\"eager\" srcset=\"https:\/\/www.guardiandampremoval.com\/wp-content\/uploads\/plava-laguna.jpg 246w, https:\/\/www.guardiandampremoval.com\/wp-content\/uploads\/plava-laguna-18x9.jpg 18w, https:\/\/www.guardiandampremoval.com\/wp-content\/uploads\/plava-laguna-150x75.jpg 150w, https:\/\/www.guardiandampremoval.com\/wp-content\/uploads\/plava-laguna-200x100.jpg 200w\" sizes=\"(max-width: 246px) 100vw, 246px\" \/><\/div><\/div><div class=\"w-image align_center\"><div class=\"w-image-h\"><img decoding=\"async\" width=\"246\" height=\"123\" src=\"https:\/\/www.guardiandampremoval.com\/wp-content\/uploads\/pbz.jpg\" class=\"attachment-large size-large\" alt=\"\" loading=\"eager\" srcset=\"https:\/\/www.guardiandampremoval.com\/wp-content\/uploads\/pbz.jpg 246w, https:\/\/www.guardiandampremoval.com\/wp-content\/uploads\/pbz-18x9.jpg 18w, https:\/\/www.guardiandampremoval.com\/wp-content\/uploads\/pbz-150x75.jpg 150w, https:\/\/www.guardiandampremoval.com\/wp-content\/uploads\/pbz-200x100.jpg 200w\" sizes=\"(max-width: 246px) 100vw, 246px\" \/><\/div><\/div><div class=\"w-image align_center\"><div class=\"w-image-h\"><img decoding=\"async\" width=\"246\" height=\"123\" src=\"https:\/\/www.guardiandampremoval.com\/wp-content\/uploads\/mgipu.jpg\" class=\"attachment-large size-large\" alt=\"\" loading=\"eager\" srcset=\"https:\/\/www.guardiandampremoval.com\/wp-content\/uploads\/mgipu.jpg 246w, https:\/\/www.guardiandampremoval.com\/wp-content\/uploads\/mgipu-18x9.jpg 18w, https:\/\/www.guardiandampremoval.com\/wp-content\/uploads\/mgipu-150x75.jpg 150w, https:\/\/www.guardiandampremoval.com\/wp-content\/uploads\/mgipu-200x100.jpg 200w\" sizes=\"(max-width: 246px) 100vw, 246px\" \/><\/div><\/div><div class=\"w-image align_center\"><div class=\"w-image-h\"><img decoding=\"async\" width=\"246\" height=\"123\" src=\"https:\/\/www.guardiandampremoval.com\/wp-content\/uploads\/liburnia.jpg\" class=\"attachment-large size-large\" alt=\"\" loading=\"eager\" srcset=\"https:\/\/www.guardiandampremoval.com\/wp-content\/uploads\/liburnia.jpg 246w, https:\/\/www.guardiandampremoval.com\/wp-content\/uploads\/liburnia-18x9.jpg 18w, https:\/\/www.guardiandampremoval.com\/wp-content\/uploads\/liburnia-150x75.jpg 150w, https:\/\/www.guardiandampremoval.com\/wp-content\/uploads\/liburnia-200x100.jpg 200w\" sizes=\"(max-width: 246px) 100vw, 246px\" \/><\/div><\/div><div class=\"w-image align_center\"><div class=\"w-image-h\"><img decoding=\"async\" width=\"246\" height=\"123\" src=\"https:\/\/www.guardiandampremoval.com\/wp-content\/uploads\/koncar.jpg\" class=\"attachment-large size-large\" alt=\"\" loading=\"eager\" srcset=\"https:\/\/www.guardiandampremoval.com\/wp-content\/uploads\/koncar.jpg 246w, https:\/\/www.guardiandampremoval.com\/wp-content\/uploads\/koncar-18x9.jpg 18w, https:\/\/www.guardiandampremoval.com\/wp-content\/uploads\/koncar-150x75.jpg 150w, https:\/\/www.guardiandampremoval.com\/wp-content\/uploads\/koncar-200x100.jpg 200w\" sizes=\"(max-width: 246px) 100vw, 246px\" \/><\/div><\/div><div class=\"w-image align_center\"><div class=\"w-image-h\"><img decoding=\"async\" width=\"246\" height=\"123\" src=\"https:\/\/www.guardiandampremoval.com\/wp-content\/uploads\/hep.jpg\" class=\"attachment-large size-large\" alt=\"\" loading=\"eager\" srcset=\"https:\/\/www.guardiandampremoval.com\/wp-content\/uploads\/hep.jpg 246w, https:\/\/www.guardiandampremoval.com\/wp-content\/uploads\/hep-18x9.jpg 18w, https:\/\/www.guardiandampremoval.com\/wp-content\/uploads\/hep-150x75.jpg 150w, https:\/\/www.guardiandampremoval.com\/wp-content\/uploads\/hep-200x100.jpg 200w\" sizes=\"(max-width: 246px) 100vw, 246px\" \/><\/div><\/div><div class=\"w-image align_center\"><div class=\"w-image-h\"><img decoding=\"async\" width=\"246\" height=\"123\" src=\"https:\/\/www.guardiandampremoval.com\/wp-content\/uploads\/berlitz.jpg\" class=\"attachment-large size-large\" alt=\"\" loading=\"eager\" srcset=\"https:\/\/www.guardiandampremoval.com\/wp-content\/uploads\/berlitz.jpg 246w, https:\/\/www.guardiandampremoval.com\/wp-content\/uploads\/berlitz-18x9.jpg 18w, https:\/\/www.guardiandampremoval.com\/wp-content\/uploads\/berlitz-150x75.jpg 150w, https:\/\/www.guardiandampremoval.com\/wp-content\/uploads\/berlitz-200x100.jpg 200w\" sizes=\"(max-width: 246px) 100vw, 246px\" \/><\/div><\/div><\/div><\/div><\/div><\/div><\/div><\/div><\/section><section class=\"l-section wpb_row height_small\"><div class=\"l-section-h i-cf\"><div class=\"g-cols vc_row via_grid cols_1 laptops-cols_inherit tablets-cols_inherit mobiles-cols_1 valign_top type_default stacking_default\"><div class=\"wpb_column vc_column_container\"><div class=\"vc_column-inner\"><div class=\"w-gallery fit_cover type_mosaic_hor action_popup_image ratio_1x1 count_55\" style=\"--columns:4;--items-gap:10px;--items-height:20cqw;\"><div class=\"w-gallery-list\"><div class=\"w-gallery-item\"><div class=\"w-gallery-item-img\"><img loading=\"lazy\" decoding=\"async\" width=\"800\" height=\"600\" src=\"https:\/\/www.guardiandampremoval.com\/wp-content\/uploads\/sl-brod.jpg\" class=\"attachment-large size-large\" alt=\"\" srcset=\"https:\/\/www.guardiandampremoval.com\/wp-content\/uploads\/sl-brod.jpg 800w, https:\/\/www.guardiandampremoval.com\/wp-content\/uploads\/sl-brod-300x225.jpg 300w, https:\/\/www.guardiandampremoval.com\/wp-content\/uploads\/sl-brod-16x12.jpg 16w, https:\/\/www.guardiandampremoval.com\/wp-content\/uploads\/sl-brod-150x113.jpg 150w, https:\/\/www.guardiandampremoval.com\/wp-content\/uploads\/sl-brod-533x400.jpg 533w, https:\/\/www.guardiandampremoval.com\/wp-content\/uploads\/sl-brod-200x150.jpg 200w, https:\/\/www.guardiandampremoval.com\/wp-content\/uploads\/sl-brod-600x450.jpg 600w\" sizes=\"auto, (max-width: 800px) 100vw, 800px\" \/><\/div><div class=\"w-gallery-item-meta\"><div class=\"w-gallery-item-title\">Slavonski Brod<\/div><\/div><a class=\"w-gallery-item-link\" aria-label=\"Slavonski Brod\" href=\"https:\/\/www.guardiandampremoval.com\/wp-content\/uploads\/sl-brod.jpg\" title=\"Slavonski Brod\"><\/a><\/div><div class=\"w-gallery-item\"><div class=\"w-gallery-item-img\"><img loading=\"lazy\" decoding=\"async\" width=\"800\" height=\"600\" src=\"https:\/\/www.guardiandampremoval.com\/wp-content\/uploads\/mihovljan-2.jpg\" class=\"attachment-large size-large\" alt=\"\" srcset=\"https:\/\/www.guardiandampremoval.com\/wp-content\/uploads\/mihovljan-2.jpg 800w, https:\/\/www.guardiandampremoval.com\/wp-content\/uploads\/mihovljan-2-300x225.jpg 300w, https:\/\/www.guardiandampremoval.com\/wp-content\/uploads\/mihovljan-2-16x12.jpg 16w, https:\/\/www.guardiandampremoval.com\/wp-content\/uploads\/mihovljan-2-150x113.jpg 150w, https:\/\/www.guardiandampremoval.com\/wp-content\/uploads\/mihovljan-2-533x400.jpg 533w, https:\/\/www.guardiandampremoval.com\/wp-content\/uploads\/mihovljan-2-200x150.jpg 200w, https:\/\/www.guardiandampremoval.com\/wp-content\/uploads\/mihovljan-2-600x450.jpg 600w\" sizes=\"auto, (max-width: 800px) 100vw, 800px\" \/><\/div><div class=\"w-gallery-item-meta\"><div class=\"w-gallery-item-title\">Mihovljan<\/div><\/div><a class=\"w-gallery-item-link\" aria-label=\"Mihovljan\" href=\"https:\/\/www.guardiandampremoval.com\/wp-content\/uploads\/mihovljan-2.jpg\" title=\"Mihovljan\"><\/a><\/div><div class=\"w-gallery-item\"><div class=\"w-gallery-item-img\"><img loading=\"lazy\" decoding=\"async\" width=\"768\" height=\"432\" src=\"https:\/\/www.guardiandampremoval.com\/wp-content\/uploads\/radoboj.webp\" class=\"attachment-large size-large\" alt=\"\" srcset=\"https:\/\/www.guardiandampremoval.com\/wp-content\/uploads\/radoboj.webp 768w, https:\/\/www.guardiandampremoval.com\/wp-content\/uploads\/radoboj-300x169.webp 300w, https:\/\/www.guardiandampremoval.com\/wp-content\/uploads\/radoboj-18x10.webp 18w, https:\/\/www.guardiandampremoval.com\/wp-content\/uploads\/radoboj-150x84.webp 150w, https:\/\/www.guardiandampremoval.com\/wp-content\/uploads\/radoboj-600x338.webp 600w, https:\/\/www.guardiandampremoval.com\/wp-content\/uploads\/radoboj-200x113.webp 200w\" sizes=\"auto, (max-width: 768px) 100vw, 768px\" \/><\/div><div class=\"w-gallery-item-meta\"><div class=\"w-gallery-item-title\">Radoboj<\/div><\/div><a class=\"w-gallery-item-link\" aria-label=\"Radoboj\" href=\"https:\/\/www.guardiandampremoval.com\/wp-content\/uploads\/radoboj.webp\" title=\"Radoboj\"><\/a><\/div><div class=\"w-gallery-item\"><div class=\"w-gallery-item-img\"><img loading=\"lazy\" decoding=\"async\" width=\"600\" height=\"800\" src=\"https:\/\/www.guardiandampremoval.com\/wp-content\/uploads\/zagreb.jpg\" class=\"attachment-large size-large\" alt=\"\" srcset=\"https:\/\/www.guardiandampremoval.com\/wp-content\/uploads\/zagreb.jpg 600w, https:\/\/www.guardiandampremoval.com\/wp-content\/uploads\/zagreb-225x300.jpg 225w, https:\/\/www.guardiandampremoval.com\/wp-content\/uploads\/zagreb-9x12.jpg 9w, https:\/\/www.guardiandampremoval.com\/wp-content\/uploads\/zagreb-113x150.jpg 113w, https:\/\/www.guardiandampremoval.com\/wp-content\/uploads\/zagreb-300x400.jpg 300w, https:\/\/www.guardiandampremoval.com\/wp-content\/uploads\/zagreb-150x200.jpg 150w\" sizes=\"auto, (max-width: 600px) 100vw, 600px\" \/><\/div><div class=\"w-gallery-item-meta\"><div class=\"w-gallery-item-title\">Zagreb<\/div><\/div><a class=\"w-gallery-item-link\" aria-label=\"Zagreb\" href=\"https:\/\/www.guardiandampremoval.com\/wp-content\/uploads\/zagreb.jpg\" title=\"Zagreb\"><\/a><\/div><div class=\"w-gallery-item\"><div class=\"w-gallery-item-img\"><img loading=\"lazy\" decoding=\"async\" width=\"800\" height=\"600\" src=\"https:\/\/www.guardiandampremoval.com\/wp-content\/uploads\/Zelelzniki.jpg\" class=\"attachment-large size-large\" alt=\"\" srcset=\"https:\/\/www.guardiandampremoval.com\/wp-content\/uploads\/Zelelzniki.jpg 800w, https:\/\/www.guardiandampremoval.com\/wp-content\/uploads\/Zelelzniki-300x225.jpg 300w, https:\/\/www.guardiandampremoval.com\/wp-content\/uploads\/Zelelzniki-16x12.jpg 16w, https:\/\/www.guardiandampremoval.com\/wp-content\/uploads\/Zelelzniki-150x113.jpg 150w, https:\/\/www.guardiandampremoval.com\/wp-content\/uploads\/Zelelzniki-533x400.jpg 533w, https:\/\/www.guardiandampremoval.com\/wp-content\/uploads\/Zelelzniki-200x150.jpg 200w, https:\/\/www.guardiandampremoval.com\/wp-content\/uploads\/Zelelzniki-600x450.jpg 600w\" sizes=\"auto, (max-width: 800px) 100vw, 800px\" \/><\/div><div class=\"w-gallery-item-meta\"><div class=\"w-gallery-item-title\">\u017delelzniki<\/div><\/div><a class=\"w-gallery-item-link\" aria-label=\"\u017delelzniki\" href=\"https:\/\/www.guardiandampremoval.com\/wp-content\/uploads\/Zelelzniki.jpg\" title=\"\u017delelzniki\"><\/a><\/div><div class=\"w-gallery-item\"><div class=\"w-gallery-item-img\"><img loading=\"lazy\" decoding=\"async\" width=\"800\" height=\"389\" src=\"https:\/\/www.guardiandampremoval.com\/wp-content\/uploads\/klanjec.webp\" class=\"attachment-large size-large\" alt=\"\" srcset=\"https:\/\/www.guardiandampremoval.com\/wp-content\/uploads\/klanjec.webp 800w, https:\/\/www.guardiandampremoval.com\/wp-content\/uploads\/klanjec-300x146.webp 300w, https:\/\/www.guardiandampremoval.com\/wp-content\/uploads\/klanjec-18x9.webp 18w, https:\/\/www.guardiandampremoval.com\/wp-content\/uploads\/klanjec-150x73.webp 150w, https:\/\/www.guardiandampremoval.com\/wp-content\/uploads\/klanjec-600x292.webp 600w, https:\/\/www.guardiandampremoval.com\/wp-content\/uploads\/klanjec-200x97.webp 200w\" sizes=\"auto, (max-width: 800px) 100vw, 800px\" \/><\/div><div class=\"w-gallery-item-meta\"><div class=\"w-gallery-item-title\">Klanjec<\/div><\/div><a class=\"w-gallery-item-link\" aria-label=\"Klanjec\" href=\"https:\/\/www.guardiandampremoval.com\/wp-content\/uploads\/klanjec.webp\" title=\"Klanjec\"><\/a><\/div><div class=\"w-gallery-item\"><div class=\"w-gallery-item-img\"><img loading=\"lazy\" decoding=\"async\" width=\"800\" height=\"422\" src=\"https:\/\/www.guardiandampremoval.com\/wp-content\/uploads\/Opatija.webp\" class=\"attachment-large size-large\" alt=\"\" srcset=\"https:\/\/www.guardiandampremoval.com\/wp-content\/uploads\/Opatija.webp 800w, https:\/\/www.guardiandampremoval.com\/wp-content\/uploads\/Opatija-300x158.webp 300w, https:\/\/www.guardiandampremoval.com\/wp-content\/uploads\/Opatija-18x9.webp 18w, https:\/\/www.guardiandampremoval.com\/wp-content\/uploads\/Opatija-150x79.webp 150w, https:\/\/www.guardiandampremoval.com\/wp-content\/uploads\/Opatija-600x317.webp 600w, https:\/\/www.guardiandampremoval.com\/wp-content\/uploads\/Opatija-200x106.webp 200w\" sizes=\"auto, (max-width: 800px) 100vw, 800px\" \/><\/div><div class=\"w-gallery-item-meta\"><div class=\"w-gallery-item-title\">Opatija<\/div><\/div><a class=\"w-gallery-item-link\" aria-label=\"Opatija\" href=\"https:\/\/www.guardiandampremoval.com\/wp-content\/uploads\/Opatija.webp\" title=\"Opatija\"><\/a><\/div><div class=\"w-gallery-item\"><div class=\"w-gallery-item-img\"><img loading=\"lazy\" decoding=\"async\" width=\"800\" height=\"600\" src=\"https:\/\/www.guardiandampremoval.com\/wp-content\/uploads\/Brezice-1.jpg\" class=\"attachment-large size-large\" alt=\"\" srcset=\"https:\/\/www.guardiandampremoval.com\/wp-content\/uploads\/Brezice-1.jpg 800w, https:\/\/www.guardiandampremoval.com\/wp-content\/uploads\/Brezice-1-300x225.jpg 300w, https:\/\/www.guardiandampremoval.com\/wp-content\/uploads\/Brezice-1-16x12.jpg 16w, https:\/\/www.guardiandampremoval.com\/wp-content\/uploads\/Brezice-1-150x113.jpg 150w, https:\/\/www.guardiandampremoval.com\/wp-content\/uploads\/Brezice-1-533x400.jpg 533w, https:\/\/www.guardiandampremoval.com\/wp-content\/uploads\/Brezice-1-200x150.jpg 200w, https:\/\/www.guardiandampremoval.com\/wp-content\/uploads\/Brezice-1-600x450.jpg 600w\" sizes=\"auto, (max-width: 800px) 100vw, 800px\" \/><\/div><div class=\"w-gallery-item-meta\"><div class=\"w-gallery-item-title\">Bre\u017ece<\/div><\/div><a class=\"w-gallery-item-link\" aria-label=\"Bre\u017ece\" href=\"https:\/\/www.guardiandampremoval.com\/wp-content\/uploads\/Brezice-1.jpg\" title=\"Bre\u017ece\"><\/a><\/div><div class=\"w-gallery-item\"><div class=\"w-gallery-item-img\"><img loading=\"lazy\" decoding=\"async\" width=\"600\" height=\"800\" src=\"https:\/\/www.guardiandampremoval.com\/wp-content\/uploads\/zagreb-2.jpg\" class=\"attachment-large size-large\" alt=\"\" srcset=\"https:\/\/www.guardiandampremoval.com\/wp-content\/uploads\/zagreb-2.jpg 600w, https:\/\/www.guardiandampremoval.com\/wp-content\/uploads\/zagreb-2-225x300.jpg 225w, https:\/\/www.guardiandampremoval.com\/wp-content\/uploads\/zagreb-2-9x12.jpg 9w, https:\/\/www.guardiandampremoval.com\/wp-content\/uploads\/zagreb-2-113x150.jpg 113w, https:\/\/www.guardiandampremoval.com\/wp-content\/uploads\/zagreb-2-300x400.jpg 300w, https:\/\/www.guardiandampremoval.com\/wp-content\/uploads\/zagreb-2-150x200.jpg 150w\" sizes=\"auto, (max-width: 600px) 100vw, 600px\" \/><\/div><div class=\"w-gallery-item-meta\"><div class=\"w-gallery-item-title\">Zagreb<\/div><\/div><a class=\"w-gallery-item-link\" aria-label=\"Zagreb\" href=\"https:\/\/www.guardiandampremoval.com\/wp-content\/uploads\/zagreb-2.jpg\" title=\"Zagreb\"><\/a><\/div><div class=\"w-gallery-item\"><div class=\"w-gallery-item-img\"><img loading=\"lazy\" decoding=\"async\" width=\"563\" height=\"877\" src=\"https:\/\/www.guardiandampremoval.com\/wp-content\/uploads\/vienna.webp\" class=\"attachment-large size-large\" alt=\"\" srcset=\"https:\/\/www.guardiandampremoval.com\/wp-content\/uploads\/vienna.webp 563w, https:\/\/www.guardiandampremoval.com\/wp-content\/uploads\/vienna-193x300.webp 193w, https:\/\/www.guardiandampremoval.com\/wp-content\/uploads\/vienna-8x12.webp 8w, https:\/\/www.guardiandampremoval.com\/wp-content\/uploads\/vienna-96x150.webp 96w, https:\/\/www.guardiandampremoval.com\/wp-content\/uploads\/vienna-257x400.webp 257w, https:\/\/www.guardiandampremoval.com\/wp-content\/uploads\/vienna-128x200.webp 128w, https:\/\/www.guardiandampremoval.com\/wp-content\/uploads\/vienna-300x467.webp 300w\" sizes=\"auto, (max-width: 563px) 100vw, 563px\" \/><\/div><div class=\"w-gallery-item-meta\"><div class=\"w-gallery-item-title\">Vienna<\/div><\/div><a class=\"w-gallery-item-link\" aria-label=\"Vienna\" href=\"https:\/\/www.guardiandampremoval.com\/wp-content\/uploads\/vienna.webp\" title=\"Vienna\"><\/a><\/div><div class=\"w-gallery-item\"><div class=\"w-gallery-item-img\"><img loading=\"lazy\" decoding=\"async\" width=\"800\" height=\"600\" src=\"https:\/\/www.guardiandampremoval.com\/wp-content\/uploads\/Kamink.jpg\" class=\"attachment-large size-large\" alt=\"\" srcset=\"https:\/\/www.guardiandampremoval.com\/wp-content\/uploads\/Kamink.jpg 800w, https:\/\/www.guardiandampremoval.com\/wp-content\/uploads\/Kamink-300x225.jpg 300w, https:\/\/www.guardiandampremoval.com\/wp-content\/uploads\/Kamink-16x12.jpg 16w, https:\/\/www.guardiandampremoval.com\/wp-content\/uploads\/Kamink-150x113.jpg 150w, https:\/\/www.guardiandampremoval.com\/wp-content\/uploads\/Kamink-533x400.jpg 533w, https:\/\/www.guardiandampremoval.com\/wp-content\/uploads\/Kamink-200x150.jpg 200w, https:\/\/www.guardiandampremoval.com\/wp-content\/uploads\/Kamink-600x450.jpg 600w\" sizes=\"auto, (max-width: 800px) 100vw, 800px\" \/><\/div><div class=\"w-gallery-item-meta\"><div class=\"w-gallery-item-title\">Kamink<\/div><\/div><a class=\"w-gallery-item-link\" aria-label=\"Kamink\" href=\"https:\/\/www.guardiandampremoval.com\/wp-content\/uploads\/Kamink.jpg\" title=\"Kamink\"><\/a><\/div><div class=\"w-gallery-item\"><div class=\"w-gallery-item-img\"><img loading=\"lazy\" decoding=\"async\" width=\"600\" height=\"800\" src=\"https:\/\/www.guardiandampremoval.com\/wp-content\/uploads\/porec-3.jpg\" class=\"attachment-large size-large\" alt=\"\" srcset=\"https:\/\/www.guardiandampremoval.com\/wp-content\/uploads\/porec-3.jpg 600w, https:\/\/www.guardiandampremoval.com\/wp-content\/uploads\/porec-3-225x300.jpg 225w, https:\/\/www.guardiandampremoval.com\/wp-content\/uploads\/porec-3-9x12.jpg 9w, https:\/\/www.guardiandampremoval.com\/wp-content\/uploads\/porec-3-113x150.jpg 113w, https:\/\/www.guardiandampremoval.com\/wp-content\/uploads\/porec-3-300x400.jpg 300w, https:\/\/www.guardiandampremoval.com\/wp-content\/uploads\/porec-3-150x200.jpg 150w\" sizes=\"auto, (max-width: 600px) 100vw, 600px\" \/><\/div><div class=\"w-gallery-item-meta\"><div class=\"w-gallery-item-title\">Porec<\/div><\/div><a class=\"w-gallery-item-link\" aria-label=\"Porec\" href=\"https:\/\/www.guardiandampremoval.com\/wp-content\/uploads\/porec-3.jpg\" title=\"Porec\"><\/a><\/div><\/div><div class=\"w-gallery-loadmore\" style=\"--btn-indent:1.5em\"><button class=\"w-btn us-btn-style_1\" type=\"button\"><span class=\"w-btn-label\">Charger plus<\/span><\/button><div class=\"g-preloader type_1\"><div><\/div><\/div><\/div><div class=\"w-gallery-json hidden\"  onclick='return {&quot;action&quot;:&quot;us_ajax_gallery&quot;,&quot;template_vars&quot;:{&quot;ids&quot;:[3339,3332,3289,3344,3657,3280,3286,3650,3343,3293,3647,3336,3333,3335,3297,3342,3652,3651,3300,3299,3284,3334,3655,3294,3288,3337,3654,3282,3291,3345,3292,3330,3295,3296,3303,3656,3285,3338,3346,3290,3653,3648,3304,3287,3283,3301,3302,3341,3646,3649,3298,3331,3281,3329,3340],&quot;img_size&quot;:&quot;large&quot;,&quot;items_click_action&quot;:&quot;popup_image&quot;,&quot;items_link&quot;:&quot;{\\&quot;url\\&quot;:\\&quot;\\&quot;}&quot;,&quot;items_title&quot;:&quot;1&quot;,&quot;max_num_pages&quot;:5,&quot;quantity&quot;:&quot;12&quot;,&quot;pagination&quot;:&quot;load_on_btn&quot;},&quot;_us_nonce&quot;:&quot;c2d9d54f14&quot;}'><\/div><\/div><\/div><\/div><\/div><\/div><\/section>\n","protected":false},"excerpt":{"rendered":"References Among others, they have placed their trust in us: Skaru\u010dnaMali LosinjZagrebPorecVarazdinZurichSamoborKraljevicaTr\u017ei\u010dPorecTolmin\u017delelznikiCharger plus","protected":false},"author":1,"featured_media":0,"parent":0,"menu_order":0,"comment_status":"closed","ping_status":"closed","template":"","meta":{"footnotes":""},"class_list":["post-3256","page","type-page","status-publish","hentry"],"_links":{"self":[{"href":"https:\/\/www.guardiandampremoval.com\/fr\/wp-json\/wp\/v2\/pages\/3256","targetHints":{"allow":["GET"]}}],"collection":[{"href":"https:\/\/www.guardiandampremoval.com\/fr\/wp-json\/wp\/v2\/pages"}],"about":[{"href":"https:\/\/www.guardiandampremoval.com\/fr\/wp-json\/wp\/v2\/types\/page"}],"author":[{"embeddable":true,"href":"https:\/\/www.guardiandampremoval.com\/fr\/wp-json\/wp\/v2\/users\/1"}],"replies":[{"embeddable":true,"href":"https:\/\/www.guardiandampremoval.com\/fr\/wp-json\/wp\/v2\/comments?post=3256"}],"version-history":[{"count":37,"href":"https:\/\/www.guardiandampremoval.com\/fr\/wp-json\/wp\/v2\/pages\/3256\/revisions"}],"predecessor-version":[{"id":3658,"href":"https:\/\/www.guardiandampremoval.com\/fr\/wp-json\/wp\/v2\/pages\/3256\/revisions\/3658"}],"wp:attachment":[{"href":"https:\/\/www.guardiandampremoval.com\/fr\/wp-json\/wp\/v2\/media?parent=3256"}],"curies":[{"name":"wp","href":"https:\/\/api.w.org\/{rel}","templated":true}]}}