{"id":540,"date":"2016-08-31T12:38:04","date_gmt":"2016-08-31T12:38:04","guid":{"rendered":"http:\/\/impreza9.us-themes.com\/?page_id=540"},"modified":"2026-02-22T17:47:09","modified_gmt":"2026-02-22T17:47:09","slug":"contact","status":"publish","type":"page","link":"https:\/\/www.guardiandampremoval.com\/fr\/contact\/","title":{"rendered":"Contact"},"content":{"rendered":"<section class=\"l-section wpb_row height_medium\"><div class=\"l-section-h i-cf\"><div class=\"g-cols vc_row via_grid cols_1 laptops-cols_inherit tablets-cols_inherit mobiles-cols_1 valign_top type_default stacking_default\"><div class=\"wpb_column vc_column_container\"><div class=\"vc_column-inner\"><div class=\"wpb_text_column\"><div class=\"wpb_wrapper\"><h1 style=\"text-align: center;\">Contact<\/h1>\n<\/div><\/div><div class=\"w-separator size_medium\"><\/div><div class=\"g-cols wpb_row via_grid cols_2 laptops-cols_inherit tablets-cols_inherit mobiles-cols_1 valign_top type_default stacking_default\" style=\"--columns-gap:3rem;\" id=\"history\"><div class=\"wpb_column vc_column_container\"><div class=\"vc_column-inner\"><section class=\"l-section wpb_row height_medium\"><div class=\"l-section-h i-cf\"><div class=\"g-cols vc_row via_grid cols_1 laptops-cols_inherit tablets-cols_inherit mobiles-cols_1 valign_top type_default stacking_default\"><div class=\"wpb_column vc_column_container\"><div class=\"vc_column-inner\"><div class=\"w-iconbox iconpos_left style_default color_primary align_none\"><div class=\"w-iconbox-icon\" style=\"font-size:2rem;\"><i class=\"fas fa-clock\"><\/i><\/div><div class=\"w-iconbox-meta\"><h5 class=\"w-iconbox-title\">Soutenir les heures de travail<\/h5><div class=\"w-iconbox-text\"><p>Du lundi au vendredi de 9h00 \u00e0 17h00.<\/p>\n<\/div><\/div><\/div><div class=\"w-separator size_medium\"><\/div><div class=\"w-iconbox iconpos_left style_default color_primary align_none no_text\"><a href=\"tel:0038512094400\" class=\"w-iconbox-link\" aria-label=\"+385 (0)1 209 44 00\"><div class=\"w-iconbox-icon\" style=\"font-size:2rem;\"><i class=\"fas fa-phone\"><\/i><\/div><\/a><div class=\"w-iconbox-meta\"><h5 class=\"w-iconbox-title\"><a href=\"tel:0038512094400\" class=\"w-iconbox-link\" aria-label=\"+385 (0)1 209 44 00\">+385 (0)1 209 44 00<\/a><\/h5><\/div><\/div><div class=\"w-separator size_small\"><\/div><div class=\"w-iconbox iconpos_left style_default color_primary align_none no_text\"><a href=\"tel:0038512093300\" class=\"w-iconbox-link\" aria-label=\"+385 (0)1 209 33 00\"><div class=\"w-iconbox-icon\" style=\"font-size:2rem;\"><i class=\"fas fa-phone\"><\/i><\/div><\/a><div class=\"w-iconbox-meta\"><h5 class=\"w-iconbox-title\"><a href=\"tel:0038512093300\" class=\"w-iconbox-link\" aria-label=\"+385 (0)1 209 33 00\">+385 (0)1 209 33 00<\/a><\/h5><\/div><\/div><div class=\"w-separator size_medium\"><\/div><div class=\"w-iconbox iconpos_left style_default color_primary align_none no_text icontype_img\"><a target=\"_blank\" href=\"https:\/\/api.whatsapp.com\/send?phone=38598388652\" class=\"w-iconbox-link\" aria-label=\"Contactez-nous via WhatsApp\"><div class=\"w-iconbox-icon\" style=\"font-size:2rem;\"><img loading=\"lazy\" decoding=\"async\" width=\"50\" height=\"50\" src=\"https:\/\/www.guardiandampremoval.com\/wp-content\/uploads\/whatsapp-icon.png\" class=\"attachment-full size-full\" alt=\"\" srcset=\"https:\/\/www.guardiandampremoval.com\/wp-content\/uploads\/whatsapp-icon.png 50w, https:\/\/www.guardiandampremoval.com\/wp-content\/uploads\/whatsapp-icon-12x12.png 12w\" sizes=\"auto, (max-width: 50px) 100vw, 50px\" \/><\/div><\/a><div class=\"w-iconbox-meta\"><h5 class=\"w-iconbox-title\"><a target=\"_blank\" href=\"https:\/\/api.whatsapp.com\/send?phone=38598388652\" class=\"w-iconbox-link\" aria-label=\"Contactez-nous via WhatsApp\">Contactez-nous via WhatsApp<\/a><\/h5><\/div><\/div><div class=\"w-separator size_medium\"><\/div><div class=\"w-iconbox iconpos_left style_default color_primary align_none no_text\"><a href=\"mailto:sales@guardiandampremoval.com\" class=\"w-iconbox-link\" aria-label=\"sales@guardiandampremoval.com\"><div class=\"w-iconbox-icon\" style=\"font-size:2rem;\"><i class=\"fas fa-envelope\"><\/i><\/div><\/a><div class=\"w-iconbox-meta\"><h6 class=\"w-iconbox-title\"><a href=\"mailto:sales@guardiandampremoval.com\" class=\"w-iconbox-link\" aria-label=\"sales@guardiandampremoval.com\">sales@guardiandampremoval.com<\/a><\/h6><\/div><\/div><\/div><\/div><\/div><\/div><\/section>\n<\/div><\/div><div class=\"wpb_column vc_column_container\"><div class=\"vc_column-inner\"><section class=\"l-section wpb_row height_medium\"><div class=\"l-section-h i-cf\"><div class=\"g-cols vc_row via_grid cols_1 laptops-cols_inherit tablets-cols_inherit mobiles-cols_1 valign_top type_default stacking_default\"><div class=\"wpb_column vc_column_container\"><div class=\"vc_column-inner\">\n<div class=\"wpcf7 no-js\" id=\"wpcf7-f3630-o6\" lang=\"fr-FR\" dir=\"ltr\" data-wpcf7-id=\"3630\">\n<div class=\"screen-reader-response\"><p role=\"status\" aria-live=\"polite\" aria-atomic=\"true\"><\/p> <ul><\/ul><\/div>\n<form action=\"\/fr\/wp-json\/wp\/v2\/pages\/540#wpcf7-f3630-o6\" method=\"post\" class=\"wpcf7-form init\" aria-label=\"Formulaire de contact\" novalidate=\"novalidate\" data-status=\"init\" data-trp-original-action=\"\/fr\/wp-json\/wp\/v2\/pages\/540#wpcf7-f3630-o6\">\n<fieldset class=\"hidden-fields-container\"><input type=\"hidden\" name=\"_wpcf7\" value=\"3630\" \/><input type=\"hidden\" name=\"_wpcf7_version\" value=\"6.1.5\" \/><input type=\"hidden\" name=\"_wpcf7_locale\" value=\"fr_FR\" \/><input type=\"hidden\" name=\"_wpcf7_unit_tag\" value=\"wpcf7-f3630-o6\" \/><input type=\"hidden\" name=\"_wpcf7_container_post\" value=\"0\" \/><input type=\"hidden\" name=\"_wpcf7_posted_data_hash\" value=\"\" \/><input type=\"hidden\" name=\"_wpcf7_recaptcha_response\" value=\"\" \/>\n<\/fieldset>\n<div class=\"uacf7-form-wrapper-container uacf7-form-3630\"><label> Votre nom complet* <span class=\"wpcf7-form-control-wrap\" data-name=\"your-name\"><input size=\"40\" maxlength=\"400\" class=\"wpcf7-form-control wpcf7-text wpcf7-validates-as-required\" autocomplete=\"name\" aria-required=\"true\" aria-invalid=\"false\" placeholder=\"Saisissez vos nom et pr\u00e9nom*\" value=\"\" type=\"text\" name=\"your-name\" \/><\/span> <\/label><\/br>\n<label> Votre email* <span class=\"wpcf7-form-control-wrap\" data-name=\"your-email\"><input size=\"40\" maxlength=\"400\" class=\"wpcf7-form-control wpcf7-email wpcf7-validates-as-required wpcf7-text wpcf7-validates-as-email\" autocomplete=\"email\" aria-required=\"true\" aria-invalid=\"false\" placeholder=\"Saisissez votre adresse e-mail*\" value=\"\" type=\"email\" name=\"your-email\" \/><\/span> <\/label><\/br>\n<label>Num\u00e9ro de t\u00e9l\u00e9phone* <span class=\"wpcf7-form-control-wrap\" data-name=\"phonetext-55\"><input size=\"40\" class=\"wpcf7-form-control wpcf7-phonetext wpcf7-validates-as-required wpcf7-text wpcf7-validates-as-phonetext\" aria-required=\"true\" aria-invalid=\"false\" placeholder=\"Saisissez votre num\u00e9ro de t\u00e9l\u00e9phone*\" value=\"\" type=\"text\" name=\"phonetext-55\" \/><input type=\"hidden\" name=\"phonetext-55-country-code\" class=\"wpcf7-phonetext-country-code\" \/><\/span><\/label><\/br>\n<label> Votre message* <span class=\"wpcf7-form-control-wrap\" data-name=\"your-message\"><textarea cols=\"40\" rows=\"10\" maxlength=\"2000\" class=\"wpcf7-form-control wpcf7-textarea wpcf7-validates-as-required\" aria-required=\"true\" aria-invalid=\"false\" placeholder=\"Saisissez votre message texte*\" name=\"your-message\"><\/textarea><\/span> <\/label><\/br>\n\nLa page est prot\u00e9g\u00e9e par le syst\u00e8me reCAPTCHA et le syst\u00e8me d'authentification de Google.  <a href=\"https:\/\/policies.google.com\/privacy\" target=\"_blank\">&nbsp;les r\u00e8gles d'utilisation s'appliquent &nbsp;<\/a> et <a href=\"https:\/\/policies.google.com\/terms\" target=\"_blank\">&nbsp;conditions de service<\/a>\n<\/br><\/br>\n<input class=\"wpcf7-form-control wpcf7-submit has-spinner\" type=\"submit\" value=\"Soumettre\" \/><\/div><div class=\"wpcf7-response-output\" aria-hidden=\"true\"><\/div>\n<input type=\"hidden\" name=\"trp-form-language\" value=\"fr\"\/><\/form>\n<\/div>\n<\/div><\/div><\/div><\/div><\/section>\n<\/div><\/div><\/div><\/div><\/div><\/div><\/div><\/section><section class=\"l-section wpb_row height_medium\" id=\"about-us\"><div class=\"l-section-h i-cf\"><div class=\"g-cols vc_row via_grid cols_1 laptops-cols_inherit tablets-cols_inherit mobiles-cols_1 valign_top type_default stacking_default\"><div class=\"wpb_column vc_column_container\"><div class=\"vc_column-inner\"><div class=\"wpb_text_column\"><div class=\"wpb_wrapper\"><h1 style=\"text-align: center;\">A propos de l'auteur<\/h1>\n<\/div><\/div><div class=\"w-separator size_medium\"><\/div><div class=\"g-cols wpb_row via_grid cols_3 laptops-cols_inherit tablets-cols_inherit mobiles-cols_1 valign_top type_default stacking_default\" style=\"--columns-gap:3rem;\" id=\"history\"><div class=\"wpb_column vc_column_container\"><div class=\"vc_column-inner\"><h2 style=\"text-align: center;font-family:Bad Script;font-weight:400;font-style:normal\" class=\"vc_custom_heading vc_do_custom_heading us_custom_cda6f729\" >\"Cessante Causa, Cessat Effectus\".\"<\/h2><div class=\"w-separator size_medium\"><\/div><div class=\"w-image align_center\"><div class=\"w-image-h\"><img decoding=\"async\" width=\"200\" height=\"165\" src=\"https:\/\/www.guardiandampremoval.com\/wp-content\/uploads\/iskustvo-eng.png\" class=\"attachment-us_200_200 size-us_200_200\" alt=\"\" loading=\"lazy\" srcset=\"https:\/\/www.guardiandampremoval.com\/wp-content\/uploads\/iskustvo-eng.png 200w, https:\/\/www.guardiandampremoval.com\/wp-content\/uploads\/iskustvo-eng-15x12.png 15w, https:\/\/www.guardiandampremoval.com\/wp-content\/uploads\/iskustvo-eng-150x124.png 150w\" sizes=\"auto, (max-width: 200px) 100vw, 200px\" \/><\/div><\/div><\/div><\/div><div class=\"wpb_column vc_column_container\"><div class=\"vc_column-inner\"><div class=\"wpb_text_column\"><div class=\"wpb_wrapper\"><p>Comme le dit notre slogan - <em>Cessante Causa, Cessat Effectus<\/em> (Lorsque la cause cesse, l'effet cesse), nous avons mis au point un produit qui \u00e9limine la cause, de sorte que vous ne rencontrerez plus de probl\u00e8mes li\u00e9s \u00e0 l'humidit\u00e9 ascendante.<\/p>\n<p>Claudo Mador Plus est une entreprise cofond\u00e9e par Ivica Bosiljevac, un innovateur qui a r\u00e9alis\u00e9 cinq inventions diff\u00e9rentes au cours de sa vie. Chacune d'entre elles est totalement unique, mais elles ont toutes un point commun : elles fonctionnent \u00e0 l'\u00e9lectricit\u00e9.<\/p>\n<p>Tout au long de sa carri\u00e8re d'\u00e9lectricien, Ivica a travaill\u00e9 dans divers secteurs - des soins de sant\u00e9 \u00e0 la bijouterie en passant par la fabrication d'\u00e9clairage - o\u00f9 son r\u00f4le consistait \u00e0 concevoir des machines qui simplifiaient les processus de travail.<\/p>\n<\/div><\/div><\/div><\/div><div class=\"wpb_column vc_column_container\"><div class=\"vc_column-inner\"><div class=\"wpb_text_column\"><div class=\"wpb_wrapper\"><p>\u00c0 la m\u00eame \u00e9poque, il vit dans une vieille maison qui souffre de remont\u00e9es d'humidit\u00e9. Ne pouvant tol\u00e9rer l'odeur d\u00e9sagr\u00e9able de l'humidit\u00e9, il a commenc\u00e9 \u00e0 faire des recherches sur la force qui pousse l'eau dans les murs contre la gravit\u00e9.<\/p>\n<p>\u00c0 la fin des ann\u00e9es 1990, il a mis au point la premi\u00e8re g\u00e9n\u00e9ration d'appareils destin\u00e9s \u00e0 pr\u00e9venir les remont\u00e9es d'humidit\u00e9 et \u00e0 rem\u00e9dier \u00e0 l'humidit\u00e9 dans les murs. Apr\u00e8s 15 ans d'exp\u00e9rience, il a cr\u00e9\u00e9 une deuxi\u00e8me g\u00e9n\u00e9ration avec des r\u00e9sultats plus rapides, des signaux plus clairs et de nombreuses am\u00e9liorations.<\/p>\n<p>Il est actuellement en train de finaliser une nouvelle innovation li\u00e9e au transport et \u00e0 la m\u00e9decine, mais plus de d\u00e9tails seront bient\u00f4t r\u00e9v\u00e9l\u00e9s...<\/p>\n<\/div><\/div><\/div><\/div><\/div><\/div><\/div><\/div><\/div><\/section><section class=\"l-section wpb_row height_medium\"><div class=\"l-section-h i-cf\"><div class=\"g-cols vc_row via_grid cols_1 laptops-cols_inherit tablets-cols_inherit mobiles-cols_1 valign_top type_default stacking_default\"><div class=\"wpb_column vc_column_container\"><div class=\"vc_column-inner\"><div class=\"wpb_text_column\"><div class=\"wpb_wrapper\"><h1 style=\"text-align: center;\">Coordonn\u00e9es de l'entreprise<\/h1>\n<\/div><\/div><div class=\"w-separator size_medium\"><\/div><div class=\"g-cols wpb_row via_grid cols_1-2 laptops-cols_inherit tablets-cols_inherit mobiles-cols_1 valign_top type_default stacking_default\" style=\"--columns-gap:3rem;\" id=\"history\"><div class=\"wpb_column vc_column_container\"><div class=\"vc_column-inner\"><div class=\"w-image align_center\"><div class=\"w-image-h\"><img decoding=\"async\" width=\"200\" height=\"61\" src=\"https:\/\/www.guardiandampremoval.com\/wp-content\/uploads\/logo_claudo-mador-plus-200x61.png\" class=\"attachment-us_200_200 size-us_200_200\" alt=\"\" loading=\"lazy\" srcset=\"https:\/\/www.guardiandampremoval.com\/wp-content\/uploads\/logo_claudo-mador-plus-200x61.png 200w, https:\/\/www.guardiandampremoval.com\/wp-content\/uploads\/logo_claudo-mador-plus-300x91.png 300w, https:\/\/www.guardiandampremoval.com\/wp-content\/uploads\/logo_claudo-mador-plus-600x182.png 600w, https:\/\/www.guardiandampremoval.com\/wp-content\/uploads\/logo_claudo-mador-plus.png 619w\" sizes=\"auto, (max-width: 200px) 100vw, 200px\" \/><\/div><\/div><\/div><\/div><div class=\"wpb_column vc_column_container\"><div class=\"vc_column-inner\"><div class=\"wpb_text_column\"><div class=\"wpb_wrapper\">\n<table id=\"tablepress-5\" class=\"tablepress tablepress-id-5\">\n<tbody>\n<tr class=\"row-1\">\n\t<td class=\"column-1\">Nom de l'entreprise :<\/td><td class=\"column-2\">Claudo Mador plus d.o.o.<\/td>\n<\/tr>\n<tr class=\"row-2\">\n\t<td class=\"column-1\">La rue :<\/td><td class=\"column-2\">Ulica grada Vukovara 237D<\/td>\n<\/tr>\n<tr class=\"row-3\">\n\t<td class=\"column-1\">Code postal :<\/td><td class=\"column-2\">10000<\/td>\n<\/tr>\n<tr class=\"row-4\">\n\t<td class=\"column-1\">Ville :<\/td><td class=\"column-2\">Zagreb<\/td>\n<\/tr>\n<tr class=\"row-5\">\n\t<td class=\"column-1\">Pays :<\/td><td class=\"column-2\">Croatie<\/td>\n<\/tr>\n<tr class=\"row-6\">\n\t<td class=\"column-1\">ID TVA : <\/td><td class=\"column-2\">HR13923658980<\/td>\n<\/tr>\n<tr class=\"row-7\">\n\t<td class=\"column-1\">IBAN :<\/td><td class=\"column-2\">HR9624020061100760023<\/td>\n<\/tr>\n<tr class=\"row-8\">\n\t<td class=\"column-1\">Banque :<\/td><td class=\"column-2\">Erste&amp;Steierm\u00e4rkische Bank d.d.<\/td>\n<\/tr>\n<tr class=\"row-9\">\n\t<td class=\"column-1\">SWIFT\/BIC : <\/td><td class=\"column-2\">ESBCHR22<\/td>\n<\/tr>\n<\/tbody>\n<\/table>\n<!-- #tablepress-5 from cache -->\n<\/div><\/div><\/div><\/div><\/div><\/div><\/div><\/div><\/div><\/section><section class=\"l-section wpb_row height_small color_primary with_img parallax_ver\"><div class=\"l-section-img\" role=\"img\" aria-label=\"Image\" data-img-width=\"1024\" data-img-height=\"729\" style=\"background-image: url(https:\/\/www.guardiandampremoval.com\/wp-content\/uploads\/zelenilo.webp);\"><\/div><div class=\"l-section-h i-cf\"><div class=\"g-cols vc_row via_grid cols_1 laptops-cols_inherit tablets-cols_inherit mobiles-cols_1 valign_middle type_default stacking_default\"><div class=\"wpb_column vc_column_container\"><div class=\"vc_column-inner\"><div class=\"w-actionbox color_primary controls_bottom\"><div class=\"w-actionbox-text\"><h3 class=\"w-actionbox-title\">Prot\u00e9gez votre maison et am\u00e9liorez votre qualit\u00e9 de vie !<\/h3><\/div><div class=\"w-actionbox-controls\"><a class=\"w-btn us-btn-style_2\" style=\"font-size:18px\" href=\"https:\/\/www.guardiandampremoval.com\/fr\/boutique\/\"><span class=\"w-btn-label\">Visitez notre boutique<\/span><\/a><\/div><\/div><\/div><\/div><\/div><\/div><\/section>","protected":false},"excerpt":{"rendered":"Contact Support working hoursMonday to Friday from 9a.m. to 5p.m. +385 (0)1 209 44 00+385 (0)1 209 33 00Contact us via WhatsAppsales@guardiandampremoval.com Your full name* Your email* Phone number* Your message* The page is protected using the reCAPTCHA system and Google's &nbsp;usage rules apply &nbsp; and &nbsp;terms of service About the Author \"Cessante Causa, Cessat...","protected":false},"author":1,"featured_media":0,"parent":0,"menu_order":0,"comment_status":"closed","ping_status":"closed","template":"","meta":{"footnotes":""},"class_list":["post-540","page","type-page","status-publish","hentry"],"_links":{"self":[{"href":"https:\/\/www.guardiandampremoval.com\/fr\/wp-json\/wp\/v2\/pages\/540","targetHints":{"allow":["GET"]}}],"collection":[{"href":"https:\/\/www.guardiandampremoval.com\/fr\/wp-json\/wp\/v2\/pages"}],"about":[{"href":"https:\/\/www.guardiandampremoval.com\/fr\/wp-json\/wp\/v2\/types\/page"}],"author":[{"embeddable":true,"href":"https:\/\/www.guardiandampremoval.com\/fr\/wp-json\/wp\/v2\/users\/1"}],"replies":[{"embeddable":true,"href":"https:\/\/www.guardiandampremoval.com\/fr\/wp-json\/wp\/v2\/comments?post=540"}],"version-history":[{"count":37,"href":"https:\/\/www.guardiandampremoval.com\/fr\/wp-json\/wp\/v2\/pages\/540\/revisions"}],"predecessor-version":[{"id":3644,"href":"https:\/\/www.guardiandampremoval.com\/fr\/wp-json\/wp\/v2\/pages\/540\/revisions\/3644"}],"wp:attachment":[{"href":"https:\/\/www.guardiandampremoval.com\/fr\/wp-json\/wp\/v2\/media?parent=540"}],"curies":[{"name":"wp","href":"https:\/\/api.w.org\/{rel}","templated":true}]}}