{"id":540,"date":"2016-08-31T12:38:04","date_gmt":"2016-08-31T12:38:04","guid":{"rendered":"http:\/\/impreza9.us-themes.com\/?page_id=540"},"modified":"2026-02-22T17:47:09","modified_gmt":"2026-02-22T17:47:09","slug":"kontakt","status":"publish","type":"page","link":"https:\/\/www.guardiandampremoval.com\/hr\/contact\/","title":{"rendered":"Kontakt"},"content":{"rendered":"<section class=\"l-section wpb_row height_medium\"><div class=\"l-section-h i-cf\"><div class=\"g-cols vc_row via_grid cols_1 laptops-cols_inherit tablets-cols_inherit mobiles-cols_1 valign_top type_default stacking_default\"><div class=\"wpb_column vc_column_container\"><div class=\"vc_column-inner\"><div class=\"wpb_text_column\"><div class=\"wpb_wrapper\"><h1 style=\"text-align: center;\">Kontakt<\/h1>\n<\/div><\/div><div class=\"w-separator size_medium\"><\/div><div class=\"g-cols wpb_row via_grid cols_2 laptops-cols_inherit tablets-cols_inherit mobiles-cols_1 valign_top type_default stacking_default\" style=\"--columns-gap:3rem;\" id=\"history\"><div class=\"wpb_column vc_column_container\"><div class=\"vc_column-inner\"><section class=\"l-section wpb_row height_medium\"><div class=\"l-section-h i-cf\"><div class=\"g-cols vc_row via_grid cols_1 laptops-cols_inherit tablets-cols_inherit mobiles-cols_1 valign_top type_default stacking_default\"><div class=\"wpb_column vc_column_container\"><div class=\"vc_column-inner\"><div class=\"w-iconbox iconpos_left style_default color_primary align_none\"><div class=\"w-iconbox-icon\" style=\"font-size:2rem;\"><i class=\"fas fa-clock\"><\/i><\/div><div class=\"w-iconbox-meta\"><h5 class=\"w-iconbox-title\">Radno vrijeme podr\u0161ke<\/h5><div class=\"w-iconbox-text\"><p>Od ponedjeljka do petka od 9 do 17 sati<\/p>\n<\/div><\/div><\/div><div class=\"w-separator size_medium\"><\/div><div class=\"w-iconbox iconpos_left style_default color_primary align_none no_text\"><a href=\"tel:0038512094400\" class=\"w-iconbox-link\" aria-label=\"+385 (0)1 209 44 00\"><div class=\"w-iconbox-icon\" style=\"font-size:2rem;\"><i class=\"fas fa-phone\"><\/i><\/div><\/a><div class=\"w-iconbox-meta\"><h5 class=\"w-iconbox-title\"><a href=\"tel:0038512094400\" class=\"w-iconbox-link\" aria-label=\"+385 (0)1 209 44 00\">+385 (0)1 209 44 00<\/a><\/h5><\/div><\/div><div class=\"w-separator size_small\"><\/div><div class=\"w-iconbox iconpos_left style_default color_primary align_none no_text\"><a href=\"tel:0038512093300\" class=\"w-iconbox-link\" aria-label=\"+385 (0)1 209 33 00\"><div class=\"w-iconbox-icon\" style=\"font-size:2rem;\"><i class=\"fas fa-phone\"><\/i><\/div><\/a><div class=\"w-iconbox-meta\"><h5 class=\"w-iconbox-title\"><a href=\"tel:0038512093300\" class=\"w-iconbox-link\" aria-label=\"+385 (0)1 209 33 00\">+385 (0)1 209 33 00<\/a><\/h5><\/div><\/div><div class=\"w-separator size_small\"><\/div><div class=\"w-iconbox iconpos_left style_default color_primary align_none no_text\"><a href=\"tel:0038598388652\" class=\"w-iconbox-link\" aria-label=\"+385 (0)98 388 652\"><div class=\"w-iconbox-icon\" style=\"font-size:2rem;\"><i class=\"fas fa-phone\"><\/i><\/div><\/a><div class=\"w-iconbox-meta\"><h5 class=\"w-iconbox-title\"><a href=\"tel:0038598388652\" class=\"w-iconbox-link\" aria-label=\"+385 (0)98 388 652\">+385 (0)98 388 652<\/a><\/h5><\/div><\/div><div class=\"w-separator size_small\"><\/div><div class=\"w-iconbox iconpos_left style_default color_primary align_none no_text\"><a href=\"tel:00385917855837\" class=\"w-iconbox-link\" aria-label=\"+385 (0)91 7855 837\"><div class=\"w-iconbox-icon\" style=\"font-size:2rem;\"><i class=\"fas fa-phone\"><\/i><\/div><\/a><div class=\"w-iconbox-meta\"><h5 class=\"w-iconbox-title\"><a href=\"tel:00385917855837\" class=\"w-iconbox-link\" aria-label=\"+385 (0)91 7855 837\">+385 (0)91 7855 837<\/a><\/h5><\/div><\/div><div class=\"w-separator size_medium\"><\/div><div class=\"w-iconbox iconpos_left style_default color_primary align_none no_text icontype_img\"><a target=\"_blank\" href=\"https:\/\/api.whatsapp.com\/send?phone=38598388652\" class=\"w-iconbox-link\" aria-label=\"Kontaktirajte nas preko WhatsApp-a\"><div class=\"w-iconbox-icon\" style=\"font-size:2rem;\"><img loading=\"lazy\" decoding=\"async\" width=\"50\" height=\"50\" src=\"https:\/\/www.guardiandampremoval.com\/wp-content\/uploads\/whatsapp-icon.png\" class=\"attachment-full size-full\" alt=\"\" srcset=\"https:\/\/www.guardiandampremoval.com\/wp-content\/uploads\/whatsapp-icon.png 50w, https:\/\/www.guardiandampremoval.com\/wp-content\/uploads\/whatsapp-icon-12x12.png 12w\" sizes=\"auto, (max-width: 50px) 100vw, 50px\" \/><\/div><\/a><div class=\"w-iconbox-meta\"><h5 class=\"w-iconbox-title\"><a target=\"_blank\" href=\"https:\/\/api.whatsapp.com\/send?phone=38598388652\" class=\"w-iconbox-link\" aria-label=\"Kontaktirajte nas preko WhatsApp-a\">Kontaktirajte nas preko WhatsApp-a<\/a><\/h5><\/div><\/div><div class=\"w-separator size_medium\"><\/div><div class=\"w-iconbox iconpos_left style_default color_primary align_none no_text\"><a href=\"mailto:sales@guardiandampremoval.com\" class=\"w-iconbox-link\" aria-label=\"sales@guardiandampremoval.com\"><div class=\"w-iconbox-icon\" style=\"font-size:2rem;\"><i class=\"fas fa-envelope\"><\/i><\/div><\/a><div class=\"w-iconbox-meta\"><h6 class=\"w-iconbox-title\"><a href=\"mailto:sales@guardiandampremoval.com\" class=\"w-iconbox-link\" aria-label=\"sales@guardiandampremoval.com\">sales@guardiandampremoval.com<\/a><\/h6><\/div><\/div><\/div><\/div><\/div><\/div><\/section>\n<\/div><\/div><div class=\"wpb_column vc_column_container\"><div class=\"vc_column-inner\"><section class=\"l-section wpb_row height_medium\"><div class=\"l-section-h i-cf\"><div class=\"g-cols vc_row via_grid cols_1 laptops-cols_inherit tablets-cols_inherit mobiles-cols_1 valign_top type_default stacking_default\"><div class=\"wpb_column vc_column_container\"><div class=\"vc_column-inner\">\n<div class=\"wpcf7 no-js\" id=\"wpcf7-f3574-o5\" lang=\"hr\" dir=\"ltr\" data-wpcf7-id=\"3574\">\n<div class=\"screen-reader-response\"><p role=\"status\" aria-live=\"polite\" aria-atomic=\"true\"><\/p> <ul><\/ul><\/div>\n<form action=\"\/hr\/wp-json\/wp\/v2\/pages\/540#wpcf7-f3574-o5\" method=\"post\" class=\"wpcf7-form init\" aria-label=\"Kontakt obrazac\" novalidate=\"novalidate\" data-status=\"init\" data-trp-original-action=\"\/hr\/wp-json\/wp\/v2\/pages\/540#wpcf7-f3574-o5\">\n<fieldset class=\"hidden-fields-container\"><input type=\"hidden\" name=\"_wpcf7\" value=\"3574\" \/><input type=\"hidden\" name=\"_wpcf7_version\" value=\"6.1.5\" \/><input type=\"hidden\" name=\"_wpcf7_locale\" value=\"hr\" \/><input type=\"hidden\" name=\"_wpcf7_unit_tag\" value=\"wpcf7-f3574-o5\" \/><input type=\"hidden\" name=\"_wpcf7_container_post\" value=\"0\" \/><input type=\"hidden\" name=\"_wpcf7_posted_data_hash\" value=\"\" \/><input type=\"hidden\" name=\"_wpcf7_recaptcha_response\" value=\"\" \/>\n<\/fieldset>\n<div class=\"uacf7-form-wrapper-container uacf7-form-3574\"><label> Ime i prezime <span class=\"wpcf7-form-control-wrap\" data-name=\"your-name\"><input size=\"40\" maxlength=\"400\" class=\"wpcf7-form-control wpcf7-text wpcf7-validates-as-required\" autocomplete=\"name\" aria-required=\"true\" aria-invalid=\"false\" placeholder=\"Upi\u0161ite svoje ime i prezime*\" value=\"\" type=\"text\" name=\"your-name\" \/><\/span> <\/label><\/br>\n<label> Email adresa* <span class=\"wpcf7-form-control-wrap\" data-name=\"your-email\"><input size=\"40\" maxlength=\"400\" class=\"wpcf7-form-control wpcf7-email wpcf7-validates-as-required wpcf7-text wpcf7-validates-as-email\" autocomplete=\"email\" aria-required=\"true\" aria-invalid=\"false\" placeholder=\"Upi\u0161ite svoju email adresu*\" value=\"\" type=\"email\" name=\"your-email\" \/><\/span> <\/label><\/br>\n<label>Phone number* <span class=\"wpcf7-form-control-wrap\" data-name=\"phonetext-55\"><input size=\"40\" class=\"wpcf7-form-control wpcf7-phonetext wpcf7-validates-as-required wpcf7-text wpcf7-validates-as-phonetext\" aria-required=\"true\" aria-invalid=\"false\" placeholder=\"Enter your phone number*\" value=\"\" type=\"text\" name=\"phonetext-55\" \/><input type=\"hidden\" name=\"phonetext-55-country-code\" class=\"wpcf7-phonetext-country-code\" \/><\/span><\/label><\/br>\n<label> Poruka* <span class=\"wpcf7-form-control-wrap\" data-name=\"your-message\"><textarea cols=\"40\" rows=\"10\" maxlength=\"2000\" class=\"wpcf7-form-control wpcf7-textarea wpcf7-validates-as-required\" aria-required=\"true\" aria-invalid=\"false\" placeholder=\"Upi\u0161ite svoju poruku*\" name=\"your-message\"><\/textarea><\/span> <\/label><\/br>\n\nStranica je za\u0161ti\u0107ena kori\u0161tenjem reCAPTCHA sistemom i Google-ovim  <a href=\"https:\/\/policies.google.com\/privacy\" target=\"_blank\">&nbsp;pravilima kori\u0161tenja &nbsp;<\/a> i <a href=\"https:\/\/policies.google.com\/terms\" target=\"_blank\">&nbsp;uvjetima usluge<\/a>\n<\/br><\/br>\n<input class=\"wpcf7-form-control wpcf7-submit has-spinner\" type=\"submit\" value=\"Po\u0161alji\" \/><\/div><div class=\"wpcf7-response-output\" aria-hidden=\"true\"><\/div>\n<input type=\"hidden\" name=\"trp-form-language\" value=\"hr\"\/><\/form>\n<\/div>\n<\/div><\/div><\/div><\/div><\/section>\n<\/div><\/div><\/div><\/div><\/div><\/div><\/div><\/section><section class=\"l-section wpb_row height_medium\" id=\"about-us\"><div class=\"l-section-h i-cf\"><div class=\"g-cols vc_row via_grid cols_1 laptops-cols_inherit tablets-cols_inherit mobiles-cols_1 valign_top type_default stacking_default\"><div class=\"wpb_column vc_column_container\"><div class=\"vc_column-inner\"><div class=\"wpb_text_column\"><div class=\"wpb_wrapper\"><h1 style=\"text-align: center;\">O autoru<\/h1>\n<\/div><\/div><div class=\"w-separator size_medium\"><\/div><div class=\"g-cols wpb_row via_grid cols_3 laptops-cols_inherit tablets-cols_inherit mobiles-cols_1 valign_top type_default stacking_default\" style=\"--columns-gap:3rem;\" id=\"history\"><div class=\"wpb_column vc_column_container\"><div class=\"vc_column-inner\"><h2 style=\"text-align: center;font-family:Bad Script;font-weight:400;font-style:normal\" class=\"vc_custom_heading vc_do_custom_heading us_custom_cda6f729\" >\"Cessante Causa, Cessat Effectus\"<\/h2><div class=\"w-separator size_medium\"><\/div><div class=\"w-image align_center\"><div class=\"w-image-h\"><img decoding=\"async\" width=\"200\" height=\"165\" src=\"https:\/\/www.guardiandampremoval.com\/wp-content\/uploads\/iskustvo-hr.png\" class=\"attachment-us_200_200 size-us_200_200\" alt=\"\" loading=\"lazy\" srcset=\"https:\/\/www.guardiandampremoval.com\/wp-content\/uploads\/iskustvo-hr.png 200w, https:\/\/www.guardiandampremoval.com\/wp-content\/uploads\/iskustvo-hr-15x12.png 15w, https:\/\/www.guardiandampremoval.com\/wp-content\/uploads\/iskustvo-hr-150x124.png 150w\" sizes=\"auto, (max-width: 200px) 100vw, 200px\" \/><\/div><\/div><\/div><\/div><div class=\"wpb_column vc_column_container\"><div class=\"vc_column-inner\"><div class=\"wpb_text_column\"><div class=\"wpb_wrapper\"><p>Kako na\u0161 slogan glasi - <em>Cessante Causa, Cessat Effectus<\/em> (Kada se ukloni uzrok, nema ni posljedice), razvili smo proizvod koji uklanja uzrok podizanja kapilarne vlage, tako da nema niti posljedica koje nastaju uslijed djelovanja kapilarne vlage.<\/p>\n<p>Claudo Mador Plus je tvtka kojoj je suosniva\u010d Ivica Bosiljevac, inovator koji je tijekom \u017eivota napravio pet razli\u010ditih inovacija. Svaki od njih je totalno razli\u010dit, ali svi imaju zajedni\u010dku crtu - rade uz pomo\u0107 elektri\u010dne energije.<\/p>\n<p>Kroz svoj profesionalni rad kao elektri\u010dar, Ivica je stvarao u raznim industrijama - od zdravstvene, preko industrije nakita do industrije rasvijete i njegova uloga je bila dizajnirati strojeve koji \u0107e pojednostaviti proizvodni proces.<\/p>\n<\/div><\/div><\/div><\/div><div class=\"wpb_column vc_column_container\"><div class=\"vc_column-inner\"><div class=\"wpb_text_column\"><div class=\"wpb_wrapper\"><p>U isto vrijeme, \u017eivio je u starijoj ku\u0107i koja je imala problem kapilarne vlage. Kako vi\u0161e nije mogao podnositi neugodan miris vlage, po\u010deo je istra\u017eivati silu podi\u017ee vlagu iz zemlje suprotno smjeru gravitacije u zidove.<\/p>\n<p>Kasnih 1990.tih godina razvio je prvu generaciju ure\u0111aja za spre\u010davanje podizanja i vra\u0107anje vlage natrag u zemlju. 15 godina nakon prve generacije, implementirao je sva iskustvena saznanja u drugu generaciju i stvorio ure\u0111aj s puno br\u017eim rezultatima, \u010di\u0161\u0107im signalima i raznim mnogobrojnim nadogradnjama.<\/p>\n<p>Trenutno zavr\u0161ava novu inovaciju koja objedinjuje promet i medicinu, a vi\u0161e detalja \u0107e uskoro biti otkriveno...<\/p>\n<\/div><\/div><\/div><\/div><\/div><\/div><\/div><\/div><\/div><\/section><section class=\"l-section wpb_row height_medium\"><div class=\"l-section-h i-cf\"><div class=\"g-cols vc_row via_grid cols_1 laptops-cols_inherit tablets-cols_inherit mobiles-cols_1 valign_top type_default stacking_default\"><div class=\"wpb_column vc_column_container\"><div class=\"vc_column-inner\"><div class=\"wpb_text_column\"><div class=\"wpb_wrapper\"><h1 style=\"text-align: center;\">O tvrtki<\/h1>\n<\/div><\/div><div class=\"w-separator size_medium\"><\/div><div class=\"g-cols wpb_row via_grid cols_1-2 laptops-cols_inherit tablets-cols_inherit mobiles-cols_1 valign_top type_default stacking_default\" style=\"--columns-gap:3rem;\" id=\"history\"><div class=\"wpb_column vc_column_container\"><div class=\"vc_column-inner\"><div class=\"w-image align_center\"><div class=\"w-image-h\"><img decoding=\"async\" width=\"200\" height=\"61\" src=\"https:\/\/www.guardiandampremoval.com\/wp-content\/uploads\/logo_claudo-mador-plus-200x61.png\" class=\"attachment-us_200_200 size-us_200_200\" alt=\"\" loading=\"lazy\" srcset=\"https:\/\/www.guardiandampremoval.com\/wp-content\/uploads\/logo_claudo-mador-plus-200x61.png 200w, https:\/\/www.guardiandampremoval.com\/wp-content\/uploads\/logo_claudo-mador-plus-300x91.png 300w, https:\/\/www.guardiandampremoval.com\/wp-content\/uploads\/logo_claudo-mador-plus-600x182.png 600w, https:\/\/www.guardiandampremoval.com\/wp-content\/uploads\/logo_claudo-mador-plus.png 619w\" sizes=\"auto, (max-width: 200px) 100vw, 200px\" \/><\/div><\/div><\/div><\/div><div class=\"wpb_column vc_column_container\"><div class=\"vc_column-inner\"><div class=\"wpb_text_column\"><div class=\"wpb_wrapper\">\n<table id=\"tablepress-5\" class=\"tablepress tablepress-id-5\">\n<tbody>\n<tr class=\"row-1\">\n\t<td class=\"column-1\">Ime tvrtke:<\/td><td class=\"column-2\">Claudo Mador plus d.o.o.<\/td>\n<\/tr>\n<tr class=\"row-2\">\n\t<td class=\"column-1\">Ulica:<\/td><td class=\"column-2\">Ulica grada Vukovara 237D<\/td>\n<\/tr>\n<tr class=\"row-3\">\n\t<td class=\"column-1\">Po\u0161tanski broj:<\/td><td class=\"column-2\">10000<\/td>\n<\/tr>\n<tr class=\"row-4\">\n\t<td class=\"column-1\">Grad:<\/td><td class=\"column-2\">Zagreb<\/td>\n<\/tr>\n<tr class=\"row-5\">\n\t<td class=\"column-1\">Dr\u017eava<\/td><td class=\"column-2\">Hrvatska<\/td>\n<\/tr>\n<tr class=\"row-6\">\n\t<td class=\"column-1\">OIB: <\/td><td class=\"column-2\">HR13923658980<\/td>\n<\/tr>\n<tr class=\"row-7\">\n\t<td class=\"column-1\">IBAN:<\/td><td class=\"column-2\">HR9624020061100760023<\/td>\n<\/tr>\n<tr class=\"row-8\">\n\t<td class=\"column-1\">Banka:<\/td><td class=\"column-2\">Erste&amp;Steierm\u00e4rkische Bank d.d.<\/td>\n<\/tr>\n<tr class=\"row-9\">\n\t<td class=\"column-1\">SWIFT\/BIC: <\/td><td class=\"column-2\">ESBCHR22<\/td>\n<\/tr>\n<\/tbody>\n<\/table>\n<!-- #tablepress-5 from cache -->\n<\/div><\/div><\/div><\/div><\/div><\/div><\/div><\/div><\/div><\/section><section class=\"l-section wpb_row height_small color_primary with_img parallax_ver\"><div class=\"l-section-img\" role=\"img\" aria-label=\"Slika\" data-img-width=\"1024\" data-img-height=\"729\" style=\"background-image: url(https:\/\/www.guardiandampremoval.com\/wp-content\/uploads\/zelenilo.webp);\"><\/div><div class=\"l-section-h i-cf\"><div class=\"g-cols vc_row via_grid cols_1 laptops-cols_inherit tablets-cols_inherit mobiles-cols_1 valign_middle type_default stacking_default\"><div class=\"wpb_column vc_column_container\"><div class=\"vc_column-inner\"><div class=\"w-actionbox color_primary controls_bottom\"><div class=\"w-actionbox-text\"><h3 class=\"w-actionbox-title\">Za\u0161titite svoj objekt i pobolj\u0161ajte kvalitetu \u017eivota!<\/h3><\/div><div class=\"w-actionbox-controls\"><a class=\"w-btn us-btn-style_2\" style=\"font-size:18px\" href=\"https:\/\/www.guardiandampremoval.com\/hr\/trgovina\/\"><span class=\"w-btn-label\">Posjetite na\u0161u trgovinu<\/span><\/a><\/div><\/div><\/div><\/div><\/div><\/div><\/section>","protected":false},"excerpt":{"rendered":"Contact Support working hoursMonday to Friday from 9a.m. to 5p.m. +385 (0)1 209 44 00+385 (0)1 209 33 00+385 (0)98 388 652+385 (0)91 7855 837Contact us via WhatsAppsales@guardiandampremoval.com Your full name* Your email* Phone number* Your message* The page is protected using the reCAPTCHA system and Google's &nbsp;usage rules apply &nbsp; and &nbsp;terms of service...","protected":false},"author":1,"featured_media":0,"parent":0,"menu_order":0,"comment_status":"closed","ping_status":"closed","template":"","meta":{"footnotes":""},"class_list":["post-540","page","type-page","status-publish","hentry"],"_links":{"self":[{"href":"https:\/\/www.guardiandampremoval.com\/hr\/wp-json\/wp\/v2\/pages\/540","targetHints":{"allow":["GET"]}}],"collection":[{"href":"https:\/\/www.guardiandampremoval.com\/hr\/wp-json\/wp\/v2\/pages"}],"about":[{"href":"https:\/\/www.guardiandampremoval.com\/hr\/wp-json\/wp\/v2\/types\/page"}],"author":[{"embeddable":true,"href":"https:\/\/www.guardiandampremoval.com\/hr\/wp-json\/wp\/v2\/users\/1"}],"replies":[{"embeddable":true,"href":"https:\/\/www.guardiandampremoval.com\/hr\/wp-json\/wp\/v2\/comments?post=540"}],"version-history":[{"count":37,"href":"https:\/\/www.guardiandampremoval.com\/hr\/wp-json\/wp\/v2\/pages\/540\/revisions"}],"predecessor-version":[{"id":3644,"href":"https:\/\/www.guardiandampremoval.com\/hr\/wp-json\/wp\/v2\/pages\/540\/revisions\/3644"}],"wp:attachment":[{"href":"https:\/\/www.guardiandampremoval.com\/hr\/wp-json\/wp\/v2\/media?parent=540"}],"curies":[{"name":"wp","href":"https:\/\/api.w.org\/{rel}","templated":true}]}}