{"id":2603,"date":"2024-08-03T21:44:09","date_gmt":"2024-08-03T21:44:09","guid":{"rendered":"https:\/\/www.guardiandampremoval.com\/?post_type=product&#038;p=2603"},"modified":"2025-03-10T12:26:59","modified_gmt":"2025-03-10T12:26:59","slug":"guardian-damp-removal-pro-25","status":"publish","type":"product","link":"https:\/\/www.guardiandampremoval.com\/hr\/product\/guardian-damp-removal-pro-25\/","title":{"rendered":"GUARDIAN damp removal PRO 25"},"content":{"rendered":"<p>Radijus djelovanja ovog modela je<strong> 25 metara (82 stope)<\/strong> od mjesta ugradnje u \"idealnim uvijetima\". Pod \"idealnim uvjetima\" se smatra da se prvi zid nalazi na udaljenosti od 25 metara. Kako signal slabi prolaskom kroz vi\u0161e zidova, efektivna udaljenost djelovanja se smanjuje.<strong>Najbolja pozicija za ugradnju ure\u0111aja je u centru objekta, ili ako se ugra\u0111uje vi\u0161e ure\u0111aja, napravi se plan poziioniranja kako bi svi dijelovi objekta bili kvalitetno pokriveni signalom.<\/strong><\/p>\n<p>Ovo je ure\u0111aj iz serije PRO koji ima najprodornije signale s najve\u0107im dometom i stoga se naj\u010de\u0161\u0107e koristi za velike objekte i objekte od javne namjene. Ure\u0111aj ima ugra\u0111en modul za pra\u0107enje radnih sati tj koliko je vremena proveo u ispravnom radu. Ako do\u0111e do neke gre\u0161ke pri radu ili se ure\u0111aj isklju\u010di iz uti\u010dnice, vrijeme na broja\u010du \u0107e se zaustaviti. U objektima kod kojih je velika fluktuacija ljudi, nu\u017eno je imati informaciju da li je ure\u0111aj cijelo vrijeme radiio ili ga je netko isklju\u010divao.<\/p>\n<p><strong>Objekti ve\u0107i od radijusa djelovanja ure\u0111aja zahtijevaju ugradnju vi\u0161e ure\u0111aja.<\/strong> Ako je objekt gra\u0111en s unutarnjim (pregradnim) armiranobetonskim zidovima koji sadr\u017ee metalnu mre\u017eu, prolaz signala kroz te zidove \u0107e biti smanjen ili \u010dak prekinut (nastaje Faradayev kavez). U takvim slu\u010dajevima potrebno je postaviti vi\u0161e ure\u0111aja kako bi se premostili armirani zidovi.<\/p>\n<p><strong>Za ostvarivanje dobrih rezultata, nu\u017ena je uti\u010dnica sa izvedenim uzemljenjem<\/strong> Strujna instalacija mora biti u kontaktu sa zemljom kori\u0161tenjem sonde (\u0161ipke) ili trake za uzemljenje, ne nulovanjem.<\/p>\n<p>Zidovi objekta \u0107e biti suhi u periodu od <strong>6 do 12 mjeseci<\/strong> jer se radom ure\u0111aja vlaga vra\u0107a natrag u zemlju istim putem kojim je i do\u0161la - kapilarama gra\u0111evinskog materijala.<\/p>\n<p><strong>Neugodan miris vlage nestat \u0107e puno ranije.<\/strong><\/p>","protected":false},"excerpt":{"rendered":"<p>Radijus djelovanja ovog modela je 25 metara (82 stope) od mjesta ugradnje i prete\u017eno se koristi za ve\u0107e objekte i one od javne namjene.<\/p>","protected":false},"featured_media":2564,"template":"","meta":[],"product_brand":[],"product_cat":[28,30],"product_tag":[],"class_list":{"0":"post-2603","1":"product","2":"type-product","3":"status-publish","4":"has-post-thumbnail","6":"product_cat-guardian-damp-removal","7":"product_cat-pro","9":"first","10":"instock","11":"taxable","12":"shipping-taxable","13":"product-type-variable"},"_links":{"self":[{"href":"https:\/\/www.guardiandampremoval.com\/hr\/wp-json\/wp\/v2\/product\/2603","targetHints":{"allow":["GET"]}}],"collection":[{"href":"https:\/\/www.guardiandampremoval.com\/hr\/wp-json\/wp\/v2\/product"}],"about":[{"href":"https:\/\/www.guardiandampremoval.com\/hr\/wp-json\/wp\/v2\/types\/product"}],"wp:featuredmedia":[{"embeddable":true,"href":"https:\/\/www.guardiandampremoval.com\/hr\/wp-json\/wp\/v2\/media\/2564"}],"wp:attachment":[{"href":"https:\/\/www.guardiandampremoval.com\/hr\/wp-json\/wp\/v2\/media?parent=2603"}],"wp:term":[{"taxonomy":"product_brand","embeddable":true,"href":"https:\/\/www.guardiandampremoval.com\/hr\/wp-json\/wp\/v2\/product_brand?post=2603"},{"taxonomy":"product_cat","embeddable":true,"href":"https:\/\/www.guardiandampremoval.com\/hr\/wp-json\/wp\/v2\/product_cat?post=2603"},{"taxonomy":"product_tag","embeddable":true,"href":"https:\/\/www.guardiandampremoval.com\/hr\/wp-json\/wp\/v2\/product_tag?post=2603"}],"curies":[{"name":"wp","href":"https:\/\/api.w.org\/{rel}","templated":true}]}}