{"id":1556,"date":"2016-10-07T16:23:23","date_gmt":"2016-10-07T16:23:23","guid":{"rendered":"http:\/\/impreza9.us-themes.com\/?page_id=1556"},"modified":"2025-01-26T16:45:48","modified_gmt":"2025-01-26T16:45:48","slug":"moj-racun","status":"publish","type":"page","link":"https:\/\/www.guardiandampremoval.com\/sl\/my-account\/","title":{"rendered":"Moj ra\u010dun"},"content":{"rendered":"<section class=\"l-section wpb_row height_medium\"><div class=\"l-section-h i-cf\"><div class=\"g-cols vc_row via_grid cols_1 laptops-cols_inherit tablets-cols_inherit mobiles-cols_1 valign_top type_default stacking_default\"><div class=\"wpb_column vc_column_container\"><div class=\"vc_column-inner\"><h1 class=\"w-post-elm post_title align_center entry-title color_link_inherit\">Moj ra\u010dun<\/h1><div class=\"w-separator size_medium\"><\/div>\t<div class=\"w-account-login woocommerce style_default us-field-style_1\">\r\n\t\t<div class=\"woocommerce-notices-wrapper\"><\/div>\n\n<div class=\"u-columns col2-set\" id=\"customer_login\">\n\n\t<div class=\"u-column1 col-1\">\n\n\n\t\t<h2 data-no-translation=\"\" data-trp-gettext=\"\">Prijava<\/h2>\n\n\t\t<form class=\"woocommerce-form woocommerce-form-login login\" method=\"post\" novalidate action=\"\">\n\n\t\t\t\n\t\t\t<p class=\"woocommerce-form-row woocommerce-form-row--wide form-row form-row-wide\">\n\t\t\t\t<label for=\"username\">Uporabni\u0161ko ime ali e-po\u0161tni naslov&nbsp;<span class=\"required\" aria-hidden=\"true\">*<\/span><span class=\"screen-reader-text\" data-no-translation=\"\" data-trp-gettext=\"\">Zahtevano<\/span><\/label>\n\t\t\t\t<input type=\"text\" class=\"woocommerce-Input woocommerce-Input--text input-text\" name=\"username\" id=\"username\" autocomplete=\"username\" value=\"\" required aria-required=\"true\" \/>\t\t\t<\/p>\n\t\t\t<p class=\"woocommerce-form-row woocommerce-form-row--wide form-row form-row-wide\">\n\t\t\t\t<label for=\"password\">Geslo&nbsp;<span class=\"required\" aria-hidden=\"true\">*<\/span><span class=\"screen-reader-text\" data-no-translation=\"\" data-trp-gettext=\"\">Zahtevano<\/span><\/label>\n\t\t\t\t<input class=\"woocommerce-Input woocommerce-Input--text input-text\" type=\"password\" name=\"password\" id=\"password\" autocomplete=\"current-password\" required aria-required=\"true\" \/>\n\t\t\t<\/p>\n\n\t\t\t<input type=\"hidden\" name=\"rememberme\" value=\"forever\">\n\t\t\t<p class=\"form-row\">\n\t\t\t\t<label class=\"woocommerce-form__label woocommerce-form__label-for-checkbox woocommerce-form-login__rememberme\">\n\t\t\t\t\t<input class=\"woocommerce-form__input woocommerce-form__input-checkbox\" name=\"rememberme\" type=\"checkbox\" id=\"rememberme\" value=\"forever\" \/> <span data-no-translation=\"\" data-trp-gettext=\"\">Zapomni si me<\/span>\n\t\t\t\t<\/label>\n\t\t\t\t<input type=\"hidden\" id=\"woocommerce-login-nonce\" name=\"woocommerce-login-nonce\" value=\"0d7b02f54a\" \/><input type=\"hidden\" name=\"_wp_http_referer\" value=\"\/sl\/wp-json\/wp\/v2\/pages\/1556\" \/>\t\t\t\t<button type=\"submit\" class=\"woocommerce-button button woocommerce-form-login__submit\" name=\"login\" value=\"Prijava\" data-no-translation=\"\" data-trp-gettext=\"\" data-no-translation-value=\"\">Prijava<\/button>\n\t\t\t<\/p>\n\t\t\t<p class=\"woocommerce-LostPassword lost_password\">\n\t\t\t\t<a href=\"https:\/\/www.guardiandampremoval.com\/sl\/my-account\/lost-password\/\" data-no-translation=\"\" data-trp-gettext=\"\">Ali ste pozabili geslo?<\/a>\n\t\t\t<\/p>\n\n\t\t\t\n\t\t<input type=\"hidden\" name=\"trp-form-language\" value=\"sl\"\/><\/form>\n\n\n\t<\/div>\n\n\t<div class=\"u-column2 col-2\">\n\n\t\t<h2 data-no-translation=\"\" data-trp-gettext=\"\">Registracija<\/h2>\n\n\t\t<form method=\"post\" class=\"woocommerce-form woocommerce-form-register register\" action=\"\"  >\n\n\t\t\t\n\t\t\t\n\t\t\t\t<p class=\"woocommerce-form-row woocommerce-form-row--wide form-row form-row-wide\">\n\t\t\t\t\t<label for=\"reg_username\">Uporabni\u0161ko ime&nbsp;<span class=\"required\" aria-hidden=\"true\">*<\/span><span class=\"screen-reader-text\" data-no-translation=\"\" data-trp-gettext=\"\">Zahtevano<\/span><\/label>\n\t\t\t\t\t<input type=\"text\" class=\"woocommerce-Input woocommerce-Input--text input-text\" name=\"username\" id=\"reg_username\" autocomplete=\"username\" value=\"\" required aria-required=\"true\" \/>\t\t\t\t<\/p>\n\n\t\t\t\n\t\t\t<p class=\"woocommerce-form-row woocommerce-form-row--wide form-row form-row-wide\">\n\t\t\t\t<label for=\"reg_email\">E-po\u0161tni naslov&nbsp;<span class=\"required\" aria-hidden=\"true\">*<\/span><span class=\"screen-reader-text\" data-no-translation=\"\" data-trp-gettext=\"\">Zahtevano<\/span><\/label>\n\t\t\t\t<input type=\"email\" class=\"woocommerce-Input woocommerce-Input--text input-text\" name=\"email\" id=\"reg_email\" autocomplete=\"email\" value=\"\" required aria-required=\"true\" \/>\t\t\t<\/p>\n\n\t\t\t\n\t\t\t\t<p data-no-translation=\"\" data-trp-gettext=\"\">Na e-po\u0161tni naslov boste prejeli povezavo za nastavitev novega gesla.<\/p>\n\n\t\t\t\n\t\t\t<wc-order-attribution-inputs><\/wc-order-attribution-inputs><div class=\"woocommerce-privacy-policy-text\"><p>Va\u0161i osebni podatki bodo uporabljeni za podporo va\u0161i izku\u0161nji na tem spletnem mestu, za upravljanje dostopa do va\u0161ega ra\u010duna in za druge namene, opisane v na\u0161em <a href=\"https:\/\/www.guardiandampremoval.com\/sl\/privacy-policy\/\" class=\"woocommerce-privacy-policy-link\" target=\"_blank\" data-no-translation=\"\" data-trp-gettext=\"\">pravilnik o zasebnosti<\/a>.<\/p>\n<\/div>\n\t\t\t<p class=\"woocommerce-form-row form-row\">\n\t\t\t\t<input type=\"hidden\" id=\"woocommerce-register-nonce\" name=\"woocommerce-register-nonce\" value=\"8a43603354\" \/><input type=\"hidden\" name=\"_wp_http_referer\" value=\"\/sl\/wp-json\/wp\/v2\/pages\/1556\" \/>\t\t\t\t<button type=\"submit\" class=\"woocommerce-Button woocommerce-button button woocommerce-form-register__submit\" name=\"register\" value=\"Registracija\" data-no-translation=\"\" data-trp-gettext=\"\" data-no-translation-value=\"\">Registracija<\/button>\n\t\t\t<\/p>\n\n\t\t\t\n\t\t<input type=\"hidden\" name=\"trp-form-language\" value=\"sl\"\/><\/form>\n\n\t<\/div>\n\n<\/div>\n\n\t<\/div>\r\n\t<div class=\"g-cols wpb_row via_grid cols_1-3 laptops-cols_inherit tablets-cols_inherit mobiles-cols_1 valign_top type_default stacking_default\" style=\"--columns-gap:3rem;\"><div class=\"wpb_column vc_column_container\"><div class=\"vc_column-inner\"><\/div><\/div><div class=\"wpb_column vc_column_container\"><div class=\"vc_column-inner\"><\/div><\/div><\/div><\/div><\/div><\/div><\/div><\/section>","protected":false},"excerpt":{"rendered":"Moj ra\u010dun Prijava Uporabni\u0161ko ime ali e-po\u0161tni naslov&nbsp;*Zahtevano Geslo&nbsp;*Zahtevano Zapomni si me Prijava Ali ste pozabili geslo? Registracija Uporabni\u0161ko ime&nbsp;*Zahtevano E-po\u0161tni naslov&nbsp;*Zahtevano Na e-po\u0161tni naslov boste prejeli povezavo za nastavitev novega gesla. Your personal data will be used to support your...","protected":false},"author":1,"featured_media":0,"parent":0,"menu_order":0,"comment_status":"closed","ping_status":"closed","template":"","meta":{"footnotes":""},"class_list":["post-1556","page","type-page","status-publish","hentry"],"_links":{"self":[{"href":"https:\/\/www.guardiandampremoval.com\/sl\/wp-json\/wp\/v2\/pages\/1556","targetHints":{"allow":["GET"]}}],"collection":[{"href":"https:\/\/www.guardiandampremoval.com\/sl\/wp-json\/wp\/v2\/pages"}],"about":[{"href":"https:\/\/www.guardiandampremoval.com\/sl\/wp-json\/wp\/v2\/types\/page"}],"author":[{"embeddable":true,"href":"https:\/\/www.guardiandampremoval.com\/sl\/wp-json\/wp\/v2\/users\/1"}],"replies":[{"embeddable":true,"href":"https:\/\/www.guardiandampremoval.com\/sl\/wp-json\/wp\/v2\/comments?post=1556"}],"version-history":[{"count":24,"href":"https:\/\/www.guardiandampremoval.com\/sl\/wp-json\/wp\/v2\/pages\/1556\/revisions"}],"predecessor-version":[{"id":3252,"href":"https:\/\/www.guardiandampremoval.com\/sl\/wp-json\/wp\/v2\/pages\/1556\/revisions\/3252"}],"wp:attachment":[{"href":"https:\/\/www.guardiandampremoval.com\/sl\/wp-json\/wp\/v2\/media?parent=1556"}],"curies":[{"name":"wp","href":"https:\/\/api.w.org\/{rel}","templated":true}]}}