{"id":2836,"date":"2024-08-15T11:17:23","date_gmt":"2024-08-15T11:17:23","guid":{"rendered":"https:\/\/www.guardiandampremoval.com\/?page_id=2836"},"modified":"2024-09-12T17:10:31","modified_gmt":"2024-09-12T17:10:31","slug":"pogoji-in-dolocila","status":"publish","type":"page","link":"https:\/\/www.guardiandampremoval.com\/sl\/terms-and-conditions\/","title":{"rendered":"Pogoji in dolo\u010dila"},"content":{"rendered":"<h1 class=\"custom-page--tab-headline\">Pogoji in dolo\u010dila<\/h1>\n<p>Splo\u0161ni pogoji poslovanja in dostave podjetja<span>\u00a0<\/span><strong>Claudo mador plus doo<\/strong><\/p>\n<p>Od: oktober 2024<\/p>\n<p>Pla\u010dilo<span>\u00a0<\/span>&amp;<span>\u00a0<\/span>Dostava<\/p>\n<h3>A) Kako naro\u010diti pri nas<\/h3>\n<ol>\n<li><strong>Naro\u010dilo<\/strong>\n<p>Nudimo vam udobno naro\u010danje v na\u0161i spletni trgovini. Kupoprodajno pogodbo lahko sklenete v nem\u0161kem, angle\u0161kem, slovenskem ali hrva\u0161kem jeziku.<\/p>\n<p><strong>Mo\u017enosti pla\u010dila<\/strong><\/p>\n<ul>\n<li><strong>Pla\u010dilo vnaprej<\/strong><br \/>\nPri naro\u010dilu z vnaprej\u0161njim pla\u010dilom bo blago odpremljeno takoj, ko bo znesek na ra\u010dunu nakazan na na\u0161 ban\u010dni ra\u010dun.<\/li>\n<li><strong>Kreditna kartica<\/strong><br \/>\nSprejemamo pla\u010dila s kreditnimi karticami Mastercard ali Visa.<\/li>\n<\/ul>\n<p><strong>Dostava<\/strong><\/p>\n<p>Dostava poteka prek GLS. V \u0161tevilnih evropskih dr\u017eavah lahko izbirate med ponujenimi logisti\u010dnimi partnerji. Naro\u010dila vam dostavimo neposredno na dom. \u010ce vas dostavljavec ne more dose\u010di, vas o tem pisno obvestimo. Nato se boste lahko dogovorili za ponovno dostavo ali paket prevzeli v bli\u017enjem skladi\u0161\u010du.<\/p>\n<p>Za dostavo v dr\u017eave zunaj EU veljajo dodatne carinske dajatve, davki in pristojbine. Za ve\u010d informacij o carinah glejte <a style=\"letter-spacing: 0em;\" href=\"https:\/\/taxation-customs.ec.europa.eu\/customs-4\/calculation-customs-duties_en\" target=\"_blank\" rel=\"nofollow noopener\">http:\/\/ec.europa.eu\/taxation<\/a><\/li>\n<\/ol>\n<h3>B) Politika odpovedi, od\u0161kodnine, povezane s prevozom, in varstvo podatkov<\/h3>\n<ol>\n<li><strong>Potro\u0161nikova pravica do odstopa od pogodbe<\/strong>\n<p>Potro\u0161niki imajo pravico do odstopa od pogodbe v skladu z naslednjimi dolo\u010dbami. Potro\u0161nik je vsaka fizi\u010dna oseba, ki sklene pravni posel za namene, ki jih prete\u017eno ni mogo\u010de pripisati niti njeni poslovni niti neodvisni poklicni dejavnosti.<\/p>\n<p><strong>Pravilnik o odpovedi<\/strong><\/p>\n<p>Potro\u0161niki imajo \u0161tirinajstdnevno pravico do odstopa od pogodbe.<\/p>\n<p><strong>Pravica do umika<\/strong><\/p>\n<p>To pogodbo imate pravico odpovedati v \u0161tirinajstih dneh brez navedbe razlogov. Rok za odstop od pogodbe je \u0161tirinajst dni od dneva, ko vi ali tretja oseba, ki jo navedete in ni prevoznik, prevzame zadnji predmet.<\/p>\n<p>Za uveljavljanje pravice do umika nas morate obvestiti (Claudo Mador Plus doo, Ulica Grada Vukovara 237D, 10000 Zagreb, Hrva\u0161ka, <a rel=\"noopener\">sales@guardiandampremoval.com<\/a>, telefon +38598388652) z nedvoumno izjavo (npr. s pismom, poslanim po po\u0161ti ali elektronski po\u0161ti) o svoji odlo\u010ditvi, da odstopate od te pogodbe. V ta namen lahko uporabite prilo\u017eeni vzorec obrazca za odstop od pogodbe, \u010deprav to ni obvezno.<\/p>\n<p>Za spo\u0161tovanje roka je dovolj, da obvestilo o uveljavljanju pravice do odstopa od pogodbe po\u0161ljete pred iztekom roka za odstop od pogodbe.<\/p>\n<p><strong>U\u010dinki odtegnitve<\/strong><\/p>\n<p>\u010ce odstopite od te pogodbe, smo vam dol\u017eni nemudoma, najpozneje pa v \u0161tirinajstih dneh od dneva, ko smo prejeli va\u0161e obvestilo o odstopu od te pogodbe, vrniti vsa pla\u010dila, ki smo jih prejeli od vas, vklju\u010dno s stro\u0161ki dostave (razen morebitnih dodatnih stro\u0161kov zaradi va\u0161e izbire vrste dostave, ki ni najugodnej\u0161a standardna dostava, ki smo jo ponudili). Za to povra\u010dilo bomo uporabili isto pla\u010dilno sredstvo, kot ste ga uporabili pri prvotni transakciji, razen \u010de ni izrecno dogovorjeno druga\u010de; v nobenem primeru vam zaradi tega povra\u010dila ne bomo zara\u010dunali nobenih stro\u0161kov. Povra\u010dilo lahko zavrnemo, dokler ne prejmemo blaga nazaj ali dokler ne predlo\u017eite dokazila, da ste blago vrnili, karkoli se zgodi prej.<\/p>\n<p>Dejanske stro\u0161ke vra\u010dila blaga nosite vi.<\/p>\n<p>Blago nam morate vrniti ali izro\u010diti takoj, v vsakem primeru pa najpozneje v \u0161tirinajstih dneh od dneva, ko nas obvestite o odstopu od te pogodbe. Rok je upo\u0161tevan, \u010de blago po\u0161ljete pred iztekom \u0161tirinajstdnevnega roka.<\/p>\n<p>Morebitno zmanj\u0161anje vrednosti blaga boste morali pla\u010dati le, \u010de je to zmanj\u0161anje posledica ravnanja z blagom na na\u010din, ki ni potreben za preverjanje njegovega stanja, lastnosti in delovanja.<\/p>\n<div>\n<p><strong><a href=\"#\" target=\"_blank\" rel=\"nofollow noopener\">Obrazec za preklic modela<\/a><\/strong><\/p>\n<p>(\u010ce \u017eelite odpovedati pogodbo, izpolnite spodnji obrazec in nam ga po\u0161ljite nazaj.)<\/p>\n<p>- To Claudo mador plus doo; Ulica grada Vukovara 237d; 10000 Zagreb, Hrva\u0161ka; <a rel=\"noopener\">sales@guardiandampremoval.com<\/a><\/p>\n<p>- Jaz \/ Mi (<em>) s tem sporo\u010dam, da jaz \/ mi (<\/em>) prekli\u010dite moje \/ na\u0161e (<em>) pogodba o prodaji naslednjega blaga (<\/em>) \/ za opravljanje naslednje storitve (*)<\/p>\n<p>- Naro\u010deno na (<em>) \/ prejeto na (<\/em>)<\/p>\n<p>- Ime potro\u0161nika(-ov)<\/p>\n<p>- Naslov potro\u0161nika(-ov)<\/p>\n<p>- Podpis potro\u0161nika(-ov) (samo \u010de je predlo\u017een na papirju)<\/p>\n<p>- Datum<\/p>\n<p>(*) Ustrezno \u010drtajte.<\/p>\n<p><strong>Po\u0161kodbe pri prevozu\/to\u017ebe<\/strong><br \/>\nStranke prosimo, da v enem tednu sporo\u010dijo morebitne o\u010ditne napake. V primeru vidnih po\u0161kodb pri prevozu takoj preverite paket in od prevoznega podjetja pridobite potrdilo o po\u0161kodbi.<\/p>\n<\/div>\n<\/li>\n<li><strong>Re\u0161evanje sporov<\/strong><br \/>\nAlternativno re\u0161evanje sporov v skladu s \u010dl. 14(1) Uredbe o ODR in \u010dlenom 36 VSBG: Evropska komisija zagotavlja platformo za spletno re\u0161evanje sporov (ODR), ki je na voljo na <a href=\"http:\/\/ec.europa.eu\/consumers\/odr\/\" target=\"_new\" rel=\"noopener\">http:\/\/ec.europa.eu\/consumers\/odr\/<\/a>. Nismo niti dol\u017eni niti pripravljeni sodelovati v postopku re\u0161evanja sporov pred potro\u0161ni\u0161ko arbitra\u017eo.<\/p>\n<p><strong>Varstvo podatkov<\/strong><br \/>\nInformacije o varstvu podatkov <a href=\"#\" rel=\"noopener\">tukaj<\/a>.<\/li>\n<\/ol>\n<hr \/>\n<p><strong>Prikaz izdelkov v spletni trgovini ne predstavlja pravno zavezujo\u010de ponudbe, temve\u010d nezavezujo\u010d spletni katalog. S klikom na gumb \"Naro\u010dilo je predmet pla\u010dila\" oddate zavezujo\u010de naro\u010dilo za blago v nakupovalni ko\u0161arici. Takoj po oddaji naro\u010dila boste prejeli potrditev, ki potrjuje prejem naro\u010dila, vendar ne pomeni sprejetja pogodbe. Va\u0161e naro\u010dilo lahko sprejmemo tako, da vam po\u0161ljemo potrditev naro\u010dila po elektronski po\u0161ti ali dostavimo blago v petih dneh.<\/strong><\/p>\n<h3>C) Promocijski kuponi<\/h3>\n<p>Kodo kupona je treba med postopkom naro\u010dila vnesti v polje za kupon na strani \"Dostava\/pla\u010dilo\" in jo potrditi s klikom na gumb \"Izkoristi\".<\/p>\n<p>\u010ce vrnete izdelke iz promocije in ne dose\u017eete vrednosti naro\u010dila, potrebne za pridobitev promocijskega bonusa, bo promocija razveljavljena, celoten znesek dobropisa pa bo zase\u017een. Upo\u0161tevajte tudi, da zaradi tehni\u010dnih razlogov naknadna unov\u010ditev kode kupona ni ve\u010d mogo\u010da.<\/p>\n<p>\u010ce ni navedeno druga\u010de, lahko kodo kupona uveljavljate do 24.00 (CET) na zadnji dan promocije.<\/p>\n<h3>D) Prodajalec<\/h3>\n\n<table id=\"tablepress-5\" class=\"tablepress tablepress-id-5\">\n<tbody>\n<tr class=\"row-1\">\n\t<td class=\"column-1\">Ime podjetja:<\/td><td class=\"column-2\">Claudo Mador plus d.o.o.<\/td>\n<\/tr>\n<tr class=\"row-2\">\n\t<td class=\"column-1\">Ulica:<\/td><td class=\"column-2\">Ulica grada Vukovara 237D<\/td>\n<\/tr>\n<tr class=\"row-3\">\n\t<td class=\"column-1\">Po\u0161tna \u0161tevilka:<\/td><td class=\"column-2\">10000<\/td>\n<\/tr>\n<tr class=\"row-4\">\n\t<td class=\"column-1\">Mesto \/ kraj:<\/td><td class=\"column-2\">Zagreb<\/td>\n<\/tr>\n<tr class=\"row-5\">\n\t<td class=\"column-1\">Dr\u017eava:<\/td><td class=\"column-2\">Hrva\u0161ka<\/td>\n<\/tr>\n<tr class=\"row-6\">\n\t<td class=\"column-1\">ID ZA DDV: <\/td><td class=\"column-2\">HR13923658980<\/td>\n<\/tr>\n<tr class=\"row-7\">\n\t<td class=\"column-1\">IBAN:<\/td><td class=\"column-2\">HR9624020061100760023<\/td>\n<\/tr>\n<tr class=\"row-8\">\n\t<td class=\"column-1\">Banka:<\/td><td class=\"column-2\">Erste&amp;Steierm\u00e4rkische Bank d.d.<\/td>\n<\/tr>\n<tr class=\"row-9\">\n\t<td class=\"column-1\">SWIFT\/BIC: <\/td><td class=\"column-2\">ESBCHR22<\/td>\n<\/tr>\n<\/tbody>\n<\/table>\n<!-- #tablepress-5 from cache -->","protected":false},"excerpt":{"rendered":"<p>Terms and Conditions General Terms and Conditions of Business and Delivery of the company\u00a0Claudo mador plus doo As of: October 2024 Payment\u00a0&amp;\u00a0Shipping A) How to order from us Order We offer the convenience of ordering from our online shop. You can choose to conclude the purchase contract in German, English, Slovenian, or Croatian. Payment Options&#8230;<\/p>","protected":false},"author":1,"featured_media":0,"parent":0,"menu_order":0,"comment_status":"closed","ping_status":"closed","template":"","meta":{"footnotes":""},"class_list":["post-2836","page","type-page","status-publish","hentry"],"_links":{"self":[{"href":"https:\/\/www.guardiandampremoval.com\/sl\/wp-json\/wp\/v2\/pages\/2836","targetHints":{"allow":["GET"]}}],"collection":[{"href":"https:\/\/www.guardiandampremoval.com\/sl\/wp-json\/wp\/v2\/pages"}],"about":[{"href":"https:\/\/www.guardiandampremoval.com\/sl\/wp-json\/wp\/v2\/types\/page"}],"author":[{"embeddable":true,"href":"https:\/\/www.guardiandampremoval.com\/sl\/wp-json\/wp\/v2\/users\/1"}],"replies":[{"embeddable":true,"href":"https:\/\/www.guardiandampremoval.com\/sl\/wp-json\/wp\/v2\/comments?post=2836"}],"version-history":[{"count":5,"href":"https:\/\/www.guardiandampremoval.com\/sl\/wp-json\/wp\/v2\/pages\/2836\/revisions"}],"predecessor-version":[{"id":2979,"href":"https:\/\/www.guardiandampremoval.com\/sl\/wp-json\/wp\/v2\/pages\/2836\/revisions\/2979"}],"wp:attachment":[{"href":"https:\/\/www.guardiandampremoval.com\/sl\/wp-json\/wp\/v2\/media?parent=2836"}],"curies":[{"name":"wp","href":"https:\/\/api.w.org\/{rel}","templated":true}]}}