{"id":2839,"date":"2024-08-15T11:22:06","date_gmt":"2024-08-15T11:22:06","guid":{"rendered":"https:\/\/www.guardiandampremoval.com\/?page_id=2839"},"modified":"2025-01-22T10:03:52","modified_gmt":"2025-01-22T10:03:52","slug":"pravilnik-o-piskotkih","status":"publish","type":"page","link":"https:\/\/www.guardiandampremoval.com\/sl\/cookie-policy\/","title":{"rendered":"Pravilnik o pi\u0161kotkih"},"content":{"rendered":"<h1 class=\"cookie-policy-h1\">Pravilnik o pi\u0161kotkih<\/h1>\n<p>Datum za\u010detka veljavnosti: 15. avgust 2024<br \/>\nNazadnje posodobljeno: 15-Aug-2024<\/p>\n<p>&nbsp;<\/p>\n<h5>Kaj so pi\u0161kotki?<\/h5>\n<div class=\"cookie-policy-p\">\n<p>Ta pravilnik o pi\u0161kotkih pojasnjuje, kaj so pi\u0161kotki in kako jih uporabljamo, katere vrste pi\u0161kotkov uporabljamo, tj. katere podatke zbiramo s pi\u0161kotki in kako jih uporabljamo ter kako upravljati nastavitve pi\u0161kotkov.<\/p>\n<p>Pi\u0161kotki so majhne besedilne datoteke, ki se uporabljajo za shranjevanje majhnih informacij. V va\u0161o napravo se shranijo, ko se spletno mesto nalo\u017ei v va\u0161 brskalnik. Ti pi\u0161kotki nam pomagajo, da spletno mesto pravilno deluje, da je bolj varno, da zagotovimo bolj\u0161o uporabni\u0161ko izku\u0161njo in da razumemo, kako spletno mesto deluje, ter analiziramo, kaj deluje in kje so potrebne izbolj\u0161ave.<\/p>\n<\/div>\n<p>&nbsp;<\/p>\n<h5>Kako uporabljamo pi\u0161kotke?<\/h5>\n<div class=\"cookie-policy-p\">\n<p>Kot ve\u010dina spletnih storitev tudi na\u0161e spletno mesto uporablja pi\u0161kotke prve in tretje osebe za razli\u010dne namene. Pi\u0161kotki prve strani so ve\u010dinoma potrebni za pravilno delovanje spletnega mesta in ne zbirajo nobenih va\u0161ih osebnih podatkov.<\/p>\n<p>Pi\u0161kotki tretjih oseb, ki se uporabljajo na na\u0161em spletnem mestu, so namenjeni predvsem za razumevanje delovanja spletnega mesta, interakcije z na\u0161im spletnim mestom, zagotavljanje varnosti na\u0161ih storitev, zagotavljanje oglasov, ki so za vas pomembni, ter za zagotavljanje bolj\u0161e in izbolj\u0161ane uporabni\u0161ke izku\u0161nje in pospe\u0161evanje va\u0161ih prihodnjih interakcij z na\u0161im spletnim mestom.<\/p>\n<\/div>\n<h5>Vrste pi\u0161kotkov, ki jih uporabljamo<\/h5>\n<div class=\"cky-audit-table-element\">\n<p>Na na\u0161i spletni strani uporabljamo ve\u010d vrst pi\u0161kotkov, da izbolj\u0161amo va\u0161e izku\u0161nje. Vsaka vrsta pi\u0161kotkov ima razli\u010dne namene, vi pa jih lahko upravljate glede na svoje preference.<\/p>\n<ol>\n<li><strong>Bistveni pi\u0161kotki:<\/strong>\n<ul>\n<li>Ti pi\u0161kotki so nujni za osnovno delovanje na\u0161e spletne strani. Brez njih spletna stran ne bi delovala pravilno.<\/li>\n<li>Primeri: Pi\u0161kotki, ki vam omogo\u010dajo prijavo, dodajanje artiklov v ko\u0161arico ali zapomnitev va\u0161ih nastavitev iz prej\u0161njih obiskov.<\/li>\n<\/ul>\n<\/li>\n<li><strong>Analiti\u010dni\/izvedbeni pi\u0161kotki:<\/strong>\n<ul>\n<li>Ti pi\u0161kotki nam pomagajo razumeti, kako uporabniki interagirajo z na\u0161o spletno stranjo. Na podlagi teh podatkov izbolj\u0161ujemo obliko in funkcionalnost spletne strani.<\/li>\n<li>Primeri: Pi\u0161kotki, ki spremljajo \u0161tevilo obiskov, \u010das, pre\u017eivet na strani, in strani, ki ste jih obiskali. Uporaba Google Analytics spada v to kategorijo.<\/li>\n<\/ul>\n<\/li>\n<li><strong>Funkcionalni pi\u0161kotki:<\/strong>\n<ul>\n<li>Ti pi\u0161kotki omogo\u010dajo spletni strani, da zapomni va\u0161e izbrane nastavitve in preference, kar omogo\u010da bolj osebno izku\u0161njo.<\/li>\n<li>Primeri: Pi\u0161kotki, ki zapomnejo va\u0161 jezik, temo ali druge personalizirane nastavitve.<\/li>\n<\/ul>\n<\/li>\n<li><strong>Pi\u0161kotki za ogla\u0161evanje:<\/strong>\n<ul>\n<li>Ti pi\u0161kotki se uporabljajo za prikazovanje oglasov, ki so relevantni za va\u0161e interese in vedenje pri brskanju.<\/li>\n<li>Primeri: Pi\u0161kotki, ki prikazujejo oglase na podlagi va\u0161ih prej\u0161njih dejavnosti ali navad iskanja, s \u010dimer zagotovijo, da vidite oglase, ki so za vas bolj uporabni.<\/li>\n<\/ul>\n<\/li>\n<li><strong>Pi\u0161kotki tretjih oseb:<\/strong>\n<ul>\n<li>Ti pi\u0161kotki so postavljeni s strani zunanjih partnerjev ali storitev, kot so platforme dru\u017ebenih medijev (Facebook, Twitter, Instagram) ali ogla\u0161evalci, da izbolj\u0161ajo va\u0161o interakcijo z njihovimi vsebinami na na\u0161i spletni strani.<\/li>\n<\/ul>\n<\/li>\n<\/ol>\n<p>Vsak od teh pi\u0161kotkov igra klju\u010dno vlogo pri izbolj\u0161anju va\u0161e izku\u0161nje na na\u0161i spletni strani, vi pa imate mo\u017enost upravljanja njihovimi nastavitvami glede na va\u0161e preference.<\/p>\n<\/div>\n<h5 style=\"margin-bottom: 20px;\">Upravljanje nastavitev pi\u0161kotkov<\/h5>\n<p><a class=\"cky-banner-element\">Nastavitve pi\u0161kotkov<\/a><\/p>\n<div>\n<p>Svoje nastavitve pi\u0161kotkov lahko kadar koli spremenite s klikom na zgornji gumb. Tako boste lahko ponovno obiskali pasico s soglasjem za pi\u0161kotke in spremenili svoje nastavitve ali takoj preklicali svoje soglasje.<\/p>\n<p>Poleg tega razli\u010dni brskalniki omogo\u010dajo razli\u010dne na\u010dine blokiranja in brisanja pi\u0161kotkov, ki jih uporabljajo spletna mesta. Za blokiranje\/izbris pi\u0161kotkov lahko spremenite nastavitve brskalnika. Spodaj so navedene povezave do podpornih dokumentov o upravljanju in brisanju pi\u0161kotkov iz glavnih spletnih brskalnikov.<\/p>\n<p>Chrome: <a href=\"https:\/\/support.google.com\/accounts\/answer\/32050\" target=\"_blank\" rel=\"noopener\">https:\/\/support.google.com\/accounts\/answer\/32050<\/a><\/p>\n<p>Safari: <a href=\"https:\/\/support.apple.com\/en-in\/guide\/safari\/sfri11471\/mac\" target=\"_blank\" rel=\"noopener\">https:\/\/support.apple.com\/en-in\/guide\/safari\/sfri11471\/mac<\/a><\/p>\n<p>Firefox: <a href=\"https:\/\/support.mozilla.org\/en-US\/kb\/clear-cookies-and-site-data-firefox?redirectslug=delete-cookies-remove-info-websites-stored&amp;redirectlocale=en-US\" target=\"_blank\" rel=\"noopener\">https:\/\/support.mozilla.org\/en-US\/kb\/clear-cookies-and-site-data-firefox?redirectslug=delete-cookies-remove-info-websites-stored&amp;redirectlocale=en-US<\/a><\/p>\n<p>Internet Explorer: <a href=\"https:\/\/support.microsoft.com\/en-us\/topic\/how-to-delete-cookie-files-in-internet-explorer-bca9446f-d873-78de-77ba-d42645fa52fc\" target=\"_blank\" rel=\"noopener\">https:\/\/support.microsoft.com\/en-us\/topic\/how-to-delete-cookie-files-in-internet-explorer-bca9446f-d873-78de-77ba-d42645fa52fc<\/a><\/p>\n<p>\u010ce uporabljate kateri koli drug spletni brskalnik, obi\u0161\u010dite uradne dokumente za podporo brskalnika.<\/p>\n<\/div>\n<p>&nbsp;<\/p>\n<p class=\"cookie-policy-p\">Pravilnik o pi\u0161kotkih, ki ga je ustvaril <a href=\"https:\/\/www.cookieyes.com\/?utm_source=CP&amp;utm_medium=footer&amp;utm_campaign=UW\" target=\"_blank\" rel=\"noopener\">CookieYes - Generator pravilnika o pi\u0161kotkih<\/a>.<\/p>","protected":false},"excerpt":{"rendered":"<p>Cookie Policy Effective Date: 15-Aug-2024 Last Updated: 15-Aug-2024 &nbsp; What are cookies? This Cookie Policy explains what cookies are and how we use them, the types of cookies we use i.e, the information we collect using cookies and how that information is used, and how to manage the cookie settings. Cookies are small text files&#8230;<\/p>","protected":false},"author":1,"featured_media":0,"parent":0,"menu_order":0,"comment_status":"closed","ping_status":"closed","template":"","meta":{"footnotes":""},"class_list":["post-2839","page","type-page","status-publish","hentry"],"_links":{"self":[{"href":"https:\/\/www.guardiandampremoval.com\/sl\/wp-json\/wp\/v2\/pages\/2839","targetHints":{"allow":["GET"]}}],"collection":[{"href":"https:\/\/www.guardiandampremoval.com\/sl\/wp-json\/wp\/v2\/pages"}],"about":[{"href":"https:\/\/www.guardiandampremoval.com\/sl\/wp-json\/wp\/v2\/types\/page"}],"author":[{"embeddable":true,"href":"https:\/\/www.guardiandampremoval.com\/sl\/wp-json\/wp\/v2\/users\/1"}],"replies":[{"embeddable":true,"href":"https:\/\/www.guardiandampremoval.com\/sl\/wp-json\/wp\/v2\/comments?post=2839"}],"version-history":[{"count":6,"href":"https:\/\/www.guardiandampremoval.com\/sl\/wp-json\/wp\/v2\/pages\/2839\/revisions"}],"predecessor-version":[{"id":3187,"href":"https:\/\/www.guardiandampremoval.com\/sl\/wp-json\/wp\/v2\/pages\/2839\/revisions\/3187"}],"wp:attachment":[{"href":"https:\/\/www.guardiandampremoval.com\/sl\/wp-json\/wp\/v2\/media?parent=2839"}],"curies":[{"name":"wp","href":"https:\/\/api.w.org\/{rel}","templated":true}]}}