{"id":540,"date":"2016-08-31T12:38:04","date_gmt":"2016-08-31T12:38:04","guid":{"rendered":"http:\/\/impreza9.us-themes.com\/?page_id=540"},"modified":"2026-02-22T17:47:09","modified_gmt":"2026-02-22T17:47:09","slug":"kontakt","status":"publish","type":"page","link":"https:\/\/www.guardiandampremoval.com\/sl\/contact\/","title":{"rendered":"Kontakt"},"content":{"rendered":"<section class=\"l-section wpb_row height_medium\"><div class=\"l-section-h i-cf\"><div class=\"g-cols vc_row via_grid cols_1 laptops-cols_inherit tablets-cols_inherit mobiles-cols_1 valign_top type_default stacking_default\"><div class=\"wpb_column vc_column_container\"><div class=\"vc_column-inner\"><div class=\"wpb_text_column\"><div class=\"wpb_wrapper\"><h1 style=\"text-align: center;\">Kontakt<\/h1>\n<\/div><\/div><div class=\"w-separator size_medium\"><\/div><div class=\"g-cols wpb_row via_grid cols_2 laptops-cols_inherit tablets-cols_inherit mobiles-cols_1 valign_top type_default stacking_default\" style=\"--columns-gap:3rem;\" id=\"history\"><div class=\"wpb_column vc_column_container\"><div class=\"vc_column-inner\"><section class=\"l-section wpb_row height_medium\"><div class=\"l-section-h i-cf\"><div class=\"g-cols vc_row via_grid cols_1 laptops-cols_inherit tablets-cols_inherit mobiles-cols_1 valign_top type_default stacking_default\"><div class=\"wpb_column vc_column_container\"><div class=\"vc_column-inner\"><div class=\"w-iconbox iconpos_left style_default color_primary align_none\"><div class=\"w-iconbox-icon\" style=\"font-size:2rem;\"><i class=\"fas fa-clock\"><\/i><\/div><div class=\"w-iconbox-meta\"><h5 class=\"w-iconbox-title\">Delovni \u010das podpore<\/h5><div class=\"w-iconbox-text\"><p>Od ponedeljka do petka od 9.00 do 17.00.<\/p>\n<\/div><\/div><\/div><div class=\"w-separator size_medium\"><\/div><div class=\"w-iconbox iconpos_left style_default color_primary align_none no_text\"><a href=\"tel:0038640850098\" class=\"w-iconbox-link\" aria-label=\"+386 (0)40 850 098\"><div class=\"w-iconbox-icon\" style=\"font-size:2rem;\"><i class=\"fas fa-phone\"><\/i><\/div><\/a><div class=\"w-iconbox-meta\"><h5 class=\"w-iconbox-title\"><a href=\"tel:0038640850098\" class=\"w-iconbox-link\" aria-label=\"+386 (0)40 850 098\">+386 (0)40 850 098<\/a><\/h5><\/div><\/div><div class=\"w-separator size_small\"><\/div><div class=\"w-iconbox iconpos_left style_default color_primary align_none no_text\"><a href=\"tel:0038640850123\" class=\"w-iconbox-link\" aria-label=\"+386 (0)40 850 123\"><div class=\"w-iconbox-icon\" style=\"font-size:2rem;\"><i class=\"fas fa-phone\"><\/i><\/div><\/a><div class=\"w-iconbox-meta\"><h5 class=\"w-iconbox-title\"><a href=\"tel:0038640850123\" class=\"w-iconbox-link\" aria-label=\"+386 (0)40 850 123\">+386 (0)40 850 123<\/a><\/h5><\/div><\/div><div class=\"w-separator size_small\"><\/div><div class=\"w-iconbox iconpos_left style_default color_primary align_none no_text\"><a href=\"tel:0038512094400\" class=\"w-iconbox-link\" aria-label=\"+385 (0)1 209 44 00\"><div class=\"w-iconbox-icon\" style=\"font-size:2rem;\"><i class=\"fas fa-phone\"><\/i><\/div><\/a><div class=\"w-iconbox-meta\"><h5 class=\"w-iconbox-title\"><a href=\"tel:0038512094400\" class=\"w-iconbox-link\" aria-label=\"+385 (0)1 209 44 00\">+385 (0)1 209 44 00<\/a><\/h5><\/div><\/div><div class=\"w-separator size_small\"><\/div><div class=\"w-iconbox iconpos_left style_default color_primary align_none no_text\"><a href=\"tel:0038512093300\" class=\"w-iconbox-link\" aria-label=\"+385 (0)1 209 33 00\"><div class=\"w-iconbox-icon\" style=\"font-size:2rem;\"><i class=\"fas fa-phone\"><\/i><\/div><\/a><div class=\"w-iconbox-meta\"><h5 class=\"w-iconbox-title\"><a href=\"tel:0038512093300\" class=\"w-iconbox-link\" aria-label=\"+385 (0)1 209 33 00\">+385 (0)1 209 33 00<\/a><\/h5><\/div><\/div><div class=\"w-separator size_small\"><\/div><div class=\"w-iconbox iconpos_left style_default color_primary align_none no_text\"><a href=\"tel:0038598388652\" class=\"w-iconbox-link\" aria-label=\"+385 (0)98 388 652\"><div class=\"w-iconbox-icon\" style=\"font-size:2rem;\"><i class=\"fas fa-phone\"><\/i><\/div><\/a><div class=\"w-iconbox-meta\"><h5 class=\"w-iconbox-title\"><a href=\"tel:0038598388652\" class=\"w-iconbox-link\" aria-label=\"+385 (0)98 388 652\">+385 (0)98 388 652<\/a><\/h5><\/div><\/div><div class=\"w-separator size_small\"><\/div><div class=\"w-iconbox iconpos_left style_default color_primary align_none no_text\"><a href=\"tel:00385917855837\" class=\"w-iconbox-link\" aria-label=\"+385 (0)91 7855 837\"><div class=\"w-iconbox-icon\" style=\"font-size:2rem;\"><i class=\"fas fa-phone\"><\/i><\/div><\/a><div class=\"w-iconbox-meta\"><h5 class=\"w-iconbox-title\"><a href=\"tel:00385917855837\" class=\"w-iconbox-link\" aria-label=\"+385 (0)91 7855 837\">+385 (0)91 7855 837<\/a><\/h5><\/div><\/div><div class=\"w-separator size_medium\"><\/div><div class=\"w-iconbox iconpos_left style_default color_primary align_none no_text icontype_img\"><a target=\"_blank\" href=\"https:\/\/api.whatsapp.com\/send?phone=38598388652\" class=\"w-iconbox-link\" aria-label=\"Kontaktirajte nas preko WhatsApp\"><div class=\"w-iconbox-icon\" style=\"font-size:2rem;\"><img loading=\"lazy\" decoding=\"async\" width=\"50\" height=\"50\" src=\"https:\/\/www.guardiandampremoval.com\/wp-content\/uploads\/whatsapp-icon.png\" class=\"attachment-full size-full\" alt=\"\" srcset=\"https:\/\/www.guardiandampremoval.com\/wp-content\/uploads\/whatsapp-icon.png 50w, https:\/\/www.guardiandampremoval.com\/wp-content\/uploads\/whatsapp-icon-12x12.png 12w\" sizes=\"auto, (max-width: 50px) 100vw, 50px\" \/><\/div><\/a><div class=\"w-iconbox-meta\"><h5 class=\"w-iconbox-title\"><a target=\"_blank\" href=\"https:\/\/api.whatsapp.com\/send?phone=38598388652\" class=\"w-iconbox-link\" aria-label=\"Kontaktirajte nas preko WhatsApp\">Kontaktirajte nas preko WhatsApp<\/a><\/h5><\/div><\/div><div class=\"w-separator size_medium\"><\/div><div class=\"w-iconbox iconpos_left style_default color_primary align_none no_text\"><a href=\"mailto:sales@guardiandampremoval.com\" class=\"w-iconbox-link\" aria-label=\"sales@guardiandampremoval.com\"><div class=\"w-iconbox-icon\" style=\"font-size:2rem;\"><i class=\"fas fa-envelope\"><\/i><\/div><\/a><div class=\"w-iconbox-meta\"><h6 class=\"w-iconbox-title\"><a href=\"mailto:sales@guardiandampremoval.com\" class=\"w-iconbox-link\" aria-label=\"sales@guardiandampremoval.com\">sales@guardiandampremoval.com<\/a><\/h6><\/div><\/div><\/div><\/div><\/div><\/div><\/section>\n<\/div><\/div><div class=\"wpb_column vc_column_container\"><div class=\"vc_column-inner\"><section class=\"l-section wpb_row height_medium\"><div class=\"l-section-h i-cf\"><div class=\"g-cols vc_row via_grid cols_1 laptops-cols_inherit tablets-cols_inherit mobiles-cols_1 valign_top type_default stacking_default\"><div class=\"wpb_column vc_column_container\"><div class=\"vc_column-inner\">\n<div class=\"wpcf7 no-js\" id=\"wpcf7-f3074-o2\" lang=\"sl-SI\" dir=\"ltr\" data-wpcf7-id=\"3074\">\n<div class=\"screen-reader-response\"><p role=\"status\" aria-live=\"polite\" aria-atomic=\"true\"><\/p> <ul><\/ul><\/div>\n<form action=\"\/sl\/wp-json\/wp\/v2\/pages\/540#wpcf7-f3074-o2\" method=\"post\" class=\"wpcf7-form init\" aria-label=\"Contact form\" novalidate=\"novalidate\" data-status=\"init\" data-trp-original-action=\"\/sl\/wp-json\/wp\/v2\/pages\/540#wpcf7-f3074-o2\">\n<fieldset class=\"hidden-fields-container\"><input type=\"hidden\" name=\"_wpcf7\" value=\"3074\" \/><input type=\"hidden\" name=\"_wpcf7_version\" value=\"6.1.5\" \/><input type=\"hidden\" name=\"_wpcf7_locale\" value=\"sl_SI\" \/><input type=\"hidden\" name=\"_wpcf7_unit_tag\" value=\"wpcf7-f3074-o2\" \/><input type=\"hidden\" name=\"_wpcf7_container_post\" value=\"0\" \/><input type=\"hidden\" name=\"_wpcf7_posted_data_hash\" value=\"\" \/><input type=\"hidden\" name=\"_wpcf7_recaptcha_response\" value=\"\" \/>\n<\/fieldset>\n<div class=\"uacf7-form-wrapper-container uacf7-form-3074\"><label> Va\u0161e polno ime* <span class=\"wpcf7-form-control-wrap\" data-name=\"your-name\"><input size=\"40\" maxlength=\"400\" class=\"wpcf7-form-control wpcf7-text wpcf7-validates-as-required\" autocomplete=\"name\" aria-required=\"true\" aria-invalid=\"false\" placeholder=\"Vnesite svoje ime in priimek*\" value=\"\" type=\"text\" name=\"your-name\" \/><\/span> <\/label><\/br>\n<label> Va\u0161 e-po\u0161tni naslov* <span class=\"wpcf7-form-control-wrap\" data-name=\"your-email\"><input size=\"40\" maxlength=\"400\" class=\"wpcf7-form-control wpcf7-email wpcf7-validates-as-required wpcf7-text wpcf7-validates-as-email\" autocomplete=\"email\" aria-required=\"true\" aria-invalid=\"false\" placeholder=\"Vnesite svoj e-po\u0161tni naslov*\" value=\"\" type=\"email\" name=\"your-email\" \/><\/span> <\/label><\/br>\n<label>Telefonska \u0161tevilka* <span class=\"wpcf7-form-control-wrap\" data-name=\"phonetext-55\"><input size=\"40\" class=\"wpcf7-form-control wpcf7-phonetext wpcf7-validates-as-required wpcf7-text wpcf7-validates-as-phonetext\" aria-required=\"true\" aria-invalid=\"false\" placeholder=\"Vnesite svojo telefonsko \u0161tevilko*\" value=\"\" type=\"text\" name=\"phonetext-55\" \/><input type=\"hidden\" name=\"phonetext-55-country-code\" class=\"wpcf7-phonetext-country-code\" \/><\/span><\/label><\/br>\n<label> Va\u0161e sporo\u010dilo* <span class=\"wpcf7-form-control-wrap\" data-name=\"your-message\"><textarea cols=\"40\" rows=\"10\" maxlength=\"2000\" class=\"wpcf7-form-control wpcf7-textarea wpcf7-validates-as-required\" aria-required=\"true\" aria-invalid=\"false\" placeholder=\"Vnesite svoje besedilno sporo\u010dilo*\" name=\"your-message\"><\/textarea><\/span> <\/label><\/br>\n\nStran je za\u0161\u010ditena s sistemom reCAPTCHA in Googlovo  <a href=\"https:\/\/policies.google.com\/privacy\" target=\"_blank\">&nbsp;veljajo pravila uporabe &nbsp;<\/a> in <a href=\"https:\/\/policies.google.com\/terms\" target=\"_blank\">&nbsp;pogoji storitve<\/a>\n<\/br><\/br>\n<input class=\"wpcf7-form-control wpcf7-submit has-spinner\" type=\"submit\" value=\"Po\u0161lji\" \/><\/div><div class=\"wpcf7-response-output\" aria-hidden=\"true\"><\/div>\n<input type=\"hidden\" name=\"trp-form-language\" value=\"sl\"\/><\/form>\n<\/div>\n<\/div><\/div><\/div><\/div><\/section>\n<\/div><\/div><\/div><\/div><\/div><\/div><\/div><\/section><section class=\"l-section wpb_row height_medium\" id=\"about-us\"><div class=\"l-section-h i-cf\"><div class=\"g-cols vc_row via_grid cols_1 laptops-cols_inherit tablets-cols_inherit mobiles-cols_1 valign_top type_default stacking_default\"><div class=\"wpb_column vc_column_container\"><div class=\"vc_column-inner\"><div class=\"wpb_text_column\"><div class=\"wpb_wrapper\"><h1 style=\"text-align: center;\">O avtorju<\/h1>\n<\/div><\/div><div class=\"w-separator size_medium\"><\/div><div class=\"g-cols wpb_row via_grid cols_3 laptops-cols_inherit tablets-cols_inherit mobiles-cols_1 valign_top type_default stacking_default\" style=\"--columns-gap:3rem;\" id=\"history\"><div class=\"wpb_column vc_column_container\"><div class=\"vc_column-inner\"><h2 style=\"text-align: center;font-family:Bad Script;font-weight:400;font-style:normal\" class=\"vc_custom_heading vc_do_custom_heading us_custom_cda6f729\" >\"Cessante Causa, Cessat Effectus\"<\/h2><div class=\"w-separator size_medium\"><\/div><div class=\"w-image align_center\"><div class=\"w-image-h\"><img decoding=\"async\" width=\"200\" height=\"165\" src=\"https:\/\/www.guardiandampremoval.com\/wp-content\/uploads\/iskustvo-sl.png\" class=\"attachment-us_200_200 size-us_200_200\" alt=\"\" loading=\"lazy\" srcset=\"https:\/\/www.guardiandampremoval.com\/wp-content\/uploads\/iskustvo-sl.png 200w, https:\/\/www.guardiandampremoval.com\/wp-content\/uploads\/iskustvo-sl-15x12.png 15w, https:\/\/www.guardiandampremoval.com\/wp-content\/uploads\/iskustvo-sl-150x124.png 150w\" sizes=\"auto, (max-width: 200px) 100vw, 200px\" \/><\/div><\/div><\/div><\/div><div class=\"wpb_column vc_column_container\"><div class=\"vc_column-inner\"><div class=\"wpb_text_column\"><div class=\"wpb_wrapper\"><p>Kot pravi na\u0161 slogan - <em>Cessante Causa, Cessat Effectus<\/em> (Ko preneha vzrok, preneha tudi posledica), smo razvili izdelek, ki odpravlja vzrok, tako da ne boste imeli te\u017eav zaradi dvigajo\u010de se vlage.<\/p>\n<p>Claudo Mador Plus je podjetje, ki ga je soustanovil Ivica Bosiljevac, inovator, ki je v svojem \u017eivljenju ustvaril pet razli\u010dnih izumov. Vsak od njih je popolnoma edinstven, vendar imajo vsi eno skupno lastnost - delujejo na elektriko.<\/p>\n<p>V svoji poklicni karieri elektri\u010darja je Ivica delal v razli\u010dnih panogah - od zdravstva in draguljarstva do proizvodnje svetil - kjer je imel nalogo oblikovati stroje, ki so poenostavljali delovne procese.<\/p>\n<\/div><\/div><\/div><\/div><div class=\"wpb_column vc_column_container\"><div class=\"vc_column-inner\"><div class=\"wpb_text_column\"><div class=\"wpb_wrapper\"><p>Hkrati je \u017eivel v stari hi\u0161i, ki je bila podvr\u017eena vlagi. Ker ni mogel prena\u0161ati neprijetnega vonja vlage, je za\u010del raziskovati silo, ki proti te\u017enosti potiska vodo v stene.<\/p>\n<p>Konec devetdesetih let prej\u0161njega stoletja je razvil prvo generacijo naprav za prepre\u010devanje dviga vlage in sanacijo vlage v stenah. Po 15 letih izku\u0161enj je ustvaril drugo generacijo s hitrej\u0161imi rezultati, \u010distej\u0161imi signali in \u0161tevilnimi nadgradnjami.<\/p>\n<p>Trenutno pripravlja novo inovacijo, povezano s prevozom in medicino, vendar bo kmalu razkril ve\u010d podrobnosti...<\/p>\n<\/div><\/div><\/div><\/div><\/div><\/div><\/div><\/div><\/div><\/section><section class=\"l-section wpb_row height_medium\"><div class=\"l-section-h i-cf\"><div class=\"g-cols vc_row via_grid cols_1 laptops-cols_inherit tablets-cols_inherit mobiles-cols_1 valign_top type_default stacking_default\"><div class=\"wpb_column vc_column_container\"><div class=\"vc_column-inner\"><div class=\"wpb_text_column\"><div class=\"wpb_wrapper\"><h1 style=\"text-align: center;\">Podrobnosti o podjetju<\/h1>\n<\/div><\/div><div class=\"w-separator size_medium\"><\/div><div class=\"g-cols wpb_row via_grid cols_1-2 laptops-cols_inherit tablets-cols_inherit mobiles-cols_1 valign_top type_default stacking_default\" style=\"--columns-gap:3rem;\" id=\"history\"><div class=\"wpb_column vc_column_container\"><div class=\"vc_column-inner\"><div class=\"w-image align_center\"><div class=\"w-image-h\"><img decoding=\"async\" width=\"200\" height=\"61\" src=\"https:\/\/www.guardiandampremoval.com\/wp-content\/uploads\/logo_claudo-mador-plus-200x61.png\" class=\"attachment-us_200_200 size-us_200_200\" alt=\"\" loading=\"lazy\" srcset=\"https:\/\/www.guardiandampremoval.com\/wp-content\/uploads\/logo_claudo-mador-plus-200x61.png 200w, https:\/\/www.guardiandampremoval.com\/wp-content\/uploads\/logo_claudo-mador-plus-300x91.png 300w, https:\/\/www.guardiandampremoval.com\/wp-content\/uploads\/logo_claudo-mador-plus-600x182.png 600w, https:\/\/www.guardiandampremoval.com\/wp-content\/uploads\/logo_claudo-mador-plus.png 619w\" sizes=\"auto, (max-width: 200px) 100vw, 200px\" \/><\/div><\/div><\/div><\/div><div class=\"wpb_column vc_column_container\"><div class=\"vc_column-inner\"><div class=\"wpb_text_column\"><div class=\"wpb_wrapper\">\n<table id=\"tablepress-5\" class=\"tablepress tablepress-id-5\">\n<tbody>\n<tr class=\"row-1\">\n\t<td class=\"column-1\">Ime podjetja:<\/td><td class=\"column-2\">Claudo Mador plus d.o.o.<\/td>\n<\/tr>\n<tr class=\"row-2\">\n\t<td class=\"column-1\">Ulica:<\/td><td class=\"column-2\">Ulica grada Vukovara 237D<\/td>\n<\/tr>\n<tr class=\"row-3\">\n\t<td class=\"column-1\">Po\u0161tna \u0161tevilka:<\/td><td class=\"column-2\">10000<\/td>\n<\/tr>\n<tr class=\"row-4\">\n\t<td class=\"column-1\">Mesto \/ kraj:<\/td><td class=\"column-2\">Zagreb<\/td>\n<\/tr>\n<tr class=\"row-5\">\n\t<td class=\"column-1\">Dr\u017eava:<\/td><td class=\"column-2\">Hrva\u0161ka<\/td>\n<\/tr>\n<tr class=\"row-6\">\n\t<td class=\"column-1\">ID ZA DDV: <\/td><td class=\"column-2\">HR13923658980<\/td>\n<\/tr>\n<tr class=\"row-7\">\n\t<td class=\"column-1\">IBAN:<\/td><td class=\"column-2\">HR9624020061100760023<\/td>\n<\/tr>\n<tr class=\"row-8\">\n\t<td class=\"column-1\">Banka:<\/td><td class=\"column-2\">Erste&amp;Steierm\u00e4rkische Bank d.d.<\/td>\n<\/tr>\n<tr class=\"row-9\">\n\t<td class=\"column-1\">SWIFT\/BIC: <\/td><td class=\"column-2\">ESBCHR22<\/td>\n<\/tr>\n<\/tbody>\n<\/table>\n<!-- #tablepress-5 from cache -->\n<\/div><\/div><\/div><\/div><\/div><\/div><\/div><\/div><\/div><\/section><section class=\"l-section wpb_row height_small color_primary with_img parallax_ver\"><div class=\"l-section-img\" role=\"img\" aria-label=\"Slika\" data-img-width=\"1024\" data-img-height=\"729\" style=\"background-image: url(https:\/\/www.guardiandampremoval.com\/wp-content\/uploads\/zelenilo.webp);\"><\/div><div class=\"l-section-h i-cf\"><div class=\"g-cols vc_row via_grid cols_1 laptops-cols_inherit tablets-cols_inherit mobiles-cols_1 valign_middle type_default stacking_default\"><div class=\"wpb_column vc_column_container\"><div class=\"vc_column-inner\"><div class=\"w-actionbox color_primary controls_bottom\"><div class=\"w-actionbox-text\"><h3 class=\"w-actionbox-title\">Za\u0161\u010ditite svoj dom in izbolj\u0161ajte kakovost svojega \u017eivljenja!<\/h3><\/div><div class=\"w-actionbox-controls\"><a class=\"w-btn us-btn-style_2\" style=\"font-size:18px\" href=\"https:\/\/www.guardiandampremoval.com\/sl\/trgovina\/\"><span class=\"w-btn-label\">Obi\u0161\u010dite na\u0161o trgovino<\/span><\/a><\/div><\/div><\/div><\/div><\/div><\/div><\/section>","protected":false},"excerpt":{"rendered":"Contact Support working hoursMonday to Friday from 9a.m. to 5p.m. +386 (0)40 850 098+386 (0)40 850 123+385 (0)1 209 44 00+385 (0)1 209 33 00+385 (0)98 388 652+385 (0)91 7855 837Contact us via WhatsAppsales@guardiandampremoval.com Your full name* Your email* Phone number* Your message* The page is protected using the reCAPTCHA system and Google's &nbsp;usage rules...","protected":false},"author":1,"featured_media":0,"parent":0,"menu_order":0,"comment_status":"closed","ping_status":"closed","template":"","meta":{"footnotes":""},"class_list":["post-540","page","type-page","status-publish","hentry"],"_links":{"self":[{"href":"https:\/\/www.guardiandampremoval.com\/sl\/wp-json\/wp\/v2\/pages\/540","targetHints":{"allow":["GET"]}}],"collection":[{"href":"https:\/\/www.guardiandampremoval.com\/sl\/wp-json\/wp\/v2\/pages"}],"about":[{"href":"https:\/\/www.guardiandampremoval.com\/sl\/wp-json\/wp\/v2\/types\/page"}],"author":[{"embeddable":true,"href":"https:\/\/www.guardiandampremoval.com\/sl\/wp-json\/wp\/v2\/users\/1"}],"replies":[{"embeddable":true,"href":"https:\/\/www.guardiandampremoval.com\/sl\/wp-json\/wp\/v2\/comments?post=540"}],"version-history":[{"count":37,"href":"https:\/\/www.guardiandampremoval.com\/sl\/wp-json\/wp\/v2\/pages\/540\/revisions"}],"predecessor-version":[{"id":3644,"href":"https:\/\/www.guardiandampremoval.com\/sl\/wp-json\/wp\/v2\/pages\/540\/revisions\/3644"}],"wp:attachment":[{"href":"https:\/\/www.guardiandampremoval.com\/sl\/wp-json\/wp\/v2\/media?parent=540"}],"curies":[{"name":"wp","href":"https:\/\/api.w.org\/{rel}","templated":true}]}}