{"id":2603,"date":"2024-08-03T21:44:09","date_gmt":"2024-08-03T21:44:09","guid":{"rendered":"https:\/\/www.guardiandampremoval.com\/?post_type=product&#038;p=2603"},"modified":"2025-03-10T12:26:59","modified_gmt":"2025-03-10T12:26:59","slug":"guardian-damp-removal-pro-25","status":"publish","type":"product","link":"https:\/\/www.guardiandampremoval.com\/sl\/product\/guardian-damp-removal-pro-25\/","title":{"rendered":"GUARDIAN damp removal PRO 25"},"content":{"rendered":"<p>Delovni polmer tega modela je<strong> 25 metrov (82 \u010devljev)<\/strong> od to\u010dke namestitve v \"idealnih pogojih\". V \"idealnih pogojih\" se \u0161teje, da je prva stena oddaljena 25 metrov. Ker signal pri prehodu skozi ve\u010d sten oslabi, se dejanska razdalja zmanj\u0161a, zato je<strong>najprimernej\u0161i polo\u017eaj za namestitev naprave v sredi\u0161\u010du stavbe.<\/strong><\/p>\n<p>Ta model je najmo\u010dnej\u0161i v seriji PRO in se najpogosteje uporablja za zelo velike in javne objekte. Vgrajeni \u0161tevec ur omogo\u010da spremljanje, kako dolgo naprava pravilno deluje. \u010ce pride do napake, se \u0161tevec ur ustavi. V objektih z veliko fluktuacijo ljudi je klju\u010dno vedeti, ali je naprava delovala neprekinjeno ali pa jo je nekdo izklopil.<\/p>\n<p><strong>V ve\u010djih objektih bo morda potrebnih ve\u010d naprav.<\/strong> \u010ce ima stavba notranje armiranobetonske stene s kovinsko mre\u017eo, se lahko u\u010dinkovitost naprave zmanj\u0161a, zato je treba namestiti dodatne enote za premostitev armiranih sten.<\/p>\n<p><strong>Za optimalne rezultate je nujna vti\u010dnica z ozemljenim priklju\u010dkom.<\/strong> (ozemljitvena \u017eica mora biti v stiku z zemljo s pomo\u010djo ozemljitvenih sond, palic ali trakov).<\/p>\n<p>Stene va\u0161e stavbe se bodo posu\u0161ile v obdobju od <strong>6 do 12 mesecev,<\/strong> saj naprava povzro\u010di, da se vlaga vrne nazaj v tla, podobno kot se je dvignila po stenah - skozi mikrokapilarne pore v stenah.<\/p>\n<p><strong>Neprijeten vonj po vlagi se bo razpr\u0161il veliko prej.<\/strong><\/p>","protected":false},"excerpt":{"rendered":"<p>Delovni radij tega modela je 25 metrov (82 \u010devljev) od to\u010dke namestitve in se ve\u010dinoma uporablja za poslovne stavbe.<\/p>","protected":false},"featured_media":2564,"template":"","meta":[],"product_brand":[],"product_cat":[28,30],"product_tag":[],"class_list":{"0":"post-2603","1":"product","2":"type-product","3":"status-publish","4":"has-post-thumbnail","6":"product_cat-guardian-damp-removal","7":"product_cat-pro","9":"first","10":"instock","11":"taxable","12":"shipping-taxable","13":"product-type-variable"},"_links":{"self":[{"href":"https:\/\/www.guardiandampremoval.com\/sl\/wp-json\/wp\/v2\/product\/2603","targetHints":{"allow":["GET"]}}],"collection":[{"href":"https:\/\/www.guardiandampremoval.com\/sl\/wp-json\/wp\/v2\/product"}],"about":[{"href":"https:\/\/www.guardiandampremoval.com\/sl\/wp-json\/wp\/v2\/types\/product"}],"wp:featuredmedia":[{"embeddable":true,"href":"https:\/\/www.guardiandampremoval.com\/sl\/wp-json\/wp\/v2\/media\/2564"}],"wp:attachment":[{"href":"https:\/\/www.guardiandampremoval.com\/sl\/wp-json\/wp\/v2\/media?parent=2603"}],"wp:term":[{"taxonomy":"product_brand","embeddable":true,"href":"https:\/\/www.guardiandampremoval.com\/sl\/wp-json\/wp\/v2\/product_brand?post=2603"},{"taxonomy":"product_cat","embeddable":true,"href":"https:\/\/www.guardiandampremoval.com\/sl\/wp-json\/wp\/v2\/product_cat?post=2603"},{"taxonomy":"product_tag","embeddable":true,"href":"https:\/\/www.guardiandampremoval.com\/sl\/wp-json\/wp\/v2\/product_tag?post=2603"}],"curies":[{"name":"wp","href":"https:\/\/api.w.org\/{rel}","templated":true}]}}